{"id":18294,"date":"2021-10-15T14:02:02","date_gmt":"2021-10-15T12:02:02","guid":{"rendered":"https:\/\/www.qxworld.eu\/?page_id=18294"},"modified":"2021-10-19T11:09:36","modified_gmt":"2021-10-19T09:09:36","slug":"omnis-update-old","status":"publish","type":"page","link":"https:\/\/www.qxworld.eu\/ro\/omnis-update-old\/","title":{"rendered":"Omnis Update [OLD]"},"content":{"rendered":"<h1 style=\"\">Face\u021bi un salt \u0219i vizita\u021bi noul site web al QX World!<\/h1>\n<h1 style=\"\">Face\u021bi un salt \u0219i vizita\u021bi noul site web al QX World!<\/h1>\n<p><span><img loading=\"lazy\" decoding=\"async\" alt=\"\" data-id=\"71\" data-init-width=\"1000\" data-init-height=\"417\" title=\"omnis_logo_wh\" src=\"https:\/\/www.qxworld.eu\/wp-content\/uploads\/2021\/10\/omnis_logo_wh-1.png\" data-width=\"457\" data-height=\"191\" style=\"\" width=\"457\" height=\"191\"><\/span><\/p>\n<h1 style=\"text-align: center;\">OMNIS ESTE AICI<\/h1>\n<p style=\"text-align: center;\">UPDATE YOUR SCIO, EDUCTOR &amp; INDIGO DEVICES NOW!<\/p>\n<h2 style=\"text-align: center;\">DE CE UPGRADE?<\/h2>\n<p><span style=\"\"><img loading=\"lazy\" decoding=\"async\" alt=\"\" data-id=\"18403\" data-init-width=\"1920\" data-init-height=\"1403\" title=\"webside_01\" src=\"https:\/\/www.qxworld.eu\/wp-content\/uploads\/2021\/10\/webside_01.jpg\" data-width=\"422\" data-height=\"308\" style=\"\" width=\"422\" height=\"308\" ml-d=\"0\" mt-d=\"-350.5315\"><\/span><\/p>\n<h4 style=\"\">ASPECT \u0218I EXPERIEN\u021a\u0102 DE UTILIZARE NOI<\/h4>\n<p>An amazing facelift providing user friendliness, visually more attractive, using uniform backgrounds, reorganized and same size buttons, categorizing by\u00a0color\u00a0use background and much more!<\/p>\n<h4 style=\"\">RECUNOA\u0218TEREA AUTOMAT\u0102 A DISPOZITIVELOR<\/h4>\n<p>Recunoa\u0219terea automat\u0103 a dispozitivului: programul recunoa\u0219te automat dispozitivul conectat, nu este nevoie s\u0103 seta\u021bi portul de comunicare, pute\u021bi conecta \u0219i deconecta dispozitivul \u00een timpul sesiunii f\u0103r\u0103 a fi nevoie s\u0103 \u00eenchide\u021bi programul principal!<\/p>\n<h4 style=\"\">ACTIVARE RA\u021aIONALIZAT\u0102<\/h4>\n<p>Centralized update and activation from the QXSUBSPACE App. What does that mean? You will no longer need to start the program to activate!<\/p>\n<p>Activate in the App, then run your program with no interruptions, quick and easy!&nbsp;<\/p>\n<h4 style=\"\">RAPORTARE \u00ceMBUN\u0102T\u0102\u021aIT\u0102<\/h4>\n<p style=\"\">Func\u021bia Smart Report pe mai multe niveluri, oferind clientului \u0219i terapeutului informa\u021bii valoroase \u0219i conforme!<\/p>\n<p><span><img loading=\"lazy\" decoding=\"async\" alt=\"\" data-id=\"18418\" data-init-width=\"1920\" data-init-height=\"1403\" title=\"webside_02\" src=\"https:\/\/www.qxworld.eu\/wp-content\/uploads\/2021\/10\/webside_02.jpg\" data-width=\"488\" data-height=\"357\" style=\"\" width=\"488\" height=\"357\" mt-d=\"0\"><\/span><span style=\"\"><img loading=\"lazy\" decoding=\"async\" alt=\"\" data-id=\"19422\" data-init-width=\"1920\" data-init-height=\"1403\" title=\"webside_03\" src=\"https:\/\/www.qxworld.eu\/wp-content\/uploads\/2021\/10\/webside_03.jpg\" data-width=\"534\" data-height=\"390\" style=\"\" width=\"534\" height=\"390\" ml-d=\"0\" mt-d=\"-350.5315\"><\/span><\/p>\n<h4>SCHIMBAREA LIMBII PE LOC<\/h4>\n<p dir=\"ltr\">Comutator de limb\u0103 live: trece\u021bi de la limba englez\u0103 la o alt\u0103 limb\u0103 \u00ceN TIMPUL desf\u0103\u0219ur\u0103rii sesiunii!&nbsp;<\/p>\n<h4 style=\"\">FUNC\u021aIONEAZ\u0102 CU \u0218I MAI MULTE DISPOZITIVE!<\/h4>\n<p dir=\"ltr\">Communication with the device completely rewritten to be faster, more efficient and adaptable to create compatibility with other operating systems like iOS, Mac, Linux, Android.<\/p>\n<h2 style=\"text-align: center;\">CUM S\u0102 FACE\u021aI UPGRADE?<\/h2>\n<h1 style=\"\">Face\u021bi cuno\u0219tin\u021b\u0103 cu toate func\u021biile noi!<\/h1>\n<p style=\"\">Desc\u0103rca\u021bi ghidul de ini\u021biere OMNIS!<\/p>\n<h2 style=\"text-align: center;\">Bonuses!<\/h2>\n<p style=\"text-align: center;\">Am preg\u0103tit c\u00e2teva bun\u0103t\u0103\u021bi suplimentare pentru tine!<\/p>\n<h4 data-hide=\"true\" style=\"text-align: center;\">OMNIS \u2013 A PORTAL TO A NEW DIMENSION<\/h4>\n<h4 data-hide=\"true\" style=\"text-align: center;\">MANUAL DE ACTUALIZARE DETALIAT<\/h4>\n<h4 data-hide=\"true\" style=\"text-align: center;\">MANUAL OMNIS SMART REPORT<\/h4>\n<h4 data-hide=\"true\" style=\"text-align: center;\">NOUL MANUAL DE SCANARE DEGEN<\/h4>\n<h2 style=\"text-align: center;\">QXSTRIENI CARE IUBESC OMNIS<\/h2>\n<p><span><img loading=\"lazy\" decoding=\"async\" alt=\"\" data-id=\"2999\" data-init-width=\"250\" data-init-height=\"250\" title=\"Ommi_testimonial-7\" src=\"https:\/\/www.qxworld.eu\/wp-content\/uploads\/2021\/10\/Ommi_testimonial-7.jpg\" data-width=\"100\" data-height=\"100\" style=\"\" width=\"100\" height=\"100\"><\/span><\/p>\n<h5 style=\"text-align: center;\">Dr. Julia S., Baltimore<\/h5>\n<p style=\"\">\"OMNIS ad\u00e2nce\u0219te cu adev\u0103rat cuno\u0219tin\u021bele pe care le ob\u021binem \u00een timpul sesiunilor noastre, este cu siguran\u021b\u0103 o \u00eembun\u0103t\u0103\u021bire fa\u021b\u0103 de EDUCTOR64\"<\/p>\n<p><span><img loading=\"lazy\" decoding=\"async\" alt=\"\" data-id=\"2997\" data-init-width=\"250\" data-init-height=\"250\" title=\"Ommi_testimonial-5\" src=\"https:\/\/www.qxworld.eu\/wp-content\/uploads\/2021\/10\/Ommi_testimonial-5.jpg\" data-width=\"100\" data-height=\"100\" style=\"\" width=\"100\" height=\"100\"><\/span><\/p>\n<h5 style=\"text-align: center;\">Dr. Muhammad D., New Delhi<\/h5>\n<p style=\"\">\"Ceea ce \u00eemi place \u00een mod deosebit la OMNIS este modul \u00een care \u00eencorporeaz\u0103 toate aceste module complexe.\"<\/p>\n<p><span><img loading=\"lazy\" decoding=\"async\" alt=\"\" data-id=\"3001\" data-init-width=\"250\" data-init-height=\"250\" title=\"Ommi_testimonial-10\" src=\"https:\/\/www.qxworld.eu\/wp-content\/uploads\/2021\/10\/Ommi_testimonial-10.jpg\" data-width=\"100\" data-height=\"100\" style=\"\" width=\"100\" height=\"100\"><\/span><\/p>\n<h5 style=\"text-align: center;\">Genevieve A., Paris<\/h5>\n<p style=\"\">\"U\u0219or de utilizat, greu de st\u0103p\u00e2nit. Din fericire, oamenii de la QX \u0219i cantitatea enorm\u0103 de materiale educa\u021bionale m\u0103 ajut\u0103 s\u0103 \u021bin pasul cu noile caracteristici.\"<\/p>\n<p style=\"text-align: center;\">Disclaimer on privacyTo respect the law on patient privacy and medical confidentiality, some names and illustrations were altered<\/p>\n<h2 style=\"\">Devino un QXstrian!<\/h2>\n<p style=\"\">Abona\u021bi-v\u0103 la buletinul nostru informativ!<\/p>","protected":false},"excerpt":{"rendered":"<p>Take a leap and check out the brand new website of QX World! Take a leap and check out the brand new website of QX World! OMNIS IS HERE UPDATE YOUR SCIO, EDUCTOR &amp; INDIGO DEVICES NOW! WHY UPGRADE? BRAND NEW LOOKS AND USER EXPERIENCE An amazing facelift providing user friendliness, visually more attractive, using [&hellip;]<\/p>\n","protected":false},"author":28,"featured_media":0,"parent":0,"menu_order":0,"comment_status":"closed","ping_status":"closed","template":"","meta":{"_acf_changed":false,"_seopress_robots_primary_cat":"","_seopress_titles_title":"","_seopress_titles_desc":"","_seopress_robots_index":"","footnotes":""},"class_list":["post-18294","page","type-page","status-publish","hentry"],"acf":[],"_links":{"self":[{"href":"https:\/\/www.qxworld.eu\/ro\/wp-json\/wp\/v2\/pages\/18294","targetHints":{"allow":["GET"]}}],"collection":[{"href":"https:\/\/www.qxworld.eu\/ro\/wp-json\/wp\/v2\/pages"}],"about":[{"href":"https:\/\/www.qxworld.eu\/ro\/wp-json\/wp\/v2\/types\/page"}],"author":[{"embeddable":true,"href":"https:\/\/www.qxworld.eu\/ro\/wp-json\/wp\/v2\/users\/28"}],"replies":[{"embeddable":true,"href":"https:\/\/www.qxworld.eu\/ro\/wp-json\/wp\/v2\/comments?post=18294"}],"version-history":[{"count":0,"href":"https:\/\/www.qxworld.eu\/ro\/wp-json\/wp\/v2\/pages\/18294\/revisions"}],"wp:attachment":[{"href":"https:\/\/www.qxworld.eu\/ro\/wp-json\/wp\/v2\/media?parent=18294"}],"curies":[{"name":"wp","href":"https:\/\/api.w.org\/{rel}","templated":true}]}}