{"id":202822,"date":"2022-10-13T13:06:29","date_gmt":"2022-10-13T11:06:29","guid":{"rendered":"https:\/\/www.qxworld.eu\/?page_id=202822"},"modified":"2022-10-17T14:59:04","modified_gmt":"2022-10-17T12:59:04","slug":"sesiuni-de-putere-omnis","status":"publish","type":"page","link":"https:\/\/www.qxworld.eu\/ro\/omnis-power-sessions\/","title":{"rendered":"Omnis Power Sessions"},"content":{"rendered":"<div data-elementor-type=\"wp-page\" data-elementor-id=\"202822\" class=\"elementor elementor-202822\" data-elementor-post-type=\"page\">\n\t\t\t\t\t\t<section class=\"elementor-section elementor-top-section elementor-element elementor-element-06cbdb3 elementor-section-full_width elementor-section-height-min-height elementor-section-height-default elementor-section-items-middle\" data-id=\"06cbdb3\" data-element_type=\"section\" data-e-type=\"section\" data-settings=\"{&quot;jet_parallax_layout_list&quot;:[],&quot;background_background&quot;:&quot;classic&quot;}\">\n\t\t\t\t\t\t<div class=\"elementor-container elementor-column-gap-default\">\n\t\t\t\t\t<div class=\"elementor-column elementor-col-33 elementor-top-column elementor-element elementor-element-ceacc17\" data-id=\"ceacc17\" data-element_type=\"column\" data-e-type=\"column\">\n\t\t\t<div class=\"elementor-widget-wrap elementor-element-populated\">\n\t\t\t\t\t\t<div class=\"elementor-element elementor-element-429a3d6 elementor-widget elementor-widget-heading\" data-id=\"429a3d6\" data-element_type=\"widget\" data-e-type=\"widget\" data-widget_type=\"heading.default\">\n\t\t\t\t<div class=\"elementor-widget-container\">\n\t\t\t\t\t<h2 class=\"elementor-heading-title elementor-size-default\">AL\u0102TUR\u0102-TE URM\u0102TORULUI NOSTRU<\/h2>\t\t\t\t<\/div>\n\t\t\t\t<\/div>\n\t\t\t\t<div class=\"elementor-element elementor-element-100006b elementor-widget elementor-widget-heading\" data-id=\"100006b\" data-element_type=\"widget\" data-e-type=\"widget\" data-widget_type=\"heading.default\">\n\t\t\t\t<div class=\"elementor-widget-container\">\n\t\t\t\t\t<h2 class=\"elementor-heading-title elementor-size-default\">OMNIS POWER<br> SESIUNE<\/h2>\t\t\t\t<\/div>\n\t\t\t\t<\/div>\n\t\t\t\t\t<\/div>\n\t\t<\/div>\n\t\t\t\t<div class=\"elementor-column elementor-col-33 elementor-top-column elementor-element elementor-element-8eba8e9\" data-id=\"8eba8e9\" data-element_type=\"column\" data-e-type=\"column\">\n\t\t\t<div class=\"elementor-widget-wrap elementor-element-populated\">\n\t\t\t\t\t\t<div class=\"elementor-element elementor-element-1b9db84 elementor-widget elementor-widget-image\" data-id=\"1b9db84\" data-element_type=\"widget\" data-e-type=\"widget\" data-widget_type=\"image.default\">\n\t\t\t\t<div class=\"elementor-widget-container\">\n\t\t\t\t\t\t\t\t\t\t\t\t\t\t\t<img fetchpriority=\"high\" decoding=\"async\" width=\"473\" height=\"473\" src=\"https:\/\/www.qxworld.eu\/wp-content\/uploads\/2022\/10\/join-our-next-omnis-power-session-image.png\" class=\"attachment-large size-large wp-image-202893\" alt=\"\" srcset=\"https:\/\/www.qxworld.eu\/wp-content\/uploads\/2022\/10\/join-our-next-omnis-power-session-image.png 473w, https:\/\/www.qxworld.eu\/wp-content\/uploads\/2022\/10\/join-our-next-omnis-power-session-image-300x300.png 300w, https:\/\/www.qxworld.eu\/wp-content\/uploads\/2022\/10\/join-our-next-omnis-power-session-image-150x150.png 150w, https:\/\/www.qxworld.eu\/wp-content\/uploads\/2022\/10\/join-our-next-omnis-power-session-image-100x100.png 100w\" sizes=\"(max-width: 473px) 100vw, 473px\" \/>\t\t\t\t\t\t\t\t\t\t\t\t\t\t\t<\/div>\n\t\t\t\t<\/div>\n\t\t\t\t\t<\/div>\n\t\t<\/div>\n\t\t\t\t<div class=\"elementor-column elementor-col-33 elementor-top-column elementor-element elementor-element-b9ec885\" data-id=\"b9ec885\" data-element_type=\"column\" data-e-type=\"column\">\n\t\t\t<div class=\"elementor-widget-wrap elementor-element-populated\">\n\t\t\t\t\t\t<div class=\"elementor-element elementor-element-331cdad elementor-widget elementor-widget-image\" data-id=\"331cdad\" data-element_type=\"widget\" data-e-type=\"widget\" data-widget_type=\"image.default\">\n\t\t\t\t<div class=\"elementor-widget-container\">\n\t\t\t\t\t\t\t\t\t\t\t\t\t\t\t<img decoding=\"async\" width=\"134\" height=\"102\" src=\"https:\/\/www.qxworld.eu\/wp-content\/uploads\/2022\/10\/join-our-next-omnis-power-session-logo.png\" class=\"attachment-large size-large wp-image-202894\" alt=\"\" \/>\t\t\t\t\t\t\t\t\t\t\t\t\t\t\t<\/div>\n\t\t\t\t<\/div>\n\t\t\t\t\t<\/div>\n\t\t<\/div>\n\t\t\t\t\t<\/div>\n\t\t<\/section>\n\t\t\t\t<section class=\"elementor-section elementor-top-section elementor-element elementor-element-ae2a814 elementor-section-boxed elementor-section-height-default elementor-section-height-default\" data-id=\"ae2a814\" data-element_type=\"section\" data-e-type=\"section\" data-settings=\"{&quot;jet_parallax_layout_list&quot;:[]}\">\n\t\t\t\t\t\t<div class=\"elementor-container elementor-column-gap-default\">\n\t\t\t\t\t<div class=\"elementor-column elementor-col-100 elementor-top-column elementor-element elementor-element-778161b\" data-id=\"778161b\" data-element_type=\"column\" data-e-type=\"column\">\n\t\t\t<div class=\"elementor-widget-wrap elementor-element-populated\">\n\t\t\t\t\t\t<div class=\"elementor-element elementor-element-1b8cd51 elementor-widget elementor-widget-heading\" data-id=\"1b8cd51\" data-element_type=\"widget\" data-e-type=\"widget\" data-widget_type=\"heading.default\">\n\t\t\t\t<div class=\"elementor-widget-container\">\n\t\t\t\t\t<h4 class=\"elementor-heading-title elementor-size-default\">Scurt \u0219i puternic. Suntem bucuro\u0219i s\u0103 v\u0103 invit\u0103m la noua noastr\u0103 serie, Omnis Power Sessions!<\/h4>\t\t\t\t<\/div>\n\t\t\t\t<\/div>\n\t\t\t\t\t<\/div>\n\t\t<\/div>\n\t\t\t\t\t<\/div>\n\t\t<\/section>\n\t\t\t\t<section class=\"elementor-section elementor-top-section elementor-element elementor-element-f160087 elementor-section-boxed elementor-section-height-default elementor-section-height-default\" data-id=\"f160087\" data-element_type=\"section\" data-e-type=\"section\" data-settings=\"{&quot;jet_parallax_layout_list&quot;:[]}\">\n\t\t\t\t\t\t<div class=\"elementor-container elementor-column-gap-default\">\n\t\t\t\t\t<div class=\"elementor-column elementor-col-50 elementor-top-column elementor-element elementor-element-c6dce1c\" data-id=\"c6dce1c\" data-element_type=\"column\" data-e-type=\"column\" data-settings=\"{&quot;background_background&quot;:&quot;classic&quot;}\">\n\t\t\t<div class=\"elementor-widget-wrap elementor-element-populated\">\n\t\t\t\t\t\t<div class=\"elementor-element elementor-element-363a766 elementor-widget elementor-widget-text-editor\" data-id=\"363a766\" data-element_type=\"widget\" data-e-type=\"widget\" data-widget_type=\"text-editor.default\">\n\t\t\t\t<div class=\"elementor-widget-container\">\n\t\t\t\t\t\t\t\t\t<p>De la na\u0219terea sa, <strong>Academia Mondial\u0103 de S\u0103n\u0103tate QX<\/strong> dore\u0219te s\u0103 redea oamenilor \u0219i societ\u0103\u021bii controlul asupra propriei s\u0103n\u0103t\u0103\u021bi. Oferim medicilor \u0219i terapeu\u021bilor o perspectiv\u0103 asupra func\u021bion\u0103rii software-ului nostru \u0219i a interac\u021biunii dintre cele 3 sisteme principale care lucreaz\u0103 \u00eempreun\u0103 \u00een corpul nostru: creierul, metabolismul \u0219i sistemul imunitar.<\/p>\t\t\t\t\t\t\t\t<\/div>\n\t\t\t\t<\/div>\n\t\t\t\t\t<\/div>\n\t\t<\/div>\n\t\t\t\t<div class=\"elementor-column elementor-col-50 elementor-top-column elementor-element elementor-element-57180ba\" data-id=\"57180ba\" data-element_type=\"column\" data-e-type=\"column\" data-settings=\"{&quot;background_background&quot;:&quot;classic&quot;}\">\n\t\t\t<div class=\"elementor-widget-wrap elementor-element-populated\">\n\t\t\t\t\t\t<div class=\"elementor-element elementor-element-119b346 elementor-widget elementor-widget-text-editor\" data-id=\"119b346\" data-element_type=\"widget\" data-e-type=\"widget\" data-widget_type=\"text-editor.default\">\n\t\t\t\t<div class=\"elementor-widget-container\">\n\t\t\t\t\t\t\t\t\t<p><strong>OMNIS<\/strong> furnizeaz\u0103 cea mai cuprinz\u0103toare \u0219i interconectat\u0103 baz\u0103 de sistem holistic de s\u0103n\u0103tate cunoscut\u0103 \u0219i v\u0103 ofer\u0103 un cadru de g\u00e2ndire unic, multifactorial \u0219i cauzal. \u00cen acest fel, \u00eencepe\u021bi s\u0103 vede\u021bi solu\u021bii la provoc\u0103rile cu care a\u021bi putea fi blocat ca terapeut \u00een practica dumneavoastr\u0103.<\/p>\t\t\t\t\t\t\t\t<\/div>\n\t\t\t\t<\/div>\n\t\t\t\t\t<\/div>\n\t\t<\/div>\n\t\t\t\t\t<\/div>\n\t\t<\/section>\n\t\t\t\t<section class=\"elementor-section elementor-top-section elementor-element elementor-element-9e17591 elementor-section-boxed elementor-section-height-default elementor-section-height-default\" data-id=\"9e17591\" data-element_type=\"section\" data-e-type=\"section\" data-settings=\"{&quot;jet_parallax_layout_list&quot;:[]}\">\n\t\t\t\t\t\t<div class=\"elementor-container elementor-column-gap-default\">\n\t\t\t\t\t<div class=\"elementor-column elementor-col-100 elementor-top-column elementor-element elementor-element-ba09753\" data-id=\"ba09753\" data-element_type=\"column\" data-e-type=\"column\">\n\t\t\t<div class=\"elementor-widget-wrap elementor-element-populated\">\n\t\t\t\t\t\t<div class=\"elementor-element elementor-element-e85527e elementor-widget elementor-widget-text-editor\" data-id=\"e85527e\" data-element_type=\"widget\" data-e-type=\"widget\" data-widget_type=\"text-editor.default\">\n\t\t\t\t<div class=\"elementor-widget-container\">\n\t\t\t\t\t\t\t\t\t<p>De aceea, a\u0219tept\u0103m cu ner\u0103bdare s\u0103 v\u0103 vedem \u00een timpul noii serii de <strong>Sesiuni de putere OMNIS<\/strong>. Acestea sunt momente live unice \u00een care v\u0103 conducem timp de o or\u0103 \u0219i jum\u0103tate prin primii pa\u0219i ai bogatei structuri OMNIS. Fiecare prelegere din cadrul unei sesiuni OMNIS Power Session se concentreaz\u0103 pe unul sau mai multe panouri sau module din Omnis. Pornim de acolo pentru a explica viziunea construit\u0103 \u00een OMNIS.<\/p>\t\t\t\t\t\t\t\t<\/div>\n\t\t\t\t<\/div>\n\t\t\t\t\t<\/div>\n\t\t<\/div>\n\t\t\t\t\t<\/div>\n\t\t<\/section>\n\t\t\t\t<section class=\"elementor-section elementor-top-section elementor-element elementor-element-b711371 elementor-section-boxed elementor-section-height-default elementor-section-height-default\" data-id=\"b711371\" data-element_type=\"section\" data-e-type=\"section\" data-settings=\"{&quot;jet_parallax_layout_list&quot;:[]}\">\n\t\t\t\t\t\t<div class=\"elementor-container elementor-column-gap-default\">\n\t\t\t\t\t<div class=\"elementor-column elementor-col-100 elementor-top-column elementor-element elementor-element-2a180ff\" data-id=\"2a180ff\" data-element_type=\"column\" data-e-type=\"column\">\n\t\t\t<div class=\"elementor-widget-wrap elementor-element-populated\">\n\t\t\t\t\t\t<div class=\"elementor-element elementor-element-a53665c elementor-widget elementor-widget-heading\" data-id=\"a53665c\" data-element_type=\"widget\" data-e-type=\"widget\" data-widget_type=\"heading.default\">\n\t\t\t\t<div class=\"elementor-widget-container\">\n\t\t\t\t\t<h4 class=\"elementor-heading-title elementor-size-default\">Ordine de zi<\/h4>\t\t\t\t<\/div>\n\t\t\t\t<\/div>\n\t\t\t\t<div class=\"elementor-element elementor-element-1612375 elementor-widget elementor-widget-shortcode\" data-id=\"1612375\" data-element_type=\"widget\" data-e-type=\"widget\" data-widget_type=\"shortcode.default\">\n\t\t\t\t<div class=\"elementor-widget-container\">\n\t\t\t\t\t\t\t<div class=\"elementor-shortcode\"><!-- EventON Calendar --><div id='evcal_calendar_540' class='list_cal ajde_evcal_calendar sev cev color esty_2 ul etttc_custom' data-cal=''><div id='evcal_head' class='calendar_header' ><div class='evo_cal_above evodfx evofx_dr_r marb5 evofx_ww'><button class='cal_head_btn evo-gototoday-btn' style='' data-mo='5' data-yr='2026' data-dy='' aria-label='Du-te la ast\u0103zi'>Luna curent\u0103<\/button><\/div><div class='evo_cal_above_content'><\/div><div class='evo_header_title'><\/div><\/div><div id='eventon_loadbar_section'><div id='eventon_loadbar'><\/div><\/div><!-- Events List --><div class='evo_events_list_box'><div id='evcal_list' class='eventon_events_list sep_months evcal_list_month'><div class='evcal_month_line' data-d='eml_5_2026' data-su='1777586400'><p>Mai 2026<\/p><\/div><div class='sep_month_events no_event' data-d='eml_5_2026' data-range='1777586400_1780264799'><div class='eventon_list_event no_events'><p class='no_events' >F\u0103r\u0103 evenimente<\/p><\/div><\/div><div class='evcal_month_line' data-d='eml_6_2026' data-su='1780264800'><p>Iunie 2026<\/p><\/div><div class='sep_month_events no_event' data-d='eml_6_2026' data-range='1780264800_1782856799'><div class='eventon_list_event no_events'><p class='no_events' >F\u0103r\u0103 evenimente<\/p><\/div><\/div><div class='evcal_month_line' data-d='eml_7_2026' data-su='1782856800'><p>Iulie 2026<\/p><\/div><div class='sep_month_events no_event' data-d='eml_7_2026' data-range='1782856800_1785535199'><div class='eventon_list_event no_events'><p class='no_events' >F\u0103r\u0103 evenimente<\/p><\/div><\/div><div class='evcal_month_line' data-d='eml_8_2026' data-su='1785535200'><p>August 2026<\/p><\/div><div class='sep_month_events no_event' data-d='eml_8_2026' data-range='1785535200_1788213599'><div class='eventon_list_event no_events'><p class='no_events' >F\u0103r\u0103 evenimente<\/p><\/div><\/div><div class='evcal_month_line' data-d='eml_9_2026' data-su='1788213600'><p>Septembrie 2026<\/p><\/div><div class='sep_month_events no_event' data-d='eml_9_2026' data-range='1788213600_1790805599'><div class='eventon_list_event no_events'><p class='no_events' >F\u0103r\u0103 evenimente<\/p><\/div><\/div><div class='evcal_month_line' data-d='eml_10_2026' data-su='1790805600'><p>Octombrie 2026<\/p><\/div><div class='sep_month_events no_event' data-d='eml_10_2026' data-range='1790805600_1793487599'><div class='eventon_list_event no_events'><p class='no_events' >F\u0103r\u0103 evenimente<\/p><\/div><\/div><div class='evcal_month_line' data-d='eml_11_2026' data-su='1793487600'><p>Noiembrie 2026<\/p><\/div><div class='sep_month_events no_event' data-d='eml_11_2026' data-range='1793487600_1796079599'><div class='eventon_list_event no_events'><p class='no_events' >F\u0103r\u0103 evenimente<\/p><\/div><\/div><div class='evcal_month_line' data-d='eml_12_2026' data-su='1796079600'><p>Decembrie 2026<\/p><\/div><div class='sep_month_events no_event' data-d='eml_12_2026' data-range='1796079600_1798757999'><div class='eventon_list_event no_events'><p class='no_events' >F\u0103r\u0103 evenimente<\/p><\/div><\/div><div class='evcal_month_line' data-d='eml_1_2027' data-su='1798758000'><p>Ianuarie 2027<\/p><\/div><div class='sep_month_events no_event' data-d='eml_1_2027' data-range='1798758000_1801436399'><div class='eventon_list_event no_events'><p class='no_events' >F\u0103r\u0103 evenimente<\/p><\/div><\/div>\t\t\t<\/div>\r\n\t\t\t<\/div><!-- evo_events_list_box -->\t\r\n\t\t\t<div class='clear'><\/div>\r\n\t\t\t\t\t \t<div id='evcal_footer' class='evo_bottom' style='display:none'>\r\n\t\t \t\t<div class='evo_cal_data' data-sc=\"{&quot;accord&quot;:&quot;yes&quot;,&quot;bottom_nav&quot;:&quot;no&quot;,&quot;cal_id&quot;:&quot;&quot;,&quot;cal_init_nonajax&quot;:&quot;no&quot;,&quot;calendar_type&quot;:&quot;list&quot;,&quot;control_style&quot;:&quot;def&quot;,&quot;day_incre&quot;:0,&quot;el_type&quot;:&quot;ue&quot;,&quot;ep_fields&quot;:&quot;&quot;,&quot;etc_override&quot;:&quot;no&quot;,&quot;evc_open&quot;:&quot;no&quot;,&quot;event_count&quot;:0,&quot;event_location&quot;:&quot;all&quot;,&quot;event_order&quot;:&quot;ASC&quot;,&quot;event_organizer&quot;:&quot;all&quot;,&quot;event_parts&quot;:&quot;no&quot;,&quot;event_past_future&quot;:&quot;future&quot;,&quot;event_speaker&quot;:&quot;all&quot;,&quot;event_status&quot;:&quot;all&quot;,&quot;event_tag&quot;:&quot;all&quot;,&quot;event_type&quot;:&quot;167&quot;,&quot;event_type_2&quot;:&quot;all&quot;,&quot;event_virtual&quot;:&quot;all&quot;,&quot;eventtop_date_style&quot;:0,&quot;eventtop_style&quot;:&quot;2&quot;,&quot;exp_jumper&quot;:&quot;no&quot;,&quot;exp_so&quot;:&quot;yes&quot;,&quot;filter_relationship&quot;:&quot;AND&quot;,&quot;filter_show_set_only&quot;:&quot;no&quot;,&quot;filter_style&quot;:&quot;default&quot;,&quot;filter_type&quot;:&quot;default&quot;,&quot;filters&quot;:&quot;yes&quot;,&quot;fixed_day&quot;:&quot;7&quot;,&quot;fixed_month&quot;:&quot;5&quot;,&quot;fixed_year&quot;:&quot;2026&quot;,&quot;focus_end_date_range&quot;:&quot;1801436399&quot;,&quot;focus_start_date_range&quot;:&quot;1777586400&quot;,&quot;ft_event_priority&quot;:&quot;yes&quot;,&quot;grid_ux&quot;:0,&quot;heat&quot;:&quot;no&quot;,&quot;hide_arrows&quot;:&quot;no&quot;,&quot;hide_cancels&quot;:&quot;no&quot;,&quot;hide_countdown&quot;:&quot;no&quot;,&quot;hide_empty_months&quot;:&quot;no&quot;,&quot;hide_end_time&quot;:&quot;no&quot;,&quot;hide_et_dn&quot;:&quot;no&quot;,&quot;hide_et_extra&quot;:&quot;no&quot;,&quot;hide_et_tags&quot;:&quot;no&quot;,&quot;hide_et_tl&quot;:&quot;no&quot;,&quot;hide_ft&quot;:&quot;no&quot;,&quot;hide_ft_img&quot;:&quot;no&quot;,&quot;hide_month_headers&quot;:&quot;no&quot;,&quot;hide_mult_occur&quot;:&quot;no&quot;,&quot;hide_past&quot;:&quot;yes&quot;,&quot;hide_past_by&quot;:&quot;ee&quot;,&quot;hide_so&quot;:&quot;no&quot;,&quot;hide_sort_options&quot;:&quot;no&quot;,&quot;hover&quot;:&quot;number&quot;,&quot;ics&quot;:&quot;no&quot;,&quot;jumper&quot;:&quot;no&quot;,&quot;jumper_count&quot;:5,&quot;jumper_offset&quot;:&quot;0&quot;,&quot;lang&quot;:&quot;L1&quot;,&quot;layout_changer&quot;:&quot;no&quot;,&quot;livenow_bar&quot;:&quot;yes&quot;,&quot;load_fullmonth&quot;:&quot;no&quot;,&quot;mapformat&quot;:&quot;roadmap&quot;,&quot;mapiconurl&quot;:&quot;&quot;,&quot;maps_load&quot;:&quot;yes&quot;,&quot;mapscroll&quot;:&quot;true&quot;,&quot;mapzoom&quot;:&quot;18&quot;,&quot;members_only&quot;:&quot;no&quot;,&quot;ml_priority&quot;:&quot;no&quot;,&quot;ml_toend&quot;:&quot;no&quot;,&quot;mo1st&quot;:&quot;&quot;,&quot;month_incre&quot;:0,&quot;nexttogrid&quot;:&quot;no&quot;,&quot;number_of_months&quot;:&quot;9&quot;,&quot;only_ft&quot;:&quot;no&quot;,&quot;pec&quot;:&quot;&quot;,&quot;s&quot;:&quot;&quot;,&quot;search&quot;:&quot;&quot;,&quot;search_all&quot;:&quot;no&quot;,&quot;sep_month&quot;:&quot;yes&quot;,&quot;show_et_ft_img&quot;:&quot;no&quot;,&quot;show_limit&quot;:&quot;no&quot;,&quot;show_limit_ajax&quot;:&quot;no&quot;,&quot;show_limit_paged&quot;:1,&quot;show_limit_redir&quot;:&quot;&quot;,&quot;show_repeats&quot;:&quot;no&quot;,&quot;show_search&quot;:&quot;no&quot;,&quot;show_upcoming&quot;:0,&quot;show_year&quot;:&quot;yes&quot;,&quot;slide_auto&quot;:&quot;no&quot;,&quot;slide_hide_control&quot;:&quot;no&quot;,&quot;slide_nav_dots&quot;:&quot;no&quot;,&quot;slide_pause_hover&quot;:&quot;no&quot;,&quot;slide_style&quot;:&quot;def&quot;,&quot;slider_pause&quot;:&quot;2000&quot;,&quot;slider_speed&quot;:&quot;400&quot;,&quot;slider_type&quot;:&quot;def&quot;,&quot;slides_visible&quot;:1,&quot;social_share&quot;:&quot;no&quot;,&quot;sort_by&quot;:&quot;sort_date&quot;,&quot;style&quot;:&quot;&quot;,&quot;tile_bg&quot;:0,&quot;tile_bg_size&quot;:&quot;full&quot;,&quot;tile_count&quot;:2,&quot;tile_height&quot;:0,&quot;tile_style&quot;:0,&quot;tiles&quot;:&quot;no&quot;,&quot;ux_val&quot;:&quot;1&quot;,&quot;view_switcher&quot;:&quot;no&quot;,&quot;wpml_l1&quot;:&quot;&quot;,&quot;wpml_l2&quot;:&quot;&quot;,&quot;wpml_l3&quot;:&quot;&quot;,&quot;x_ids&quot;:&quot;&quot;,&quot;yl_priority&quot;:&quot;no&quot;,&quot;yl_toend&quot;:&quot;no&quot;,&quot;_cver&quot;:&quot;5.0.6&quot;}\" data-filter_data=\"[]\" data-nav_data=\"{&quot;month_title&quot;:&quot;&lt;p id=&#039;evcal_cur&#039; class=&#039;evo_month_title padr10&#039;&gt; May, 2026&lt;\\\/p&gt;&quot;,&quot;arrows&quot;:&quot;&lt;p class=&#039;evo_arrows&#039;&gt;\\r\\n\\t\\t\\t\\t\\t&lt;button id=&#039;evcal_prev&#039; class=&#039;evcal_arrows evcal_btn_prev evodfx evofx_jc_c evofx_ai_c&#039; aria-label=&#039;Previous Month&#039;&gt;&lt;i class=&#039;fa fa-chevron-left&#039; aria-hidden=&#039;true&#039;&gt;&lt;\\\/i&gt;&lt;\\\/button&gt;\\r\\n\\t\\t\\t\\t\\t&lt;button id=&#039;evcal_next&#039; class=&#039;evcal_arrows evo_arrow_next evcal_btn_next evodfx evofx_jc_c evofx_ai_c&#039; aria-label=&#039;Next Month&#039;&gt;&lt;i class=&#039;fa fa-chevron-right&#039; aria-hidden=&#039;true&#039;&gt;&lt;\\\/i&gt;&lt;\\\/button&gt;\\r\\n\\t\\t\\t\\t\\t&lt;\\\/p&gt;&quot;}\" data-od=\"{&quot;lang_no_events&quot;:&quot;No Events&quot;,&quot;cal_tz_offset&quot;:120,&quot;cal_tz&quot;:&quot;Europe\\\/Budapest&quot;}\" ><\/div>\r\n\t\t \t\t<div class='evo_cal_events' data-events=\"\"><\/div>\r\n\t\t \t<\/div>\r\n\t\t\t\t\r\n\t\t\t<div class='evo_cal_footer_tz'>Zona de timp a calendarului: GMT+02:00<\/div>\r\n\t\t\t\t\t\t<\/div><!-- EventON End -->\r\n\t\t\t<\/div>\n\t\t\t\t\t\t<\/div>\n\t\t\t\t<\/div>\n\t\t\t\t\t<\/div>\n\t\t<\/div>\n\t\t\t\t\t<\/div>\n\t\t<\/section>\n\t\t\t\t<\/div>","protected":false},"excerpt":{"rendered":"<p>JOIN OUR NEXT OMNIS POWER SESSION Short and powerful. We are happy to invite you to our new series, the Omnis Power Sessions! Since its birth, the QX World Health Academy wants to give back control to people and society over one&#8217;s own health. We offer doctors and therapists insight into the functioning of our [&hellip;]<\/p>\n","protected":false},"author":1913,"featured_media":0,"parent":0,"menu_order":0,"comment_status":"closed","ping_status":"closed","template":"elementor_header_footer","meta":{"_acf_changed":false,"_seopress_robots_primary_cat":"","_seopress_titles_title":"","_seopress_titles_desc":"","_seopress_robots_index":"","footnotes":""},"class_list":["post-202822","page","type-page","status-publish","hentry"],"acf":[],"_links":{"self":[{"href":"https:\/\/www.qxworld.eu\/ro\/wp-json\/wp\/v2\/pages\/202822","targetHints":{"allow":["GET"]}}],"collection":[{"href":"https:\/\/www.qxworld.eu\/ro\/wp-json\/wp\/v2\/pages"}],"about":[{"href":"https:\/\/www.qxworld.eu\/ro\/wp-json\/wp\/v2\/types\/page"}],"author":[{"embeddable":true,"href":"https:\/\/www.qxworld.eu\/ro\/wp-json\/wp\/v2\/users\/1913"}],"replies":[{"embeddable":true,"href":"https:\/\/www.qxworld.eu\/ro\/wp-json\/wp\/v2\/comments?post=202822"}],"version-history":[{"count":0,"href":"https:\/\/www.qxworld.eu\/ro\/wp-json\/wp\/v2\/pages\/202822\/revisions"}],"wp:attachment":[{"href":"https:\/\/www.qxworld.eu\/ro\/wp-json\/wp\/v2\/media?parent=202822"}],"curies":[{"name":"wp","href":"https:\/\/api.w.org\/{rel}","templated":true}]}}