{"id":217268,"date":"2024-08-16T16:52:16","date_gmt":"2024-08-16T14:52:16","guid":{"rendered":"https:\/\/www.qxworld.eu\/?page_id=217268"},"modified":"2025-06-16T16:16:27","modified_gmt":"2025-06-16T14:16:27","slug":"aplicatie-de-rugaciune","status":"publish","type":"page","link":"https:\/\/www.qxworld.eu\/ro\/products\/prayer-app\/","title":{"rendered":"Aplica\u021bie de rug\u0103ciune"},"content":{"rendered":"<div data-elementor-type=\"wp-page\" data-elementor-id=\"217268\" class=\"elementor elementor-217268\" data-elementor-post-type=\"page\">\n\t\t\t\t<div class=\"elementor-element elementor-element-d49e75c e-flex e-con-boxed e-con e-parent\" data-id=\"d49e75c\" data-element_type=\"container\" data-e-type=\"container\" data-settings=\"{&quot;background_background&quot;:&quot;classic&quot;,&quot;jet_parallax_layout_list&quot;:[]}\">\n\t\t\t\t\t<div class=\"e-con-inner\">\n\t\t<div class=\"elementor-element elementor-element-0005cf0 e-con-full e-flex e-con e-child\" data-id=\"0005cf0\" data-element_type=\"container\" data-e-type=\"container\" data-settings=\"{&quot;jet_parallax_layout_list&quot;:[]}\">\n\t\t\t\t<div class=\"elementor-element elementor-element-c001b64 elementor-widget elementor-widget-image\" data-id=\"c001b64\" data-element_type=\"widget\" data-e-type=\"widget\" data-widget_type=\"image.default\">\n\t\t\t\t<div class=\"elementor-widget-container\">\n\t\t\t\t\t\t\t\t\t\t\t\t\t\t\t<img fetchpriority=\"high\" decoding=\"async\" width=\"477\" height=\"170\" src=\"https:\/\/www.qxworld.eu\/wp-content\/uploads\/2024\/08\/prayer-top-logo.png\" class=\"attachment-large size-large wp-image-217279\" alt=\"Text logo Energie Aer\" srcset=\"https:\/\/www.qxworld.eu\/wp-content\/uploads\/2024\/08\/prayer-top-logo.png 477w, https:\/\/www.qxworld.eu\/wp-content\/uploads\/2024\/08\/prayer-top-logo-300x107.png 300w, https:\/\/www.qxworld.eu\/wp-content\/uploads\/2024\/08\/prayer-top-logo-18x6.png 18w\" sizes=\"(max-width: 477px) 100vw, 477px\" \/>\t\t\t\t\t\t\t\t\t\t\t\t\t\t\t<\/div>\n\t\t\t\t<\/div>\n\t\t\t\t<\/div>\n\t\t<div class=\"elementor-element elementor-element-1f73045 e-con-full e-flex e-con e-child\" data-id=\"1f73045\" data-element_type=\"container\" data-e-type=\"container\" data-settings=\"{&quot;jet_parallax_layout_list&quot;:[]}\">\n\t\t\t\t<div class=\"elementor-element elementor-element-b95f4a6 elementor-widget elementor-widget-heading\" data-id=\"b95f4a6\" data-element_type=\"widget\" data-e-type=\"widget\" data-widget_type=\"heading.default\">\n\t\t\t\t<div class=\"elementor-widget-container\">\n\t\t\t\t\t<h1 class=\"elementor-heading-title elementor-size-default\">Rug\u0103ciune 24\/7 Spiritual<br \/> Software de asisten\u021b\u0103<\/h1>\t\t\t\t<\/div>\n\t\t\t\t<\/div>\n\t\t\t\t<\/div>\n\t\t\t\t\t<\/div>\n\t\t\t\t<\/div>\n\t\t<div class=\"elementor-element elementor-element-f37a514 e-con-full e-flex e-con e-parent\" data-id=\"f37a514\" data-element_type=\"container\" data-e-type=\"container\" data-settings=\"{&quot;jet_parallax_layout_list&quot;:[]}\">\n\t\t\t\t<div class=\"elementor-element elementor-element-09e4aad elementor-widget elementor-widget-heading\" data-id=\"09e4aad\" data-element_type=\"widget\" data-e-type=\"widget\" data-widget_type=\"heading.default\">\n\t\t\t\t<div class=\"elementor-widget-container\">\n\t\t\t\t\t<h2 class=\"elementor-heading-title elementor-size-default\">Experimenta\u021bi armonia spiritual\u0103 \u0219i emo\u021bional\u0103 ca niciodat\u0103 cu ajutorul Rug\u0103ciunii, cheia dvs. pentru relaxare profund\u0103, reducerea stresului \u0219i o via\u021b\u0103 echilibrat\u0103.<\/h2>\t\t\t\t<\/div>\n\t\t\t\t<\/div>\n\t\t\t\t<\/div>\n\t\t<div class=\"elementor-element elementor-element-fbc9c4c e-flex e-con-boxed e-con e-parent\" data-id=\"fbc9c4c\" data-element_type=\"container\" data-e-type=\"container\" data-settings=\"{&quot;jet_parallax_layout_list&quot;:[]}\">\n\t\t\t\t\t<div class=\"e-con-inner\">\n\t\t<div class=\"elementor-element elementor-element-837963d e-con-full e-flex e-con e-child\" data-id=\"837963d\" data-element_type=\"container\" data-e-type=\"container\" data-settings=\"{&quot;jet_parallax_layout_list&quot;:[]}\">\n\t\t\t\t<div class=\"elementor-element elementor-element-ee4afa8 elementor-widget elementor-widget-heading\" data-id=\"ee4afa8\" data-element_type=\"widget\" data-e-type=\"widget\" data-widget_type=\"heading.default\">\n\t\t\t\t<div class=\"elementor-widget-container\">\n\t\t\t\t\t<h2 class=\"elementor-heading-title elementor-size-default\">Iat\u0103 cum func\u021bioneaz\u0103<\/h2>\t\t\t\t<\/div>\n\t\t\t\t<\/div>\n\t\t\t\t<div class=\"elementor-element elementor-element-ebd2eeb elementor-widget elementor-widget-text-editor\" data-id=\"ebd2eeb\" data-element_type=\"widget\" data-e-type=\"widget\" data-widget_type=\"text-editor.default\">\n\t\t\t\t<div class=\"elementor-widget-container\">\n\t\t\t\t\t\t\t\t\t<p>Rug\u0103ciunea este un software revolu\u021bionar conceput pentru a func\u021biona independent de dispozitivul dvs. de Biofeedback, func\u021bion\u00e2nd perfect \u00een fundal 24\/7. Exploat\u00e2nd conceptul de c\u00e2mpuri energetice subtile care \u00eenconjoar\u0103 fiecare persoan\u0103, acest instrument integreaz\u0103 frecven\u021be hololingvistice puternice generate de CPU, adaptate la intr\u0103rile dvs. unice \u0219i la cele ale clien\u021bilor dvs.<\/p>\t\t\t\t\t\t\t\t<\/div>\n\t\t\t\t<\/div>\n\t\t\t\t<\/div>\n\t\t<div class=\"elementor-element elementor-element-c93c1d9 e-con-full e-flex e-con e-child\" data-id=\"c93c1d9\" data-element_type=\"container\" data-e-type=\"container\" data-settings=\"{&quot;background_background&quot;:&quot;classic&quot;,&quot;jet_parallax_layout_list&quot;:[]}\">\n\t\t\t\t<\/div>\n\t\t\t\t\t<\/div>\n\t\t\t\t<\/div>\n\t\t<div class=\"elementor-element elementor-element-17f64c9 e-flex e-con-boxed e-con e-parent\" data-id=\"17f64c9\" data-element_type=\"container\" data-e-type=\"container\" data-settings=\"{&quot;jet_parallax_layout_list&quot;:[]}\">\n\t\t\t\t\t<div class=\"e-con-inner\">\n\t\t<div class=\"elementor-element elementor-element-0661532 e-con-full e-flex e-con e-child\" data-id=\"0661532\" data-element_type=\"container\" data-e-type=\"container\" data-settings=\"{&quot;jet_parallax_layout_list&quot;:[]}\">\n\t\t\t\t<div class=\"elementor-element elementor-element-0f8a663 elementor-widget elementor-widget-heading\" data-id=\"0f8a663\" data-element_type=\"widget\" data-e-type=\"widget\" data-widget_type=\"heading.default\">\n\t\t\t\t<div class=\"elementor-widget-container\">\n\t\t\t\t\t<h2 class=\"elementor-heading-title elementor-size-default\">\u00cembr\u0103\u021bi\u0219a\u021bi \u00een\u021belepciunea str\u0103veche<\/h2>\t\t\t\t<\/div>\n\t\t\t\t<\/div>\n\t\t\t\t<div class=\"elementor-element elementor-element-d06c91b elementor-widget elementor-widget-text-editor\" data-id=\"d06c91b\" data-element_type=\"widget\" data-e-type=\"widget\" data-widget_type=\"text-editor.default\">\n\t\t\t\t<div class=\"elementor-widget-container\">\n\t\t\t\t\t\t\t\t\t<p>\u00cembr\u0103\u021bi\u0219a\u021bi filozofia tibetan\u0103 antic\u0103 \u00eentr-un mod modern cu programul Prayer. Acest software v\u0103 permite s\u0103 ad\u0103uga\u021bi propriile rug\u0103ciuni, mantre \u0219i afirma\u021bii, s\u0103 crea\u021bi sesiuni de grup \u0219i s\u0103 personaliza\u021bi experien\u021ba pentru a se potrivi nevoilor dumneavoastr\u0103. Prin difuzarea unei combina\u021bii de informa\u021bii \u0219i unde energetice, Prayer aduce un flux continuu de energie pozitiv\u0103 \u00een via\u021ba ta.<\/p>\t\t\t\t\t\t\t\t<\/div>\n\t\t\t\t<\/div>\n\t\t\t\t<\/div>\n\t\t<div class=\"elementor-element elementor-element-637c497 e-con-full e-flex e-con e-child\" data-id=\"637c497\" data-element_type=\"container\" data-e-type=\"container\" data-settings=\"{&quot;background_background&quot;:&quot;classic&quot;,&quot;jet_parallax_layout_list&quot;:[]}\">\n\t\t\t\t<\/div>\n\t\t\t\t\t<\/div>\n\t\t\t\t<\/div>\n\t\t<div class=\"elementor-element elementor-element-79ae133 e-con-full e-flex e-con e-parent\" data-id=\"79ae133\" data-element_type=\"container\" data-e-type=\"container\" data-settings=\"{&quot;jet_parallax_layout_list&quot;:[],&quot;background_background&quot;:&quot;classic&quot;}\">\n\t\t<div class=\"elementor-element elementor-element-e3e5833 e-flex e-con-boxed e-con e-child\" data-id=\"e3e5833\" data-element_type=\"container\" data-e-type=\"container\" data-settings=\"{&quot;jet_parallax_layout_list&quot;:[]}\">\n\t\t\t\t\t<div class=\"e-con-inner\">\n\t\t\t\t<div class=\"elementor-element elementor-element-fe0fbf8 elementor-widget elementor-widget-image\" data-id=\"fe0fbf8\" data-element_type=\"widget\" data-e-type=\"widget\" data-widget_type=\"image.default\">\n\t\t\t\t<div class=\"elementor-widget-container\">\n\t\t\t\t\t\t\t\t\t\t\t\t\t\t\t<img decoding=\"async\" width=\"300\" height=\"107\" src=\"https:\/\/www.qxworld.eu\/wp-content\/uploads\/2024\/08\/prayer-top-logo-300x107.png\" class=\"attachment-medium size-medium wp-image-217279\" alt=\"Text logo Energie Aer\" srcset=\"https:\/\/www.qxworld.eu\/wp-content\/uploads\/2024\/08\/prayer-top-logo-300x107.png 300w, https:\/\/www.qxworld.eu\/wp-content\/uploads\/2024\/08\/prayer-top-logo-18x6.png 18w, https:\/\/www.qxworld.eu\/wp-content\/uploads\/2024\/08\/prayer-top-logo.png 477w\" sizes=\"(max-width: 300px) 100vw, 300px\" \/>\t\t\t\t\t\t\t\t\t\t\t\t\t\t\t<\/div>\n\t\t\t\t<\/div>\n\t\t\t\t<div class=\"elementor-element elementor-element-5592119 elementor-widget elementor-widget-heading\" data-id=\"5592119\" data-element_type=\"widget\" data-e-type=\"widget\" data-widget_type=\"heading.default\">\n\t\t\t\t<div class=\"elementor-widget-container\">\n\t\t\t\t\t<h2 class=\"elementor-heading-title elementor-size-default\">Transform\u0103-\u021bi practicile spirituale \u0219i g\u0103se\u0219te-\u021bi echilibrul \u00een via\u021ba de zi cu zi cu Rug\u0103ciunea<sup>\u00ae<\/sup><\/h2>\t\t\t\t<\/div>\n\t\t\t\t<\/div>\n\t\t\t\t<div class=\"elementor-element elementor-element-23a382d elementor-widget elementor-widget-text-editor\" data-id=\"23a382d\" data-element_type=\"widget\" data-e-type=\"widget\" data-widget_type=\"text-editor.default\">\n\t\t\t\t<div class=\"elementor-widget-container\">\n\t\t\t\t\t\t\t\t\t<p>\u00cencepe-\u021bi ast\u0103zi c\u0103l\u0103toria c\u0103tre pacea interioar\u0103.<\/p>\t\t\t\t\t\t\t\t<\/div>\n\t\t\t\t<\/div>\n\t\t\t\t<div class=\"elementor-element elementor-element-3314a50 elementor-align-center elementor-widget elementor-widget-button\" data-id=\"3314a50\" data-element_type=\"widget\" data-e-type=\"widget\" data-widget_type=\"button.default\">\n\t\t\t\t<div class=\"elementor-widget-container\">\n\t\t\t\t\t\t\t\t\t<div class=\"elementor-button-wrapper\">\n\t\t\t\t\t<a class=\"elementor-button elementor-button-link elementor-size-sm elementor-animation-grow\" href=\"\/representative\/\">\n\t\t\t\t\t\t<span class=\"elementor-button-content-wrapper\">\n\t\t\t\t\t\t\t\t\t<span class=\"elementor-button-text\">Intra\u021bi \u00een contact<\/span>\n\t\t\t\t\t<\/span>\n\t\t\t\t\t<\/a>\n\t\t\t\t<\/div>\n\t\t\t\t\t\t\t\t<\/div>\n\t\t\t\t<\/div>\n\t\t\t\t\t<\/div>\n\t\t\t\t<\/div>\n\t\t\t\t<\/div>\n\t\t<div class=\"elementor-element elementor-element-d9d5a4b e-flex e-con-boxed e-con e-parent\" data-id=\"d9d5a4b\" data-element_type=\"container\" data-e-type=\"container\" data-settings=\"{&quot;jet_parallax_layout_list&quot;:[]}\">\n\t\t\t\t\t<div class=\"e-con-inner\">\n\t\t<div class=\"elementor-element elementor-element-d9a8726 e-con-full e-flex e-con e-child\" data-id=\"d9a8726\" data-element_type=\"container\" data-e-type=\"container\" data-settings=\"{&quot;jet_parallax_layout_list&quot;:[]}\">\n\t\t\t\t<div class=\"elementor-element elementor-element-fea3b5d elementor-widget elementor-widget-heading\" data-id=\"fea3b5d\" data-element_type=\"widget\" data-e-type=\"widget\" data-widget_type=\"heading.default\">\n\t\t\t\t<div class=\"elementor-widget-container\">\n\t\t\t\t\t<h2 class=\"elementor-heading-title elementor-size-default\">De ce s\u0103 alege\u021bi Rug\u0103ciunea?<\/h2>\t\t\t\t<\/div>\n\t\t\t\t<\/div>\n\t\t\t\t<\/div>\n\t\t<div class=\"elementor-element elementor-element-b2a7458 e-con-full e-flex e-con e-child\" data-id=\"b2a7458\" data-element_type=\"container\" data-e-type=\"container\" data-settings=\"{&quot;jet_parallax_layout_list&quot;:[]}\">\n\t\t<div class=\"elementor-element elementor-element-c9491b1 e-con-full e-flex e-con e-child\" data-id=\"c9491b1\" data-element_type=\"container\" data-e-type=\"container\" data-settings=\"{&quot;jet_parallax_layout_list&quot;:[]}\">\n\t\t<div class=\"elementor-element elementor-element-f793893 e-con-full e-flex e-con e-child\" data-id=\"f793893\" data-element_type=\"container\" data-e-type=\"container\" data-settings=\"{&quot;background_background&quot;:&quot;classic&quot;,&quot;jet_parallax_layout_list&quot;:[]}\">\n\t\t\t\t<\/div>\n\t\t<div class=\"elementor-element elementor-element-ba6ddb2 e-con-full e-flex e-con e-child\" data-id=\"ba6ddb2\" data-element_type=\"container\" data-e-type=\"container\" data-settings=\"{&quot;jet_parallax_layout_list&quot;:[]}\">\n\t\t\t\t<div class=\"elementor-element elementor-element-6bff5ea elementor-widget elementor-widget-heading\" data-id=\"6bff5ea\" data-element_type=\"widget\" data-e-type=\"widget\" data-widget_type=\"heading.default\">\n\t\t\t\t<div class=\"elementor-widget-container\">\n\t\t\t\t\t<h3 class=\"elementor-heading-title elementor-size-default\">Rug\u0103ciunea cuantic\u0103<br \/> Roat\u0103<\/h3>\t\t\t\t<\/div>\n\t\t\t\t<\/div>\n\t\t\t\t<\/div>\n\t\t<div class=\"elementor-element elementor-element-ead736c e-con-full e-flex e-con e-child\" data-id=\"ead736c\" data-element_type=\"container\" data-e-type=\"container\" data-settings=\"{&quot;jet_parallax_layout_list&quot;:[]}\">\n\t\t\t\t<div class=\"elementor-element elementor-element-38ee13e elementor-widget__width-initial elementor-widget elementor-widget-text-editor\" data-id=\"38ee13e\" data-element_type=\"widget\" data-e-type=\"widget\" data-widget_type=\"text-editor.default\">\n\t\t\t\t<div class=\"elementor-widget-container\">\n\t\t\t\t\t\t\t\t\t<p>Un instrument dinamic de vizualizare a rug\u0103ciunilor care circul\u0103 continuu energia, consolid\u00e2nd inten\u021biile \u0219i alinierea spiritual\u0103. Inspirat\u0103 de ro\u021bile de rug\u0103ciune tibetane, aceast\u0103 func\u021bie permite difuzarea energetic\u0103 a rug\u0103ciunilor, mantrelor \u0219i afirma\u021biilor.<\/p>\t\t\t\t\t\t\t\t<\/div>\n\t\t\t\t<\/div>\n\t\t\t\t<\/div>\n\t\t\t\t<\/div>\n\t\t<div class=\"elementor-element elementor-element-f632a18 e-con-full e-flex e-con e-child\" data-id=\"f632a18\" data-element_type=\"container\" data-e-type=\"container\" data-settings=\"{&quot;jet_parallax_layout_list&quot;:[]}\">\n\t\t<div class=\"elementor-element elementor-element-a5a0e9b e-con-full e-flex e-con e-child\" data-id=\"a5a0e9b\" data-element_type=\"container\" data-e-type=\"container\" data-settings=\"{&quot;background_background&quot;:&quot;classic&quot;,&quot;jet_parallax_layout_list&quot;:[]}\">\n\t\t\t\t<\/div>\n\t\t<div class=\"elementor-element elementor-element-128f808 e-con-full e-flex e-con e-child\" data-id=\"128f808\" data-element_type=\"container\" data-e-type=\"container\" data-settings=\"{&quot;jet_parallax_layout_list&quot;:[]}\">\n\t\t\t\t<div class=\"elementor-element elementor-element-d90b2ad elementor-widget elementor-widget-heading\" data-id=\"d90b2ad\" data-element_type=\"widget\" data-e-type=\"widget\" data-widget_type=\"heading.default\">\n\t\t\t\t<div class=\"elementor-widget-container\">\n\t\t\t\t\t<h3 class=\"elementor-heading-title elementor-size-default\">Terapia prin sunet \u0219i echilibrarea frecven\u021belor<\/h3>\t\t\t\t<\/div>\n\t\t\t\t<\/div>\n\t\t\t\t<\/div>\n\t\t<div class=\"elementor-element elementor-element-6cdef94 e-con-full e-flex e-con e-child\" data-id=\"6cdef94\" data-element_type=\"container\" data-e-type=\"container\" data-settings=\"{&quot;jet_parallax_layout_list&quot;:[]}\">\n\t\t\t\t<div class=\"elementor-element elementor-element-b981a01 elementor-widget__width-initial elementor-widget elementor-widget-text-editor\" data-id=\"b981a01\" data-element_type=\"widget\" data-e-type=\"widget\" data-widget_type=\"text-editor.default\">\n\t\t\t\t<div class=\"elementor-widget-container\">\n\t\t\t\t\t\t\t\t\t<p>Un modul de terapie sonor\u0103 \u00eencorporat care ofer\u0103 o gam\u0103 de frecven\u021be naturale, cum ar fi: C\u00e2ntece de p\u0103s\u0103ri, sunete din p\u0103durea tropical\u0103, strig\u0103te de balen\u0103 \u0219i furtuni pentru relaxare profund\u0103. Muzic\u0103 ripple \u0219i frecven\u021be armonice pentru restabilirea echilibrului. Conceput pentru a \u00eembun\u0103t\u0103\u021bi medita\u021bia, a reduce stresul \u0219i a sus\u021bine alinierea energetic\u0103.<\/p>\t\t\t\t\t\t\t\t<\/div>\n\t\t\t\t<\/div>\n\t\t\t\t<\/div>\n\t\t\t\t<\/div>\n\t\t\t\t<\/div>\n\t\t<div class=\"elementor-element elementor-element-b748751 e-con-full e-flex e-con e-child\" data-id=\"b748751\" data-element_type=\"container\" data-e-type=\"container\" data-settings=\"{&quot;jet_parallax_layout_list&quot;:[]}\">\n\t\t<div class=\"elementor-element elementor-element-f96e320 e-con-full e-flex e-con e-child\" data-id=\"f96e320\" data-element_type=\"container\" data-e-type=\"container\" data-settings=\"{&quot;jet_parallax_layout_list&quot;:[]}\">\n\t\t<div class=\"elementor-element elementor-element-7efc7f5 e-con-full e-flex e-con e-child\" data-id=\"7efc7f5\" data-element_type=\"container\" data-e-type=\"container\" data-settings=\"{&quot;background_background&quot;:&quot;classic&quot;,&quot;jet_parallax_layout_list&quot;:[]}\">\n\t\t\t\t<\/div>\n\t\t<div class=\"elementor-element elementor-element-b468706 e-con-full e-flex e-con e-child\" data-id=\"b468706\" data-element_type=\"container\" data-e-type=\"container\" data-settings=\"{&quot;jet_parallax_layout_list&quot;:[]}\">\n\t\t\t\t<div class=\"elementor-element elementor-element-beba6ae elementor-widget elementor-widget-heading\" data-id=\"beba6ae\" data-element_type=\"widget\" data-e-type=\"widget\" data-widget_type=\"heading.default\">\n\t\t\t\t<div class=\"elementor-widget-container\">\n\t\t\t\t\t<h3 class=\"elementor-heading-title elementor-size-default\">Client integrat<\/br>Management<\/h3>\t\t\t\t<\/div>\n\t\t\t\t<\/div>\n\t\t\t\t<\/div>\n\t\t<div class=\"elementor-element elementor-element-4a215e8 e-con-full e-flex e-con e-child\" data-id=\"4a215e8\" data-element_type=\"container\" data-e-type=\"container\" data-settings=\"{&quot;jet_parallax_layout_list&quot;:[]}\">\n\t\t\t\t<div class=\"elementor-element elementor-element-2e70a9b elementor-widget__width-initial elementor-widget elementor-widget-text-editor\" data-id=\"2e70a9b\" data-element_type=\"widget\" data-e-type=\"widget\" data-widget_type=\"text-editor.default\">\n\t\t\t\t<div class=\"elementor-widget-container\">\n\t\t\t\t\t\t\t\t\t<p>Stoca\u021bi \u0219i gestiona\u021bi profilurile clien\u021bilor, inclusiv detaliile personale, metricile energetice \u0219i istoricul rug\u0103ciunilor.<\/p>\t\t\t\t\t\t\t\t<\/div>\n\t\t\t\t<\/div>\n\t\t\t\t<\/div>\n\t\t\t\t<\/div>\n\t\t<div class=\"elementor-element elementor-element-f880733 e-con-full e-flex e-con e-child\" data-id=\"f880733\" data-element_type=\"container\" data-e-type=\"container\" data-settings=\"{&quot;jet_parallax_layout_list&quot;:[]}\">\n\t\t<div class=\"elementor-element elementor-element-97309c8 e-con-full e-flex e-con e-child\" data-id=\"97309c8\" data-element_type=\"container\" data-e-type=\"container\" data-settings=\"{&quot;background_background&quot;:&quot;classic&quot;,&quot;jet_parallax_layout_list&quot;:[]}\">\n\t\t\t\t<\/div>\n\t\t<div class=\"elementor-element elementor-element-c79f415 e-con-full e-flex e-con e-child\" data-id=\"c79f415\" data-element_type=\"container\" data-e-type=\"container\" data-settings=\"{&quot;jet_parallax_layout_list&quot;:[]}\">\n\t\t\t\t<div class=\"elementor-element elementor-element-082f44b elementor-widget elementor-widget-heading\" data-id=\"082f44b\" data-element_type=\"widget\" data-e-type=\"widget\" data-widget_type=\"heading.default\">\n\t\t\t\t<div class=\"elementor-widget-container\">\n\t\t\t\t\t<h3 class=\"elementor-heading-title elementor-size-default\">Unda Schumann \u0219i rezonan\u021ba armonic\u0103<\/h3>\t\t\t\t<\/div>\n\t\t\t\t<\/div>\n\t\t\t\t<\/div>\n\t\t<div class=\"elementor-element elementor-element-fc0e2c6 e-con-full e-flex e-con e-child\" data-id=\"fc0e2c6\" data-element_type=\"container\" data-e-type=\"container\" data-settings=\"{&quot;jet_parallax_layout_list&quot;:[]}\">\n\t\t\t\t<div class=\"elementor-element elementor-element-dc21d65 elementor-widget__width-initial elementor-widget elementor-widget-text-editor\" data-id=\"dc21d65\" data-element_type=\"widget\" data-e-type=\"widget\" data-widget_type=\"text-editor.default\">\n\t\t\t\t<div class=\"elementor-widget-container\">\n\t\t\t\t\t\t\t\t\t<p>Utilizeaz\u0103 rezonan\u021bele Schumann (7,83 Hz \u0219i varia\u021bii) pentru a promova \u00eemp\u0103m\u00e2ntarea \u0219i stabilitatea. Ofer\u0103 armonice UHF, bucle cibernetice, activare radionic\u0103 \u0219i integrarea c\u00e2mpului orgonic pentru o sincronizare sporit\u0103 a c\u00e2mpului energetic.<\/p>\t\t\t\t\t\t\t\t<\/div>\n\t\t\t\t<\/div>\n\t\t\t\t<\/div>\n\t\t\t\t<\/div>\n\t\t<div class=\"elementor-element elementor-element-89e4f80 e-con-full e-flex e-con e-child\" data-id=\"89e4f80\" data-element_type=\"container\" data-e-type=\"container\" data-settings=\"{&quot;jet_parallax_layout_list&quot;:[]}\">\n\t\t<div class=\"elementor-element elementor-element-be11942 e-con-full e-flex e-con e-child\" data-id=\"be11942\" data-element_type=\"container\" data-e-type=\"container\" data-settings=\"{&quot;background_background&quot;:&quot;classic&quot;,&quot;jet_parallax_layout_list&quot;:[]}\">\n\t\t\t\t<\/div>\n\t\t<div class=\"elementor-element elementor-element-a805dd3 e-con-full e-flex e-con e-child\" data-id=\"a805dd3\" data-element_type=\"container\" data-e-type=\"container\" data-settings=\"{&quot;jet_parallax_layout_list&quot;:[]}\">\n\t\t\t\t<div class=\"elementor-element elementor-element-6729f8e elementor-widget elementor-widget-heading\" data-id=\"6729f8e\" data-element_type=\"widget\" data-e-type=\"widget\" data-widget_type=\"heading.default\">\n\t\t\t\t<div class=\"elementor-widget-container\">\n\t\t\t\t\t<h3 class=\"elementor-heading-title elementor-size-default\">Rug\u0103ciune personalizat\u0103 \u0219i sistem de afirmare<\/h3>\t\t\t\t<\/div>\n\t\t\t\t<\/div>\n\t\t\t\t<\/div>\n\t\t<div class=\"elementor-element elementor-element-2a26b9c e-con-full e-flex e-con e-child\" data-id=\"2a26b9c\" data-element_type=\"container\" data-e-type=\"container\" data-settings=\"{&quot;jet_parallax_layout_list&quot;:[]}\">\n\t\t\t\t<div class=\"elementor-element elementor-element-0fd4988 elementor-widget__width-initial elementor-widget elementor-widget-text-editor\" data-id=\"0fd4988\" data-element_type=\"widget\" data-e-type=\"widget\" data-widget_type=\"text-editor.default\">\n\t\t\t\t<div class=\"elementor-widget-container\">\n\t\t\t\t\t\t\t\t\t<p>Crea\u021bi \u0219i personaliza\u021bi propriile rug\u0103ciuni sau selecta\u021bi dintr-o baz\u0103 de date de afirma\u021bii ghidate. Salva\u021bi rug\u0103ciunile \u0219i organiza\u021bi-le \u00een sesiuni personale sau de grup. Folosi\u021bi sistemul Quantum Prayer pentru a amplifica inten\u021biile.<\/p>\t\t\t\t\t\t\t\t<\/div>\n\t\t\t\t<\/div>\n\t\t\t\t<\/div>\n\t\t\t\t<\/div>\n\t\t\t\t<\/div>\n\t\t\t\t\t<\/div>\n\t\t\t\t<\/div>\n\t\t\t\t<\/div>","protected":false},"excerpt":{"rendered":"<p>Aplica\u021bia Rug\u0103ciune ofer\u0103 practici meditative ghidate pentru a sprijini c\u0103l\u0103toria dvs. de s\u0103n\u0103tate holistic\u0103, integr\u00e2nd mindfulness \u00een rutina dvs. zilnic\u0103.<\/p>","protected":false},"author":1664,"featured_media":291809,"parent":1195,"menu_order":0,"comment_status":"closed","ping_status":"closed","template":"","meta":{"_acf_changed":false,"_seopress_robots_primary_cat":"","_seopress_titles_title":"Elevate Meditation with Prayer\u00ae: Inner Peace & Harmony","_seopress_titles_desc":"Unlock spiritual harmony with Prayer\u00ae, the software inspired by Tibetan philosophy. Deep relaxation and balanced living await!","_seopress_robots_index":"","footnotes":""},"class_list":["post-217268","page","type-page","status-publish","has-post-thumbnail","hentry"],"acf":[],"_links":{"self":[{"href":"https:\/\/www.qxworld.eu\/ro\/wp-json\/wp\/v2\/pages\/217268","targetHints":{"allow":["GET"]}}],"collection":[{"href":"https:\/\/www.qxworld.eu\/ro\/wp-json\/wp\/v2\/pages"}],"about":[{"href":"https:\/\/www.qxworld.eu\/ro\/wp-json\/wp\/v2\/types\/page"}],"author":[{"embeddable":true,"href":"https:\/\/www.qxworld.eu\/ro\/wp-json\/wp\/v2\/users\/1664"}],"replies":[{"embeddable":true,"href":"https:\/\/www.qxworld.eu\/ro\/wp-json\/wp\/v2\/comments?post=217268"}],"version-history":[{"count":126,"href":"https:\/\/www.qxworld.eu\/ro\/wp-json\/wp\/v2\/pages\/217268\/revisions"}],"predecessor-version":[{"id":323138,"href":"https:\/\/www.qxworld.eu\/ro\/wp-json\/wp\/v2\/pages\/217268\/revisions\/323138"}],"up":[{"embeddable":true,"href":"https:\/\/www.qxworld.eu\/ro\/wp-json\/wp\/v2\/pages\/1195"}],"wp:featuredmedia":[{"embeddable":true,"href":"https:\/\/www.qxworld.eu\/ro\/wp-json\/wp\/v2\/media\/291809"}],"wp:attachment":[{"href":"https:\/\/www.qxworld.eu\/ro\/wp-json\/wp\/v2\/media?parent=217268"}],"curies":[{"name":"wp","href":"https:\/\/api.w.org\/{rel}","templated":true}]}}