{"id":1259,"date":"2021-04-15T11:11:52","date_gmt":"2021-04-15T09:11:52","guid":{"rendered":"https:\/\/qxworld.eu\/product\/import-placeholder-for-4502\/"},"modified":"2026-01-05T15:52:11","modified_gmt":"2026-01-05T14:52:11","slug":"iridologie","status":"publish","type":"product","link":"https:\/\/www.qxworld.eu\/ro\/product\/iridology\/","title":{"rendered":"IRIDOLOGIE"},"content":{"rendered":"","protected":false},"excerpt":{"rendered":"<p><span class=\"TextRun SCXW236129914 BCX0\" lang=\"EN-US\" xml:lang=\"EN-US\" data-contrast=\"auto\"><span class=\"NormalTextRun SCXW236129914 BCX0\">Completa\u021bi software-ul OMNIS cu un program suplimentar care utilizeaz\u0103 superputerile Iridologiei. Lucr\u00e2nd \u00een armonie perfect\u0103 cu OMNIS, pute\u021bi rula simultan cele dou\u0103 programe \u00eempreun\u0103 \u0219i pute\u021bi folosi Iridologia pentru a furniza lumin\u0103\u00a0<\/span><\/span><span class=\"TextRun SCXW236129914 BCX0\" lang=\"EN-US\" xml:lang=\"EN-US\" data-contrast=\"auto\"><span class=\"NormalTextRun SCXW236129914 BCX0\">\u00een spate<\/span><\/span><span class=\"TextRun SCXW236129914 BCX0\" lang=\"EN-US\" xml:lang=\"EN-US\" data-contrast=\"auto\"><span class=\"NormalTextRun SCXW236129914 BCX0\">\u00a0<\/span><\/span><span class=\"TextRun SCXW236129914 BCX0\" lang=\"EN-US\" xml:lang=\"EN-US\" data-contrast=\"auto\"><span class=\"NormalTextRun SCXW236129914 BCX0\">tratament pentru o gam\u0103 exhaustiv\u0103 de factori de stres. De la puncte de acupunctur\u0103 la afec\u021biuni specifice legate de ochi, iridologia se concentreaz\u0103 asupra factorilor de stres din urm\u0103toarele zone: Facial, Ochi,\u00a0<\/span><\/span><span class=\"TextRun SCXW236129914 BCX0\" lang=\"EN-US\" xml:lang=\"EN-US\" data-contrast=\"auto\"><span class=\"SpellingError SCXW236129914 BCX0\">Gyums<\/span><\/span><span class=\"TextRun SCXW236129914 BCX0\" lang=\"EN-US\" xml:lang=\"EN-US\" data-contrast=\"auto\"><span class=\"NormalTextRun SCXW236129914 BCX0\">, Dental, Repararea cadranelor, Coordonarea ochi-m\u00e2n\u0103, Geometrie sacr\u0103, Anatomie general\u0103 \u0219i multe altele. La fel de u\u0219or de utilizat cum v\u0103 pute\u021bi imagina! Alege\u021bi punctul de terapie, face\u021bi dublu clic \u0219i l\u0103sa\u021bi dispozitivul QUEX s\u0103 efectueze protocoalele ideale de echilibrare cu intensitatea \u0219i puterea optime.<\/span><\/span><span class=\"EOP SCXW236129914 BCX0\" data-ccp-props=\"{}\">\u00a0<\/span><\/p>","protected":false},"featured_media":0,"template":"","meta":{"_acf_changed":false,"_seopress_robots_primary_cat":"none","_seopress_titles_title":"","_seopress_titles_desc":"","_seopress_robots_index":""},"product_brand":[],"product_cat":[70,71,68],"product_tag":[],"class_list":{"0":"post-1259","1":"product","2":"type-product","3":"status-publish","5":"product_cat-for-quex-ed","6":"product_cat-for-quex-s","7":"product_cat-softwares","9":"first","10":"instock","11":"virtual","12":"taxable","13":"purchasable","14":"product-type-simple"},"bundled_by":[],"bundle_stock_status":"instock","bundle_stock_quantity":null,"bundle_virtual":false,"bundle_layout":"","bundle_add_to_cart_form_location":"","bundle_editable_in_cart":false,"bundle_sold_individually_context":"","bundle_item_grouping":"","bundle_min_size":"","bundle_max_size":"","bundle_price":[],"bundled_items":[],"bundle_sell_ids":[],"acf":[],"_links":{"self":[{"href":"https:\/\/www.qxworld.eu\/ro\/wp-json\/wp\/v2\/product\/1259","targetHints":{"allow":["GET"]}}],"collection":[{"href":"https:\/\/www.qxworld.eu\/ro\/wp-json\/wp\/v2\/product"}],"about":[{"href":"https:\/\/www.qxworld.eu\/ro\/wp-json\/wp\/v2\/types\/product"}],"wp:attachment":[{"href":"https:\/\/www.qxworld.eu\/ro\/wp-json\/wp\/v2\/media?parent=1259"}],"wp:term":[{"taxonomy":"product_brand","embeddable":true,"href":"https:\/\/www.qxworld.eu\/ro\/wp-json\/wp\/v2\/product_brand?post=1259"},{"taxonomy":"product_cat","embeddable":true,"href":"https:\/\/www.qxworld.eu\/ro\/wp-json\/wp\/v2\/product_cat?post=1259"},{"taxonomy":"product_tag","embeddable":true,"href":"https:\/\/www.qxworld.eu\/ro\/wp-json\/wp\/v2\/product_tag?post=1259"}],"curies":[{"name":"wp","href":"https:\/\/api.w.org\/{rel}","templated":true}]}}