{"id":1264,"date":"2021-04-15T11:11:55","date_gmt":"2021-04-15T09:11:55","guid":{"rendered":"https:\/\/qxworld.eu\/product\/import-placeholder-for-4508\/"},"modified":"2026-01-05T15:50:40","modified_gmt":"2026-01-05T14:50:40","slug":"s-enso","status":"publish","type":"product","link":"https:\/\/www.qxworld.eu\/ro\/product\/s-enso\/","title":{"rendered":"S-ENSO"},"content":{"rendered":"","protected":false},"excerpt":{"rendered":"<p>Contrar credin\u021bei populare, Lorem Ipsum nu este un simplu text la \u00eent\u00e2mplare. Acesta \u00ee\u0219i are r\u0103d\u0103cinile \u00eentr-o bucat\u0103 de literatur\u0103 latin\u0103 clasic\u0103 din anul 45 \u00ee.Hr., ceea ce \u00eel face vechi de peste 2000 de ani. Richard McClintock, profesor de latin\u0103 la Colegiul Hampden-Sydney din Virginia, a c\u0103utat unul dintre cele mai obscure cuvinte latine, consectetur, \u00eentr-un pasaj din Lorem Ipsum \u0219i, trec\u00e2nd \u00een revist\u0103 citatele cuv\u00e2ntului din literatura clasic\u0103, a descoperit sursa indubitabil\u0103. Lorem Ipsum provine din sec\u021biunile 1.10.32 \u0219i 1.10.33 din \"de Finibus Bonorum et Malorum\" (Extremele binelui \u0219i r\u0103ului) de Cicero, scris\u0103 \u00een anul 45 \u00ee.Hr. Aceast\u0103 carte este un tratat de teorie a eticii, foarte popular \u00een timpul Rena\u0219terii. Primul r\u00e2nd din Lorem Ipsum, \"Lorem ipsum dolor sit amet..\", provine dintr-un r\u00e2nd din sec\u021biunea 1.10.32.<\/p>","protected":false},"featured_media":1291,"template":"","meta":{"_acf_changed":false,"_seopress_robots_primary_cat":"none","_seopress_titles_title":"","_seopress_titles_desc":"","_seopress_robots_index":""},"product_brand":[],"product_cat":[73,74,68,72],"product_tag":[],"class_list":{"0":"post-1264","1":"product","2":"type-product","3":"status-publish","4":"has-post-thumbnail","6":"product_cat-for-quex-ed-standalone","7":"product_cat-for-quex-s-standalone","8":"product_cat-softwares","9":"product_cat-standalone","11":"first","12":"instock","13":"virtual","14":"taxable","15":"purchasable","16":"product-type-simple"},"bundled_by":[],"bundle_stock_status":"instock","bundle_stock_quantity":null,"bundle_virtual":false,"bundle_layout":"","bundle_add_to_cart_form_location":"","bundle_editable_in_cart":false,"bundle_sold_individually_context":"","bundle_item_grouping":"","bundle_min_size":"","bundle_max_size":"","bundle_price":[],"bundled_items":[],"bundle_sell_ids":[],"acf":[],"_links":{"self":[{"href":"https:\/\/www.qxworld.eu\/ro\/wp-json\/wp\/v2\/product\/1264","targetHints":{"allow":["GET"]}}],"collection":[{"href":"https:\/\/www.qxworld.eu\/ro\/wp-json\/wp\/v2\/product"}],"about":[{"href":"https:\/\/www.qxworld.eu\/ro\/wp-json\/wp\/v2\/types\/product"}],"wp:featuredmedia":[{"embeddable":true,"href":"https:\/\/www.qxworld.eu\/ro\/wp-json\/wp\/v2\/media\/1291"}],"wp:attachment":[{"href":"https:\/\/www.qxworld.eu\/ro\/wp-json\/wp\/v2\/media?parent=1264"}],"wp:term":[{"taxonomy":"product_brand","embeddable":true,"href":"https:\/\/www.qxworld.eu\/ro\/wp-json\/wp\/v2\/product_brand?post=1264"},{"taxonomy":"product_cat","embeddable":true,"href":"https:\/\/www.qxworld.eu\/ro\/wp-json\/wp\/v2\/product_cat?post=1264"},{"taxonomy":"product_tag","embeddable":true,"href":"https:\/\/www.qxworld.eu\/ro\/wp-json\/wp\/v2\/product_tag?post=1264"}],"curies":[{"name":"wp","href":"https:\/\/api.w.org\/{rel}","templated":true}]}}