{"id":216051,"date":"2024-06-21T16:44:37","date_gmt":"2024-06-21T14:44:37","guid":{"rendered":"https:\/\/www.qxworld.eu\/?post_type=product&#038;p=216051"},"modified":"2025-05-26T00:00:05","modified_gmt":"2025-05-25T22:00:05","slug":"omnis-exploreaza-avansarea-calatoriei-tale-in-tehnologia-sanatatii-holistice-un-manual-intermediar","status":"publish","type":"product","link":"https:\/\/www.qxworld.eu\/ro\/product\/omnis-explored-advancing-your-journey-in-holistic-health-technology-an-intermediate-manual\/","title":{"rendered":"OMNIS Explored: Avansarea c\u0103l\u0103toriei dvs. \u00een s\u0103n\u0103tate \u0219i tehnologie holistic\u0103 - un manual intermediar"},"content":{"rendered":"<div class=\"elementor-element elementor-element-6b40c3a elementor-widget elementor-widget-text-editor\" data-id=\"6b40c3a\" data-element_type=\"widget\" data-widget_type=\"text-editor.default\">\n<div class=\"elementor-widget-container\">\n<div class=\"elementor-element elementor-element-6b40c3a elementor-widget elementor-widget-text-editor\" data-id=\"6b40c3a\" data-element_type=\"widget\" data-widget_type=\"text-editor.default\">\n<div class=\"elementor-widget-container\">\n<p>Instruirea \u0219i ghidul pentru intermediari sunt concepute pentru a v\u0103 ridica nivelul de \u00een\u021belegere \u0219i de navigare la niveluri mai profunde. Combin\u00e2nd abilit\u0103\u021bile dob\u00e2ndite \u00een cursul de formare pentru \u00eencep\u0103tori, ve\u021bi descoperi noi metode de desf\u0103\u0219urare a sesiunilor \u0219i ve\u021bi dob\u00e2ndi o \u00een\u021belegere mai profund\u0103 a elementelor fundamentale \u00een c\u0103l\u0103toria dvs. cu Quantum Biofeedback. Un curs video este, de asemenea, disponibil cu manualul inclus pe urm\u0103toarele <a href=\"https:\/\/www.qxworld.eu\/product\/omnis-unveiled-step-into-the-fusion-of-holistic-health-science-beginners-guide\/\" target=\"_blank\" rel=\"noopener\">leg\u0103tur\u0103<\/a>.<\/p>\n<\/div>\n<\/div>\n<div class=\"elementor-element elementor-element-22eff2c elementor-widget elementor-widget-text-editor\" data-id=\"22eff2c\" data-element_type=\"widget\" data-widget_type=\"text-editor.default\">\n<p>&nbsp;<\/p>\n<div class=\"elementor-element elementor-element-6b40c3a elementor-widget elementor-widget-text-editor\" data-id=\"6b40c3a\" data-element_type=\"widget\" data-widget_type=\"text-editor.default\">\n<div class=\"elementor-widget-container\">\n<h4><strong>3 pa\u0219i rapizi pentru a v\u0103 ob\u021bine <\/strong><b>Manual digital<\/b><\/h4>\n<p>&nbsp;<\/p>\n<h5><strong>PASUL 1, Crea\u021bi contul gratuit Adobe<\/strong><\/h5>\n<p>Acest lucru va crea un\u00a0<a href=\"https:\/\/account.adobe.com\/\" target=\"_blank\" rel=\"noopener\">cont Adobe gratuit<\/a>\u00a0pe care le pute\u021bi utiliza pentru a accesa c\u0103r\u021bile dvs.<\/p>\n<p>&nbsp;<\/p>\n<h5><strong>PASUL 2, Instala\u021bi Adobe Digital Editions pentru dispozitivul dvs.<\/strong><\/h5>\n<p>Va trebui s\u0103 utiliza\u021bi\u00a0<a href=\"https:\/\/www.adobe.com\/solutions\/ebook\/digital-editions\/download.html\" target=\"_blank\" rel=\"noopener\">Aplica\u021bia de citire Adobe Digital Editions<\/a>\u00a0pentru a vizualiza c\u0103r\u021bile dvs.<\/p>\n<p><a href=\"https:\/\/adedownload.adobe.com\/pub\/adobe\/digitaleditions\/ADE_4.5_Installer.exe\" target=\"_blank\" rel=\"noopener\">Descarc\u0103 Digital Edition Windows<\/a><\/p>\n<p><a href=\"https:\/\/adedownload.adobe.com\/pub\/adobe\/digitaleditions\/ADE_4.5_Installer.dmg\" target=\"_blank\" rel=\"noopener\">Descarc\u0103 edi\u021bia digital\u0103 Macintosh<\/a><\/p>\n<p>Pentru mai multe op\u021biuni de dispozitive, v\u0103 rug\u0103m s\u0103 vizita\u021bi\u00a0<a href=\"https:\/\/www.adobe.com\/solutions\/ebook\/digital-editions\/download.html\" target=\"_blank\" rel=\"noopener\">Pagina de desc\u0103rcare Adobe Digital Editions<\/a>.<\/p>\n<p>&nbsp;<\/p>\n<\/div>\n<\/div>\n<p>V\u0103 rug\u0103m s\u0103 v\u0103 asigura\u021bi c\u0103 nu selecta\u021bi\u00a0<strong>Instala\u021bi MacAfee Antivirus<\/strong>\u00a0\u00een timpul procesului de instalare, acest program antivirus nu este compatibil cu software-ul nostru.<\/p>\n<p>Dup\u0103 instalarea Adobe Digital Editions, deschide\u021bi Adobe Digital Editions, apoi merge\u021bi la Ajutor, selecta\u021bi Autorizare computer, apoi conecta\u021bi-v\u0103 cu datele de autentificare ale contului Adobe create la PASUL 1.<\/p>\n<p>&nbsp;<\/p>\n<div class=\"elementor-element elementor-element-6b40c3a elementor-widget elementor-widget-text-editor\" data-id=\"6b40c3a\" data-element_type=\"widget\" data-widget_type=\"text-editor.default\">\n<div class=\"elementor-widget-container\">\n<h5><strong>PASUL 3, Desc\u0103rca\u021bi fi\u0219ierul de acces la carte din meniul de desc\u0103rcare<\/strong><\/h5>\n<p>Recupera\u021bi fi\u0219ierul de acces la carte fie prin intermediul\u00a0<a href=\"https:\/\/www.qxworld.eu\/members\/downloads\/\" target=\"_blank\" rel=\"noopener\">meniu de desc\u0103rcare<\/a>\u00a0sau utiliz\u00e2nd link-ul furnizat mai sus. Dup\u0103 desc\u0103rcare, deschide\u021bi fi\u0219ierul ACSM cu Adobe Digital Editions pentru a \u00eencepe s\u0103 v\u0103 bucura\u021bi de carte.<\/p>\n<\/div>\n<\/div>\n<\/div>\n<\/div>\n<\/div>","protected":false},"excerpt":{"rendered":"<p>Instruirea \u0219i ghidul pentru intermediari sunt concepute pentru a v\u0103 ridica nivelul de \u00een\u021belegere \u0219i de navigare la niveluri mai profunde. Combin\u00e2nd abilit\u0103\u021bile dob\u00e2ndite \u00een cursul de formare pentru \u00eencep\u0103tori, ve\u021bi descoperi noi metode de desf\u0103\u0219urare a sesiunilor \u0219i ve\u021bi dob\u00e2ndi o \u00een\u021belegere mai profund\u0103 a elementelor fundamentale \u00een c\u0103l\u0103toria dvs. cu Quantum Biofeedback.<\/p>","protected":false},"featured_media":216054,"template":"","meta":{"_acf_changed":false,"_seopress_robots_primary_cat":"none","_seopress_titles_title":"","_seopress_titles_desc":"","_seopress_robots_index":""},"product_brand":[],"product_cat":[35],"product_tag":[],"class_list":{"0":"post-216051","1":"product","2":"type-product","3":"status-publish","4":"has-post-thumbnail","6":"product_cat-uncategorized","8":"first","9":"instock","10":"downloadable","11":"sold-individually","12":"taxable","13":"shipping-taxable","14":"purchasable","15":"product-type-simple"},"bundled_by":[],"bundle_stock_status":"instock","bundle_stock_quantity":null,"bundle_virtual":false,"bundle_layout":"","bundle_add_to_cart_form_location":"","bundle_editable_in_cart":false,"bundle_sold_individually_context":"","bundle_item_grouping":"","bundle_min_size":"","bundle_max_size":"","bundle_price":[],"bundled_items":[],"bundle_sell_ids":[],"acf":[],"_links":{"self":[{"href":"https:\/\/www.qxworld.eu\/ro\/wp-json\/wp\/v2\/product\/216051","targetHints":{"allow":["GET"]}}],"collection":[{"href":"https:\/\/www.qxworld.eu\/ro\/wp-json\/wp\/v2\/product"}],"about":[{"href":"https:\/\/www.qxworld.eu\/ro\/wp-json\/wp\/v2\/types\/product"}],"wp:featuredmedia":[{"embeddable":true,"href":"https:\/\/www.qxworld.eu\/ro\/wp-json\/wp\/v2\/media\/216054"}],"wp:attachment":[{"href":"https:\/\/www.qxworld.eu\/ro\/wp-json\/wp\/v2\/media?parent=216051"}],"wp:term":[{"taxonomy":"product_brand","embeddable":true,"href":"https:\/\/www.qxworld.eu\/ro\/wp-json\/wp\/v2\/product_brand?post=216051"},{"taxonomy":"product_cat","embeddable":true,"href":"https:\/\/www.qxworld.eu\/ro\/wp-json\/wp\/v2\/product_cat?post=216051"},{"taxonomy":"product_tag","embeddable":true,"href":"https:\/\/www.qxworld.eu\/ro\/wp-json\/wp\/v2\/product_tag?post=216051"}],"curies":[{"name":"wp","href":"https:\/\/api.w.org\/{rel}","templated":true}]}}