{"id":227975,"date":"2024-09-16T12:39:41","date_gmt":"2024-09-16T10:39:41","guid":{"rendered":"https:\/\/www.qxworld.eu\/?post_type=product&#038;p=227975"},"modified":"2024-09-16T12:39:43","modified_gmt":"2024-09-16T10:39:43","slug":"seasonal-series-welcome-to-our-summer-rediance-webinar-2","status":"publish","type":"product","link":"https:\/\/www.qxworld.eu\/ro\/product\/seasonal-series-welcome-to-our-late-summer-vitality-webinar\/","title":{"rendered":"Seria sezonier\u0103 - Bine a\u021bi venit la webinarul nostru Vitalitatea verii t\u00e2rzii!"},"content":{"rendered":"<p>Bine a\u021bi venit la webinarul nostru despre vitalitate de la sf\u00e2r\u0219itul verii!<\/p>\n<p>Pe m\u0103sur\u0103 ce anotimpurile trec \u0219i natura ajunge la un punct de echilibru, ne afl\u0103m \u00een faza unic\u0103 a verii t\u00e2rzii. \u00cen webinarul de ast\u0103zi, explor\u0103m principiile medicinei tradi\u021bionale chineze (TCM) \u0219i analiz\u0103m semnifica\u021bia sezonului de var\u0103 t\u00e2rzie pentru bun\u0103starea noastr\u0103.<\/p>\n<p>Vara t\u00e2rzie este asociat\u0103 cu elementul P\u0103m\u00e2nt \u00een MTC, simboliz\u00e2nd o perioad\u0103 de abunden\u021b\u0103, hran\u0103 \u0219i echilibru. Aceasta este perioada \u00een care energia elementului P\u0103m\u00e2nt este predominant\u0103, iar organele Splin\u0103 \u0219i Stomac sunt \u00een centrul aten\u021biei. \u00cen\u021belegerea modului de sus\u021binere a acestor organe \u00een timpul acestui sezon este esen\u021bial\u0103 pentru promovarea vitalit\u0103\u021bii \u0219i a st\u0103rii de bine.<\/p>\n<p>\u00cen MTC, sf\u00e2r\u0219itul verii este o perioad\u0103 de \u00eemp\u0103m\u00e2ntare \u0219i centrare. Este o faz\u0103 de tranzi\u021bie \u00eentre energia expansiv\u0103 a verii \u0219i energia contractant\u0103 a toamnei. Prin alinierea obiceiurilor \u0219i a dietei noastre la principiile TCM, ne putem \u00eembun\u0103t\u0103\u021bi s\u0103n\u0103tatea digestiv\u0103 \u0219i bun\u0103starea general\u0103 \u00een timpul acestui sezon important.<\/p>\n<p>Al\u0103tura\u021bi-v\u0103 nou\u0103 \u00een explorarea puterii hr\u0103nitoare a alimentelor de la sf\u00e2r\u0219itul verii \u0219i a practicilor TCM care ne pot ghida c\u0103tre o s\u0103n\u0103tate optim\u0103. S\u0103 valorific\u0103m vitalitatea acestui anotimp \u0219i s\u0103 cultiv\u0103m un sentiment de echilibru \u0219i abunden\u021b\u0103 \u00een minte, corp \u0219i spirit.<\/p>\n<p>\u00cempreun\u0103, s\u0103 \u00eembr\u0103\u021bi\u0219\u0103m vitalitatea sf\u00e2r\u0219itului de var\u0103 \u0219i s\u0103 ne hr\u0103nim pentru anotimpurile viitoare!<\/p>","protected":false},"excerpt":{"rendered":"<p>Welcome to our Late Summer Vitality Webinar! As the seasons transition and nature reaches a point of balance, we find ourselves in the unique phase of late summer. In today&#8217;s webinar, we explore the principles of Traditional Chinese Medicine (TCM) and delve into the significance of the late summer season for our well-being. Late summer [&hellip;]<\/p>\n","protected":false},"featured_media":222550,"template":"","meta":{"_acf_changed":false,"_seopress_robots_primary_cat":"none","_seopress_titles_title":"Welcome to our Late Summer Vitality Webinar!","_seopress_titles_desc":"As the seasons transition and nature reaches a point of balance, we find ourselves in the unique phase of late summer.","_seopress_robots_index":""},"product_brand":[],"product_cat":[57],"product_tag":[],"class_list":{"0":"post-227975","1":"product","2":"type-product","3":"status-publish","4":"has-post-thumbnail","6":"product_cat-courses","8":"first","9":"instock","10":"taxable","11":"shipping-taxable","12":"purchasable","13":"product-type-simple"},"bundled_by":[],"bundle_stock_status":"instock","bundle_stock_quantity":null,"bundle_virtual":false,"bundle_layout":"","bundle_add_to_cart_form_location":"","bundle_editable_in_cart":false,"bundle_sold_individually_context":"","bundle_item_grouping":"","bundle_min_size":"","bundle_max_size":"","bundle_price":[],"bundled_items":[],"bundle_sell_ids":[],"acf":[],"_links":{"self":[{"href":"https:\/\/www.qxworld.eu\/ro\/wp-json\/wp\/v2\/product\/227975","targetHints":{"allow":["GET"]}}],"collection":[{"href":"https:\/\/www.qxworld.eu\/ro\/wp-json\/wp\/v2\/product"}],"about":[{"href":"https:\/\/www.qxworld.eu\/ro\/wp-json\/wp\/v2\/types\/product"}],"wp:featuredmedia":[{"embeddable":true,"href":"https:\/\/www.qxworld.eu\/ro\/wp-json\/wp\/v2\/media\/222550"}],"wp:attachment":[{"href":"https:\/\/www.qxworld.eu\/ro\/wp-json\/wp\/v2\/media?parent=227975"}],"wp:term":[{"taxonomy":"product_brand","embeddable":true,"href":"https:\/\/www.qxworld.eu\/ro\/wp-json\/wp\/v2\/product_brand?post=227975"},{"taxonomy":"product_cat","embeddable":true,"href":"https:\/\/www.qxworld.eu\/ro\/wp-json\/wp\/v2\/product_cat?post=227975"},{"taxonomy":"product_tag","embeddable":true,"href":"https:\/\/www.qxworld.eu\/ro\/wp-json\/wp\/v2\/product_tag?post=227975"}],"curies":[{"name":"wp","href":"https:\/\/api.w.org\/{rel}","templated":true}]}}