{"id":251667,"date":"2024-11-28T15:05:55","date_gmt":"2024-11-28T14:05:55","guid":{"rendered":"https:\/\/www.qxworld.eu\/product\/animal-webinar-copy\/"},"modified":"2025-06-02T12:01:46","modified_gmt":"2025-06-02T10:01:46","slug":"metamind-8-imbatranirea-frumusetii-prin-sanatate-interioara-si-bi-face-simetria-multifatetata-11","status":"publish","type":"product","link":"https:\/\/www.qxworld.eu\/ro\/product\/animal-webinar-march\/","title":{"rendered":"Webinar pentru animale"},"content":{"rendered":"<p>S\u0103n\u0103tatea oral\u0103 la cai, c\u00e2ini \u0219i pisici.<\/p>","protected":false},"excerpt":{"rendered":"<p>S\u0103n\u0103tatea oral\u0103 la cai, c\u00e2ini \u0219i pisici.<\/p>","protected":false},"featured_media":251645,"template":"","meta":{"_acf_changed":false,"_seopress_robots_primary_cat":"none","_seopress_titles_title":"Fundamentals of equine and canine skeleton.","_seopress_titles_desc":"","_seopress_robots_index":""},"product_brand":[],"product_cat":[101],"product_tag":[],"class_list":{"0":"post-251667","1":"product","2":"type-product","3":"status-publish","4":"has-post-thumbnail","6":"product_cat-ticket","8":"first","9":"instock","10":"virtual","11":"taxable","12":"purchasable","13":"product-type-simple"},"bundled_by":[],"bundle_stock_status":"instock","bundle_stock_quantity":null,"bundle_virtual":false,"bundle_layout":"","bundle_add_to_cart_form_location":"","bundle_editable_in_cart":false,"bundle_sold_individually_context":"","bundle_item_grouping":"","bundle_min_size":"","bundle_max_size":"","bundle_price":[],"bundled_items":[],"bundle_sell_ids":[],"acf":[],"_links":{"self":[{"href":"https:\/\/www.qxworld.eu\/ro\/wp-json\/wp\/v2\/product\/251667","targetHints":{"allow":["GET"]}}],"collection":[{"href":"https:\/\/www.qxworld.eu\/ro\/wp-json\/wp\/v2\/product"}],"about":[{"href":"https:\/\/www.qxworld.eu\/ro\/wp-json\/wp\/v2\/types\/product"}],"wp:featuredmedia":[{"embeddable":true,"href":"https:\/\/www.qxworld.eu\/ro\/wp-json\/wp\/v2\/media\/251645"}],"wp:attachment":[{"href":"https:\/\/www.qxworld.eu\/ro\/wp-json\/wp\/v2\/media?parent=251667"}],"wp:term":[{"taxonomy":"product_brand","embeddable":true,"href":"https:\/\/www.qxworld.eu\/ro\/wp-json\/wp\/v2\/product_brand?post=251667"},{"taxonomy":"product_cat","embeddable":true,"href":"https:\/\/www.qxworld.eu\/ro\/wp-json\/wp\/v2\/product_cat?post=251667"},{"taxonomy":"product_tag","embeddable":true,"href":"https:\/\/www.qxworld.eu\/ro\/wp-json\/wp\/v2\/product_tag?post=251667"}],"curies":[{"name":"wp","href":"https:\/\/api.w.org\/{rel}","templated":true}]}}