{"id":289691,"date":"2025-01-28T12:54:53","date_gmt":"2025-01-28T11:54:53","guid":{"rendered":"https:\/\/www.qxworld.eu\/?post_type=product&#038;p=289691"},"modified":"2025-06-09T00:00:03","modified_gmt":"2025-06-08T22:00:03","slug":"stapanirea-biofeedback-ului-cuantic-avansat-si-a-integrarii-omnis-un-ghid-avansat","status":"publish","type":"product","link":"https:\/\/www.qxworld.eu\/ro\/product\/mastering-advanced-quantum-biofeedback-and-omnis-integration-an-advanced-guide\/","title":{"rendered":"St\u0103p\u00e2nirea biofeedback-ului cuantic avansat \u0219i a integr\u0103rii OMNIS - Un ghid avansat"},"content":{"rendered":"<div class=\"elementor-element elementor-element-6b40c3a elementor-widget elementor-widget-text-editor\" data-id=\"6b40c3a\" data-element_type=\"widget\" data-widget_type=\"text-editor.default\">\n<div class=\"elementor-widget-container\">\n<div class=\"elementor-element elementor-element-6b40c3a elementor-widget elementor-widget-text-editor\" data-id=\"6b40c3a\" data-element_type=\"widget\" data-widget_type=\"text-editor.default\">\n<div class=\"elementor-widget-container\">\n<div class=\"elementor-element elementor-element-22eff2c elementor-widget elementor-widget-text-editor\" data-id=\"22eff2c\" data-element_type=\"widget\" data-widget_type=\"text-editor.default\">\n<p>Duce\u021bi-v\u0103 expertiza \u00een domeniul s\u0103n\u0103t\u0103\u021bii holistice la nivelul urm\u0103tor cu acest ghid \u0219i instruire avansat\u0103. Acest curs este perfect pentru cei preg\u0103ti\u021bi s\u0103 deblocheze \u00eentregul poten\u021bial al software-ului OMNIS, scufund\u00e2ndu-se \u00een panourile \u0219i instrumentele sale cele mai avansate pentru a descoperi conexiunile complexe dintre corp, minte, emo\u021bii \u0219i spirit.<\/p>\n<p>Ve\u021bi \u00eenv\u0103\u021ba cum s\u0103 investiga\u021bi \u00een detaliu, s\u0103 pune\u021bi cap la cap puzzle-uri complexe privind s\u0103n\u0103tatea \u0219i s\u0103 aplica\u021bi tehnici de ultim\u0103 or\u0103 pentru a ob\u021bine informa\u021bii profunde \u0219i a crea interven\u021bii semnificative.<br \/>\nAcest program merge dincolo de elementele de baz\u0103, oferindu-v\u0103 abilit\u0103\u021bile necesare pentru a naviga \u0219i a utiliza cele mai sofisticate caracteristici ale OMNIS. Prin st\u0103p\u00e2nirea acestor instrumente, v\u0103 ve\u021bi spori precizia \u0219i eficien\u021ba, permi\u021b\u00e2ndu-v\u0103 s\u0103 oferi\u021bi asisten\u021b\u0103 personalizat\u0103 \u0219i de impact clien\u021bilor dumneavoastr\u0103.<\/p>\n<p>Cu acest curs, ve\u021bi dob\u00e2ndi \u00eencrederea necesar\u0103 pentru a exploata pe deplin capacit\u0103\u021bile OMNIS, deschiz\u00e2nd noi posibilit\u0103\u021bi \u00een domeniul s\u0103n\u0103t\u0103\u021bii holistice. Fie c\u0103 este vorba de rezolvarea unor provoc\u0103ri complexe sau de furnizarea unor informa\u021bii mai profunde, acest curs v\u0103 va ajuta s\u0103 v\u0103 ridica\u021bi practica la un nivel complet nou.<\/p>\n<\/div>\n<p>Pute\u021bi accesa cursul \u00een sec\u021biunea <a href=\"https:\/\/www.qxworld.eu\/all-courses\/\" target=\"_blank\" rel=\"noopener\">toate cursurile<\/a> sau \u00een urm\u0103torul meniu <a href=\"https:\/\/www.qxworld.eu\/courses\/omnis-deep-dive-expert-strategies-in-biofeedback-wellness-and-holistic-science\/\" target=\"_blank\" rel=\"noopener\">leg\u0103tur\u0103<\/a><\/p>\n<p>&nbsp;<\/p>\n<h4><strong>3 pa\u0219i rapizi pentru a v\u0103 ob\u021bine <\/strong><b>Manual digital<\/b><\/h4>\n<p>&nbsp;<\/p>\n<h5><strong>PASUL 1, Crea\u021bi contul gratuit Adobe<\/strong><\/h5>\n<p>Acest lucru va crea un <a href=\"https:\/\/account.adobe.com\/\" target=\"_blank\" rel=\"noopener\">cont Adobe gratuit<\/a> pe care le pute\u021bi utiliza pentru a accesa c\u0103r\u021bile dvs.<\/p>\n<p>&nbsp;<\/p>\n<h5><strong>PASUL 2, Instala\u021bi Adobe Digital Editions pentru dispozitivul dvs.<\/strong><\/h5>\n<p>Va trebui s\u0103 utiliza\u021bi <a href=\"https:\/\/www.adobe.com\/solutions\/ebook\/digital-editions\/download.html\" target=\"_blank\" rel=\"noopener\">Aplica\u021bia de citire Adobe Digital Editions<\/a> pentru a vizualiza c\u0103r\u021bile dvs.<\/p>\n<p><a href=\"https:\/\/adedownload.adobe.com\/pub\/adobe\/digitaleditions\/ADE_4.5_Installer.exe\" target=\"_blank\" rel=\"noopener\">Descarc\u0103 Digital Edition Windows<\/a><\/p>\n<p><a href=\"https:\/\/adedownload.adobe.com\/pub\/adobe\/digitaleditions\/ADE_4.5_Installer.dmg\" target=\"_blank\" rel=\"noopener\">Descarc\u0103 edi\u021bia digital\u0103 Macintosh<\/a><\/p>\n<p>Pentru mai multe op\u021biuni de dispozitive, v\u0103 rug\u0103m s\u0103 vizita\u021bi <a href=\"https:\/\/www.adobe.com\/solutions\/ebook\/digital-editions\/download.html\" target=\"_blank\" rel=\"noopener\">Pagina de desc\u0103rcare Adobe Digital Editions<\/a>.<\/p>\n<p>&nbsp;<\/p>\n<\/div>\n<\/div>\n<p>V\u0103 rug\u0103m s\u0103 v\u0103 asigura\u021bi c\u0103 nu selecta\u021bi <strong>Instala\u021bi MacAfee Antivirus<\/strong> \u00een timpul procesului de instalare, acest program antivirus nu este compatibil cu software-ul nostru.<\/p>\n<p>Dup\u0103 instalarea Adobe Digital Editions, deschide\u021bi Adobe Digital Editions, apoi merge\u021bi la Ajutor, selecta\u021bi Autorizare computer, apoi conecta\u021bi-v\u0103 cu datele de autentificare ale contului Adobe create la PASUL 1.<\/p>\n<p>&nbsp;<\/p>\n<div class=\"elementor-element elementor-element-6b40c3a elementor-widget elementor-widget-text-editor\" data-id=\"6b40c3a\" data-element_type=\"widget\" data-widget_type=\"text-editor.default\">\n<div class=\"elementor-widget-container\">\n<h5><strong>PASUL 3, Desc\u0103rca\u021bi fi\u0219ierul de acces la carte din meniul de desc\u0103rcare<\/strong><\/h5>\n<p>Recupera\u021bi fi\u0219ierul de acces la carte fie prin intermediul <a href=\"https:\/\/www.qxworld.eu\/members\/downloads\/ \" target=\"_blank\" rel=\"noopener\">meniu de desc\u0103rcare<\/a> sau utiliz\u00e2nd link-ul furnizat mai sus. Dup\u0103 desc\u0103rcare, deschide\u021bi fi\u0219ierul ACSM cu Adobe Digital Editions pentru a \u00eencepe s\u0103 v\u0103 bucura\u021bi de carte.<\/p>\n<\/div>\n<\/div>\n<\/div>\n<\/div>","protected":false},"excerpt":{"rendered":"<p>Duce\u021bi-v\u0103 expertiza \u00een domeniul s\u0103n\u0103t\u0103\u021bii holistice la nivelul urm\u0103tor cu acest ghid \u0219i instruire avansat\u0103. Acest curs este perfect pentru cei preg\u0103ti\u021bi s\u0103 deblocheze \u00eentregul poten\u021bial al software-ului OMNIS, scufund\u00e2ndu-se \u00een panourile \u0219i instrumentele sale cele mai avansate pentru a descoperi conexiunile complexe dintre corp, minte, emo\u021bii \u0219i spirit.<\/p>","protected":false},"featured_media":289707,"template":"","meta":{"_acf_changed":false,"_seopress_robots_primary_cat":"none","_seopress_titles_title":"","_seopress_titles_desc":"","_seopress_robots_index":""},"product_brand":[],"product_cat":[35],"product_tag":[],"class_list":{"0":"post-289691","1":"product","2":"type-product","3":"status-publish","4":"has-post-thumbnail","6":"product_cat-uncategorized","8":"first","9":"instock","10":"downloadable","11":"sold-individually","12":"taxable","13":"shipping-taxable","14":"purchasable","15":"product-type-simple"},"bundled_by":[],"bundle_stock_status":"instock","bundle_stock_quantity":null,"bundle_virtual":false,"bundle_layout":"","bundle_add_to_cart_form_location":"","bundle_editable_in_cart":false,"bundle_sold_individually_context":"","bundle_item_grouping":"","bundle_min_size":"","bundle_max_size":"","bundle_price":[],"bundled_items":[],"bundle_sell_ids":[],"acf":[],"_links":{"self":[{"href":"https:\/\/www.qxworld.eu\/ro\/wp-json\/wp\/v2\/product\/289691","targetHints":{"allow":["GET"]}}],"collection":[{"href":"https:\/\/www.qxworld.eu\/ro\/wp-json\/wp\/v2\/product"}],"about":[{"href":"https:\/\/www.qxworld.eu\/ro\/wp-json\/wp\/v2\/types\/product"}],"wp:featuredmedia":[{"embeddable":true,"href":"https:\/\/www.qxworld.eu\/ro\/wp-json\/wp\/v2\/media\/289707"}],"wp:attachment":[{"href":"https:\/\/www.qxworld.eu\/ro\/wp-json\/wp\/v2\/media?parent=289691"}],"wp:term":[{"taxonomy":"product_brand","embeddable":true,"href":"https:\/\/www.qxworld.eu\/ro\/wp-json\/wp\/v2\/product_brand?post=289691"},{"taxonomy":"product_cat","embeddable":true,"href":"https:\/\/www.qxworld.eu\/ro\/wp-json\/wp\/v2\/product_cat?post=289691"},{"taxonomy":"product_tag","embeddable":true,"href":"https:\/\/www.qxworld.eu\/ro\/wp-json\/wp\/v2\/product_tag?post=289691"}],"curies":[{"name":"wp","href":"https:\/\/api.w.org\/{rel}","templated":true}]}}