{"id":301621,"date":"2025-03-11T13:47:25","date_gmt":"2025-03-11T12:47:25","guid":{"rendered":"https:\/\/www.qxworld.eu\/?post_type=product&#038;p=301621"},"modified":"2025-03-11T13:54:49","modified_gmt":"2025-03-11T12:54:49","slug":"calea-holistica-stapanirea-comunicarii-cu-clientii","status":"publish","type":"product","link":"https:\/\/www.qxworld.eu\/ro\/product\/holistic-path-mastering-client-communication\/","title":{"rendered":"Calea holistic\u0103 - St\u0103p\u00e2nirea comunic\u0103rii cu clien\u021bii"},"content":{"rendered":"<p><strong>Bine a\u021bi venit la calea holistic\u0103: Mastering Client Communication Training<\/strong><\/p>\n<p>Comunicarea eficient\u0103 se afl\u0103 \u00een centrul practicii de succes a biofeedback-ului. Acest curs v\u0103 va oferi abilit\u0103\u021bile necesare pentru a utiliza un limbaj clar, de impact, care spore\u0219te \u00een\u021belegerea, motiva\u021bia \u0219i implicarea clien\u021bilor. De asemenea, ve\u021bi explora rolul vital al educa\u021biei \u00een responsabilizarea clien\u021bilor \u0219i \u00eembun\u0103t\u0103\u021birea rezultatelor.<\/p>\n<p>P\u00e2n\u0103 la sf\u00e2r\u0219itul acestui curs, ve\u021bi avea instrumentele necesare pentru a integra strategii de comunicare eficiente \u0219i principii educa\u021bionale \u00een practica dvs., promov\u00e2nd rela\u021bii mai puternice cu clien\u021bii \u0219i rezultate mai bune.  Haide\u021bi s\u0103 p\u0103\u0219im \u00eempreun\u0103 \u00een aceast\u0103 c\u0103l\u0103torie de \u00eenv\u0103\u021bare transformatoare!<\/p>","protected":false},"excerpt":{"rendered":"<p>Welcome to the Holistic Path: Mastering Client Communication Training Effective communication is at the heart of successful biofeedback practice. This course will equip you with the skills to use clear, impactful language that enhances client understanding, motivation, and engagement. You&#8217;ll also explore the vital role of education in empowering clients and improving outcomes. By the [&hellip;]<\/p>\n","protected":false},"featured_media":301615,"template":"","meta":{"_acf_changed":false,"_seopress_robots_primary_cat":"none","_seopress_titles_title":"","_seopress_titles_desc":"","_seopress_robots_index":""},"product_brand":[],"product_cat":[57],"product_tag":[],"class_list":{"0":"post-301621","1":"product","2":"type-product","3":"status-publish","4":"has-post-thumbnail","6":"product_cat-courses","8":"first","9":"instock","10":"taxable","11":"shipping-taxable","12":"purchasable","13":"product-type-simple"},"bundled_by":[],"bundle_stock_status":"instock","bundle_stock_quantity":null,"bundle_virtual":false,"bundle_layout":"","bundle_add_to_cart_form_location":"","bundle_editable_in_cart":false,"bundle_sold_individually_context":"","bundle_item_grouping":"","bundle_min_size":"","bundle_max_size":"","bundle_price":[],"bundled_items":[],"bundle_sell_ids":[],"acf":[],"_links":{"self":[{"href":"https:\/\/www.qxworld.eu\/ro\/wp-json\/wp\/v2\/product\/301621","targetHints":{"allow":["GET"]}}],"collection":[{"href":"https:\/\/www.qxworld.eu\/ro\/wp-json\/wp\/v2\/product"}],"about":[{"href":"https:\/\/www.qxworld.eu\/ro\/wp-json\/wp\/v2\/types\/product"}],"wp:featuredmedia":[{"embeddable":true,"href":"https:\/\/www.qxworld.eu\/ro\/wp-json\/wp\/v2\/media\/301615"}],"wp:attachment":[{"href":"https:\/\/www.qxworld.eu\/ro\/wp-json\/wp\/v2\/media?parent=301621"}],"wp:term":[{"taxonomy":"product_brand","embeddable":true,"href":"https:\/\/www.qxworld.eu\/ro\/wp-json\/wp\/v2\/product_brand?post=301621"},{"taxonomy":"product_cat","embeddable":true,"href":"https:\/\/www.qxworld.eu\/ro\/wp-json\/wp\/v2\/product_cat?post=301621"},{"taxonomy":"product_tag","embeddable":true,"href":"https:\/\/www.qxworld.eu\/ro\/wp-json\/wp\/v2\/product_tag?post=301621"}],"curies":[{"name":"wp","href":"https:\/\/api.w.org\/{rel}","templated":true}]}}