{"id":302051,"date":"2025-03-13T12:48:16","date_gmt":"2025-03-13T11:48:16","guid":{"rendered":"https:\/\/www.qxworld.eu\/?post_type=product&#038;p=302051"},"modified":"2025-05-29T11:33:05","modified_gmt":"2025-05-29T09:33:05","slug":"intelegerea-add-adhd-hd","status":"publish","type":"product","link":"https:\/\/www.qxworld.eu\/ro\/product\/understanding-add-adhd-hd\/","title":{"rendered":"\u00cen\u021belegerea ADD, ADHD \u0219i HD: Strategii pentru gestionarea \u0219i sus\u021binerea eficient\u0103"},"content":{"rendered":"<p>Descoperi\u021bi noi abord\u0103ri pentru gestionarea tulbur\u0103rilor de deficit de aten\u021bie prin metode de biofeedback care sporesc concentrarea \u0219i reduc simptomele. Explora\u021bi tehnici pentru \u00eembun\u0103t\u0103\u021birea concentr\u0103rii, reducerea hiperactivit\u0103\u021bii \u0219i gestionarea provoc\u0103rilor comportamentale.<\/p>","protected":false},"excerpt":{"rendered":"<p>Descoperi\u021bi noi abord\u0103ri pentru gestionarea tulbur\u0103rilor de deficit de aten\u021bie prin metode de biofeedback care sporesc concentrarea \u0219i reduc simptomele. Explora\u021bi tehnici pentru \u00eembun\u0103t\u0103\u021birea concentr\u0103rii, reducerea hiperactivit\u0103\u021bii \u0219i gestionarea provoc\u0103rilor comportamentale.<\/p>","protected":false},"featured_media":302022,"template":"","meta":{"_acf_changed":false,"_seopress_robots_primary_cat":"none","_seopress_titles_title":"","_seopress_titles_desc":"","_seopress_robots_index":""},"product_brand":[],"product_cat":[101],"product_tag":[],"class_list":{"0":"post-302051","1":"product","2":"type-product","3":"status-publish","4":"has-post-thumbnail","6":"product_cat-ticket","8":"first","9":"instock","10":"virtual","11":"taxable","12":"purchasable","13":"product-type-simple"},"bundled_by":[],"bundle_stock_status":"instock","bundle_stock_quantity":null,"bundle_virtual":false,"bundle_layout":"","bundle_add_to_cart_form_location":"","bundle_editable_in_cart":false,"bundle_sold_individually_context":"","bundle_item_grouping":"","bundle_min_size":"","bundle_max_size":"","bundle_price":[],"bundled_items":[],"bundle_sell_ids":[],"acf":[],"_links":{"self":[{"href":"https:\/\/www.qxworld.eu\/ro\/wp-json\/wp\/v2\/product\/302051","targetHints":{"allow":["GET"]}}],"collection":[{"href":"https:\/\/www.qxworld.eu\/ro\/wp-json\/wp\/v2\/product"}],"about":[{"href":"https:\/\/www.qxworld.eu\/ro\/wp-json\/wp\/v2\/types\/product"}],"wp:featuredmedia":[{"embeddable":true,"href":"https:\/\/www.qxworld.eu\/ro\/wp-json\/wp\/v2\/media\/302022"}],"wp:attachment":[{"href":"https:\/\/www.qxworld.eu\/ro\/wp-json\/wp\/v2\/media?parent=302051"}],"wp:term":[{"taxonomy":"product_brand","embeddable":true,"href":"https:\/\/www.qxworld.eu\/ro\/wp-json\/wp\/v2\/product_brand?post=302051"},{"taxonomy":"product_cat","embeddable":true,"href":"https:\/\/www.qxworld.eu\/ro\/wp-json\/wp\/v2\/product_cat?post=302051"},{"taxonomy":"product_tag","embeddable":true,"href":"https:\/\/www.qxworld.eu\/ro\/wp-json\/wp\/v2\/product_tag?post=302051"}],"curies":[{"name":"wp","href":"https:\/\/api.w.org\/{rel}","templated":true}]}}