{"id":338758,"date":"2025-08-05T14:40:37","date_gmt":"2025-08-05T12:40:37","guid":{"rendered":"https:\/\/www.qxworld.eu\/?post_type=product&#038;p=338758"},"modified":"2025-11-10T14:16:47","modified_gmt":"2025-11-10T13:16:47","slug":"webinar-pentru-animale-schiopatarea-membrelor-anterioare-la-caine-pisica-si-cal","status":"publish","type":"product","link":"https:\/\/www.qxworld.eu\/ro\/product\/animal-webinar-front-limb-lameness-in-dog-cat-and-horse\/","title":{"rendered":"Animal Webinar - \u0218chiop\u0103tarea membrelor anterioare la c\u00e2ine, pisic\u0103 \u0219i cal"},"content":{"rendered":"<p>O privire comparativ\u0103 asupra diagnostic\u0103rii \u0219i gestion\u0103rii schiop\u0103t\u0103rii membrelor anterioare la diferite specii - observa\u021bii din cazuri canine, feline \u0219i ecvine.<\/p>","protected":false},"excerpt":{"rendered":"<p>O privire comparativ\u0103 asupra diagnostic\u0103rii \u0219i gestion\u0103rii schiop\u0103t\u0103rii membrelor anterioare la diferite specii - observa\u021bii din cazuri canine, feline \u0219i ecvine.<\/p>","protected":false},"featured_media":338761,"template":"","meta":{"_acf_changed":false,"_seopress_robots_primary_cat":"none","_seopress_titles_title":"Fundamentals of equine and canine skeleton.","_seopress_titles_desc":"","_seopress_robots_index":""},"product_brand":[],"product_cat":[101],"product_tag":[],"class_list":{"0":"post-338758","1":"product","2":"type-product","3":"status-publish","4":"has-post-thumbnail","6":"product_cat-ticket","8":"first","9":"instock","10":"virtual","11":"taxable","12":"purchasable","13":"product-type-simple"},"bundled_by":[],"bundle_stock_status":"instock","bundle_stock_quantity":null,"bundle_virtual":false,"bundle_layout":"","bundle_add_to_cart_form_location":"","bundle_editable_in_cart":false,"bundle_sold_individually_context":"","bundle_item_grouping":"","bundle_min_size":"","bundle_max_size":"","bundle_price":[],"bundled_items":[],"bundle_sell_ids":[],"acf":[],"_links":{"self":[{"href":"https:\/\/www.qxworld.eu\/ro\/wp-json\/wp\/v2\/product\/338758","targetHints":{"allow":["GET"]}}],"collection":[{"href":"https:\/\/www.qxworld.eu\/ro\/wp-json\/wp\/v2\/product"}],"about":[{"href":"https:\/\/www.qxworld.eu\/ro\/wp-json\/wp\/v2\/types\/product"}],"wp:featuredmedia":[{"embeddable":true,"href":"https:\/\/www.qxworld.eu\/ro\/wp-json\/wp\/v2\/media\/338761"}],"wp:attachment":[{"href":"https:\/\/www.qxworld.eu\/ro\/wp-json\/wp\/v2\/media?parent=338758"}],"wp:term":[{"taxonomy":"product_brand","embeddable":true,"href":"https:\/\/www.qxworld.eu\/ro\/wp-json\/wp\/v2\/product_brand?post=338758"},{"taxonomy":"product_cat","embeddable":true,"href":"https:\/\/www.qxworld.eu\/ro\/wp-json\/wp\/v2\/product_cat?post=338758"},{"taxonomy":"product_tag","embeddable":true,"href":"https:\/\/www.qxworld.eu\/ro\/wp-json\/wp\/v2\/product_tag?post=338758"}],"curies":[{"name":"wp","href":"https:\/\/api.w.org\/{rel}","templated":true}]}}