{"id":345819,"date":"2025-09-15T11:24:19","date_gmt":"2025-09-15T09:24:19","guid":{"rendered":"https:\/\/www.qxworld.eu\/?post_type=product&#038;p=345819"},"modified":"2025-09-15T11:24:52","modified_gmt":"2025-09-15T09:24:52","slug":"anatomie-fiziologie-patologie-2","status":"publish","type":"product","link":"https:\/\/www.qxworld.eu\/ro\/product\/anatomy-physiology-pathology\/","title":{"rendered":"Anatomie, fiziologie, patologie"},"content":{"rendered":"<p>Acest curs online cuprinz\u0103tor cu Carol Wilcock \u00een anatomie, fiziologie \u0219i patologie uman\u0103 acoper\u0103 toate sistemele majore ale corpului \u0219i afec\u021biunile comune. Acesta este special conceput pentru practicienii de biofeedback care doresc o \u00een\u021belegere mai profund\u0103 a dimensiunii fizice. Cu explica\u021bii clare, resurse vizuale bogate \u0219i beneficiul suplimentar al perspectivei experte a lui Carol, acest curs v\u0103 va extinde cuno\u0219tin\u021bele \u0219i v\u0103 va spori \u00eencrederea \u00een lucrul cu corpul.<\/p>","protected":false},"excerpt":{"rendered":"<p>This comprehensive online course with Carol Wilcock in Human Anatomy, Physiology, and Pathology covers all major body systems and common conditions. It is specially designed for biofeedback practitioners seeking a deeper understanding of the physical dimension. With clear explanations, rich visual resources, and the added benefit of Carol\u2019s expert insight, this course will expand your [&hellip;]<\/p>\n","protected":false},"featured_media":340712,"template":"","meta":{"_acf_changed":false,"_seopress_robots_primary_cat":"none","_seopress_titles_title":"","_seopress_titles_desc":"","_seopress_robots_index":""},"product_brand":[],"product_cat":[57],"product_tag":[],"class_list":{"0":"post-345819","1":"product","2":"type-product","3":"status-publish","4":"has-post-thumbnail","6":"product_cat-courses","8":"first","9":"instock","10":"taxable","11":"shipping-taxable","12":"purchasable","13":"product-type-simple"},"bundled_by":[],"bundle_stock_status":"instock","bundle_stock_quantity":null,"bundle_virtual":false,"bundle_layout":"","bundle_add_to_cart_form_location":"","bundle_editable_in_cart":false,"bundle_sold_individually_context":"","bundle_item_grouping":"","bundle_min_size":"","bundle_max_size":"","bundle_price":[],"bundled_items":[],"bundle_sell_ids":[],"acf":[],"_links":{"self":[{"href":"https:\/\/www.qxworld.eu\/ro\/wp-json\/wp\/v2\/product\/345819","targetHints":{"allow":["GET"]}}],"collection":[{"href":"https:\/\/www.qxworld.eu\/ro\/wp-json\/wp\/v2\/product"}],"about":[{"href":"https:\/\/www.qxworld.eu\/ro\/wp-json\/wp\/v2\/types\/product"}],"wp:featuredmedia":[{"embeddable":true,"href":"https:\/\/www.qxworld.eu\/ro\/wp-json\/wp\/v2\/media\/340712"}],"wp:attachment":[{"href":"https:\/\/www.qxworld.eu\/ro\/wp-json\/wp\/v2\/media?parent=345819"}],"wp:term":[{"taxonomy":"product_brand","embeddable":true,"href":"https:\/\/www.qxworld.eu\/ro\/wp-json\/wp\/v2\/product_brand?post=345819"},{"taxonomy":"product_cat","embeddable":true,"href":"https:\/\/www.qxworld.eu\/ro\/wp-json\/wp\/v2\/product_cat?post=345819"},{"taxonomy":"product_tag","embeddable":true,"href":"https:\/\/www.qxworld.eu\/ro\/wp-json\/wp\/v2\/product_tag?post=345819"}],"curies":[{"name":"wp","href":"https:\/\/api.w.org\/{rel}","templated":true}]}}