{"id":346537,"date":"2025-09-22T13:36:26","date_gmt":"2025-09-22T11:36:26","guid":{"rendered":"https:\/\/www.qxworld.eu\/?post_type=product&#038;p=346537"},"modified":"2026-03-16T16:15:19","modified_gmt":"2026-03-16T15:15:19","slug":"cum-traumele-din-copilarie-ne-atrag-in-tipare-toxice","status":"publish","type":"product","link":"https:\/\/www.qxworld.eu\/ro\/product\/how-childhood-trauma-draws-us-into-toxic-patterns\/","title":{"rendered":"Cum traumele din copil\u0103rie ne atrag \u00een tipare toxice la v\u00e2rsta adult\u0103"},"content":{"rendered":"<div data-v-85776206=\"\">\n<div data-v-85776206=\"\">\n<div class=\"split-line topic4Detail-item detail-item\" data-v-102c4052=\"\" data-v-85776206=\"\">\n<div class=\"zm-form-item mgb-md is-no-asterisk\" data-v-102c4052=\"\">\n<div class=\"zm-form-item__content\">\n<p id=\"agenda\" class=\"pdt-xs pdb-xs w-sp\" data-v-102c4052=\"\">Descoperi\u021bi cum traumele din copil\u0103rie \u0219i experien\u021bele din primii ani de via\u021b\u0103 ne modeleaz\u0103 \u00een mod semnificativ personalitatea, mecanismele de coping \u0219i tiparele comportamentale.<\/p>\n<\/div>\n<\/div>\n<\/div>\n<\/div>\n<\/div>","protected":false},"excerpt":{"rendered":"<p>Descoperi\u021bi cum traumele din copil\u0103rie \u0219i experien\u021bele din primii ani de via\u021b\u0103 ne modeleaz\u0103 \u00een mod semnificativ personalitatea, mecanismele de coping \u0219i tiparele comportamentale.<\/p>","protected":false},"featured_media":346538,"template":"","meta":{"_acf_changed":false,"_seopress_robots_primary_cat":"none","_seopress_titles_title":"","_seopress_titles_desc":"","_seopress_robots_index":""},"product_brand":[],"product_cat":[101],"product_tag":[],"class_list":{"0":"post-346537","1":"product","2":"type-product","3":"status-publish","4":"has-post-thumbnail","6":"product_cat-ticket","8":"first","9":"instock","10":"virtual","11":"taxable","12":"purchasable","13":"product-type-simple"},"bundled_by":[],"bundle_stock_status":"instock","bundle_stock_quantity":null,"bundle_virtual":false,"bundle_layout":"","bundle_add_to_cart_form_location":"","bundle_editable_in_cart":false,"bundle_sold_individually_context":"","bundle_item_grouping":"","bundle_min_size":"","bundle_max_size":"","bundle_price":[],"bundled_items":[],"bundle_sell_ids":[],"acf":[],"_links":{"self":[{"href":"https:\/\/www.qxworld.eu\/ro\/wp-json\/wp\/v2\/product\/346537","targetHints":{"allow":["GET"]}}],"collection":[{"href":"https:\/\/www.qxworld.eu\/ro\/wp-json\/wp\/v2\/product"}],"about":[{"href":"https:\/\/www.qxworld.eu\/ro\/wp-json\/wp\/v2\/types\/product"}],"wp:featuredmedia":[{"embeddable":true,"href":"https:\/\/www.qxworld.eu\/ro\/wp-json\/wp\/v2\/media\/346538"}],"wp:attachment":[{"href":"https:\/\/www.qxworld.eu\/ro\/wp-json\/wp\/v2\/media?parent=346537"}],"wp:term":[{"taxonomy":"product_brand","embeddable":true,"href":"https:\/\/www.qxworld.eu\/ro\/wp-json\/wp\/v2\/product_brand?post=346537"},{"taxonomy":"product_cat","embeddable":true,"href":"https:\/\/www.qxworld.eu\/ro\/wp-json\/wp\/v2\/product_cat?post=346537"},{"taxonomy":"product_tag","embeddable":true,"href":"https:\/\/www.qxworld.eu\/ro\/wp-json\/wp\/v2\/product_tag?post=346537"}],"curies":[{"name":"wp","href":"https:\/\/api.w.org\/{rel}","templated":true}]}}