{"id":361648,"date":"2026-01-19T15:19:55","date_gmt":"2026-01-19T14:19:55","guid":{"rendered":"https:\/\/www.qxworld.eu\/?post_type=product&#038;p=361648"},"modified":"2026-01-19T15:27:10","modified_gmt":"2026-01-19T14:27:10","slug":"webinar-de-vara-privind-sistemul-de-organe-2026","status":"publish","type":"product","link":"https:\/\/www.qxworld.eu\/ro\/product\/summer-organ-system-webinar-2026\/","title":{"rendered":"Webinar de var\u0103 - Sistemul de organe"},"content":{"rendered":"<p>\u2600\ufe0f <strong>Vara<\/strong><br \/>\n<em>Descoperi\u021bi cum inima \u0219i intestinul sub\u021bire modeleaz\u0103 circula\u021bia, echilibrul hormonal, claritatea mental\u0103 \u0219i vitalitatea care alimenteaz\u0103 conexiunea \u0219i bucuria.<\/em><\/p>\n<p>V\u0103 rug\u0103m s\u0103 re\u021bine\u021bi c\u0103 trebuie s\u0103 ave\u021bi un cont Zoom \u00eenregistrat pentru a putea participa la acest webinar. V\u0103 pute\u021bi \u00eenregistra <a href=\"https:\/\/zoom.us\/signup\" data-type=\"link\" data-id=\"https:\/\/zoom.us\/signup\"><strong>aici<\/strong><\/a>. \u00cen plus, v\u0103 rug\u0103m s\u0103 re\u021bine\u021bi c\u0103 \u00eenregistrarea la webinar se va opri cu 30 de minute \u00eenainte de \u00eenceperea programat\u0103.<\/p>","protected":false},"excerpt":{"rendered":"<p>\u2600\ufe0f Summer Discover how the heart and small intestine shape circulation, hormonal balance, mental clarity, and the vitality that fuels connection and joy. Please note that you will need to have a registered Zoom account in order to participate in this webinar. You may register here. Additionally, please note that webinar registration will stop 30 [&hellip;]<\/p>\n","protected":false},"featured_media":361642,"template":"","meta":{"_acf_changed":false,"_seopress_robots_primary_cat":"none","_seopress_titles_title":"","_seopress_titles_desc":"","_seopress_robots_index":""},"product_brand":[],"product_cat":[101],"product_tag":[],"class_list":{"0":"post-361648","1":"product","2":"type-product","3":"status-publish","4":"has-post-thumbnail","6":"product_cat-ticket","8":"first","9":"instock","10":"virtual","11":"taxable","12":"purchasable","13":"product-type-simple"},"bundled_by":[],"bundle_stock_status":"instock","bundle_stock_quantity":null,"bundle_virtual":false,"bundle_layout":"","bundle_add_to_cart_form_location":"","bundle_editable_in_cart":false,"bundle_sold_individually_context":"","bundle_item_grouping":"","bundle_min_size":"","bundle_max_size":"","bundle_price":[],"bundled_items":[],"bundle_sell_ids":[],"acf":[],"_links":{"self":[{"href":"https:\/\/www.qxworld.eu\/ro\/wp-json\/wp\/v2\/product\/361648","targetHints":{"allow":["GET"]}}],"collection":[{"href":"https:\/\/www.qxworld.eu\/ro\/wp-json\/wp\/v2\/product"}],"about":[{"href":"https:\/\/www.qxworld.eu\/ro\/wp-json\/wp\/v2\/types\/product"}],"wp:featuredmedia":[{"embeddable":true,"href":"https:\/\/www.qxworld.eu\/ro\/wp-json\/wp\/v2\/media\/361642"}],"wp:attachment":[{"href":"https:\/\/www.qxworld.eu\/ro\/wp-json\/wp\/v2\/media?parent=361648"}],"wp:term":[{"taxonomy":"product_brand","embeddable":true,"href":"https:\/\/www.qxworld.eu\/ro\/wp-json\/wp\/v2\/product_brand?post=361648"},{"taxonomy":"product_cat","embeddable":true,"href":"https:\/\/www.qxworld.eu\/ro\/wp-json\/wp\/v2\/product_cat?post=361648"},{"taxonomy":"product_tag","embeddable":true,"href":"https:\/\/www.qxworld.eu\/ro\/wp-json\/wp\/v2\/product_tag?post=361648"}],"curies":[{"name":"wp","href":"https:\/\/api.w.org\/{rel}","templated":true}]}}