{"id":362228,"date":"2026-01-26T12:18:30","date_gmt":"2026-01-26T11:18:30","guid":{"rendered":"https:\/\/www.qxworld.eu\/?post_type=product&#038;p=362228"},"modified":"2026-01-26T12:29:30","modified_gmt":"2026-01-26T11:29:30","slug":"planseul-pelvin-fundatia-ascunsa","status":"publish","type":"product","link":"https:\/\/www.qxworld.eu\/ro\/product\/the-pelvic-floor-the-hidden-foundation\/","title":{"rendered":"Plan\u0219eul pelvin: Funda\u021bia ascuns\u0103"},"content":{"rendered":"<p>Func\u021bia podelei pelvine este \u00eenc\u0103 pu\u021bin discutat\u0103, l\u0103s\u00e2nd multe persoane f\u0103r\u0103 limbajul sau cuno\u0219tin\u021bele de s\u0103n\u0103tate necesare pentru a recunoa\u0219te din timp problemele. Acest webinar exploreaz\u0103 anatomia \u0219i func\u021bia plan\u0219eului pelvin, miturile \u0219i simptomele comune, modul \u00een care v\u00e2rsta\/genetica\/sarcina \u00eel afecteaz\u0103 \u0219i ce sprijin\u0103 s\u0103n\u0103tatea plan\u0219eului pelvin pe tot parcursul vie\u021bii.<\/p>\n<p>V\u0103 rug\u0103m s\u0103 re\u021bine\u021bi c\u0103 trebuie s\u0103 ave\u021bi un cont Zoom \u00eenregistrat pentru a putea participa la acest webinar. V\u0103 pute\u021bi \u00eenregistra <a href=\"https:\/\/zoom.us\/signup\"><strong>aici<\/strong><\/a>. \u00cen plus, v\u0103 rug\u0103m s\u0103 re\u021bine\u021bi c\u0103 \u00eenregistrarea la webinar se va opri cu 30 de minute \u00eenainte de \u00eenceperea programat\u0103.<\/p>","protected":false},"excerpt":{"rendered":"<p>Pelvic floor function is still under-discussed, leaving many people without the language or health literacy to recognize concerns early. This webinar explores pelvic floor anatomy and function, myths and common symptoms, how age\/genetics\/pregnancy affect it\u2014and what supports pelvic floor health across life. Please note that you will need to have a registered Zoom account in [&hellip;]<\/p>\n","protected":false},"featured_media":362232,"template":"","meta":{"_acf_changed":false,"_seopress_robots_primary_cat":"none","_seopress_titles_title":"","_seopress_titles_desc":"","_seopress_robots_index":""},"product_brand":[],"product_cat":[101],"product_tag":[],"class_list":{"0":"post-362228","1":"product","2":"type-product","3":"status-publish","4":"has-post-thumbnail","6":"product_cat-ticket","8":"first","9":"instock","10":"virtual","11":"taxable","12":"purchasable","13":"product-type-simple"},"bundled_by":[],"bundle_stock_status":"instock","bundle_stock_quantity":null,"bundle_virtual":false,"bundle_layout":"","bundle_add_to_cart_form_location":"","bundle_editable_in_cart":false,"bundle_sold_individually_context":"","bundle_item_grouping":"","bundle_min_size":"","bundle_max_size":"","bundle_price":[],"bundled_items":[],"bundle_sell_ids":[],"acf":[],"_links":{"self":[{"href":"https:\/\/www.qxworld.eu\/ro\/wp-json\/wp\/v2\/product\/362228","targetHints":{"allow":["GET"]}}],"collection":[{"href":"https:\/\/www.qxworld.eu\/ro\/wp-json\/wp\/v2\/product"}],"about":[{"href":"https:\/\/www.qxworld.eu\/ro\/wp-json\/wp\/v2\/types\/product"}],"wp:featuredmedia":[{"embeddable":true,"href":"https:\/\/www.qxworld.eu\/ro\/wp-json\/wp\/v2\/media\/362232"}],"wp:attachment":[{"href":"https:\/\/www.qxworld.eu\/ro\/wp-json\/wp\/v2\/media?parent=362228"}],"wp:term":[{"taxonomy":"product_brand","embeddable":true,"href":"https:\/\/www.qxworld.eu\/ro\/wp-json\/wp\/v2\/product_brand?post=362228"},{"taxonomy":"product_cat","embeddable":true,"href":"https:\/\/www.qxworld.eu\/ro\/wp-json\/wp\/v2\/product_cat?post=362228"},{"taxonomy":"product_tag","embeddable":true,"href":"https:\/\/www.qxworld.eu\/ro\/wp-json\/wp\/v2\/product_tag?post=362228"}],"curies":[{"name":"wp","href":"https:\/\/api.w.org\/{rel}","templated":true}]}}