{"id":362250,"date":"2026-01-26T13:33:52","date_gmt":"2026-01-26T12:33:52","guid":{"rendered":"https:\/\/www.qxworld.eu\/?post_type=product&#038;p=362250"},"modified":"2026-04-15T11:18:32","modified_gmt":"2026-04-15T09:18:32","slug":"fibromialgia-marele-cameleon","status":"publish","type":"product","link":"https:\/\/www.qxworld.eu\/ro\/product\/fibromyalgia-the-great-chameleon\/","title":{"rendered":"Fibromialgia - marele cameleon printre bolile cronice"},"content":{"rendered":"<div data-v-85776206=\"\">\n<div data-v-85776206=\"\">\n<div class=\"split-line topic4Detail-item detail-item\" data-v-102c4052=\"\" data-v-85776206=\"\">\n<div class=\"zm-form-item mgb-md is-no-asterisk\" data-v-102c4052=\"\">\n<div class=\"zm-form-item__content\">\n<p id=\"agenda\" class=\"pdt-xs pdb-xs w-sp\" data-v-102c4052=\"\">Fibromialgia se bazeaz\u0103 pe interac\u021biunea complex\u0103 dintre stresul pe termen lung, povara emo\u021bional\u0103, dereglarea ANS, dezechilibrele stilului de via\u021b\u0103 \u0219i multe altele. Simptomele apar treptat, variaz\u0103 mult \u0219i imit\u0103 multe alte \u2019boli\u2019. Aceast\u0103 sesiune ar trebui s\u0103 fac\u0103 lumin\u0103 asupra \u2019DE CE\u2019 \u0219i va ar\u0103ta beneficiile unei abord\u0103ri holistice pline de compasiune.<\/p>\n<\/div>\n<\/div>\n<\/div>\n<\/div>\n<\/div>","protected":false},"excerpt":{"rendered":"<p>Fibromialgia se bazeaz\u0103 pe interac\u021biunea complex\u0103 dintre stresul pe termen lung, povara emo\u021bional\u0103, dereglarea ANS, dezechilibrele stilului de via\u021b\u0103 \u0219i multe altele. Simptomele apar treptat, variaz\u0103 mult \u0219i imit\u0103 multe alte \u2019boli\u2019. Aceast\u0103 sesiune ar trebui s\u0103 fac\u0103 lumin\u0103 asupra \u2019DE CE\u2019 \u0219i va ar\u0103ta beneficiile unei abord\u0103ri holistice pline de compasiune.<\/p>","protected":false},"featured_media":362253,"template":"","meta":{"_acf_changed":false,"_seopress_robots_primary_cat":"none","_seopress_titles_title":"Fundamentals of equine and canine skeleton.","_seopress_titles_desc":"","_seopress_robots_index":""},"product_brand":[],"product_cat":[101],"product_tag":[],"class_list":{"0":"post-362250","1":"product","2":"type-product","3":"status-publish","4":"has-post-thumbnail","6":"product_cat-ticket","8":"first","9":"instock","10":"virtual","11":"taxable","12":"purchasable","13":"product-type-simple"},"bundled_by":[],"bundle_stock_status":"instock","bundle_stock_quantity":null,"bundle_virtual":false,"bundle_layout":"","bundle_add_to_cart_form_location":"","bundle_editable_in_cart":false,"bundle_sold_individually_context":"","bundle_item_grouping":"","bundle_min_size":"","bundle_max_size":"","bundle_price":[],"bundled_items":[],"bundle_sell_ids":[],"acf":[],"_links":{"self":[{"href":"https:\/\/www.qxworld.eu\/ro\/wp-json\/wp\/v2\/product\/362250","targetHints":{"allow":["GET"]}}],"collection":[{"href":"https:\/\/www.qxworld.eu\/ro\/wp-json\/wp\/v2\/product"}],"about":[{"href":"https:\/\/www.qxworld.eu\/ro\/wp-json\/wp\/v2\/types\/product"}],"wp:featuredmedia":[{"embeddable":true,"href":"https:\/\/www.qxworld.eu\/ro\/wp-json\/wp\/v2\/media\/362253"}],"wp:attachment":[{"href":"https:\/\/www.qxworld.eu\/ro\/wp-json\/wp\/v2\/media?parent=362250"}],"wp:term":[{"taxonomy":"product_brand","embeddable":true,"href":"https:\/\/www.qxworld.eu\/ro\/wp-json\/wp\/v2\/product_brand?post=362250"},{"taxonomy":"product_cat","embeddable":true,"href":"https:\/\/www.qxworld.eu\/ro\/wp-json\/wp\/v2\/product_cat?post=362250"},{"taxonomy":"product_tag","embeddable":true,"href":"https:\/\/www.qxworld.eu\/ro\/wp-json\/wp\/v2\/product_tag?post=362250"}],"curies":[{"name":"wp","href":"https:\/\/api.w.org\/{rel}","templated":true}]}}