{"id":365107,"date":"2026-02-11T10:29:30","date_gmt":"2026-02-11T09:29:30","guid":{"rendered":"https:\/\/www.qxworld.eu\/?post_type=product&#038;p=365107"},"modified":"2026-02-11T10:56:59","modified_gmt":"2026-02-11T09:56:59","slug":"intoarcerea-la-elementele-de-baza-homeopatia-si-ingrijirea-holistica-partea-4","status":"publish","type":"product","link":"https:\/\/www.qxworld.eu\/ro\/product\/back-to-basics-homeopathy-and-holistic-care-part-4\/","title":{"rendered":"\u00cenapoi la elementele de baz\u0103: homeopatia \u0219i \u00eengrijirea holistic\u0103 - Partea 4."},"content":{"rendered":"<p>Opri\u021bi zgomotul - reveni\u021bi la vindecarea la nivelul r\u0103d\u0103cinilor cu homeopatie \u0219i \u00eengrijire holistic\u0103.<\/p>\n<p>V\u0103 rug\u0103m s\u0103 re\u021bine\u021bi c\u0103 trebuie s\u0103 ave\u021bi un cont Zoom \u00eenregistrat pentru a putea participa la acest webinar. V\u0103 pute\u021bi \u00eenregistra <a href=\"https:\/\/zoom.us\/signup\" data-type=\"link\" data-id=\"https:\/\/zoom.us\/signup\"><strong>aici<\/strong><\/a>. \u00cen plus, v\u0103 rug\u0103m s\u0103 re\u021bine\u021bi c\u0103 \u00eenregistrarea la webinar se va opri cu 30 de minute \u00eenainte de \u00eenceperea programat\u0103.<\/p>","protected":false},"excerpt":{"rendered":"<p>Trece\u021bi peste zgomot - reveni\u021bi la vindecarea la nivelul r\u0103d\u0103cinilor cu homeopatie \u0219i \u00eengrijire holistic\u0103. V\u0103 rug\u0103m s\u0103 re\u021bine\u021bi c\u0103 va trebui s\u0103 ave\u021bi un cont Zoom \u00eenregistrat pentru a putea participa la acest webinar. V\u0103 pute\u021bi \u00eenregistra aici. \u00cen plus, v\u0103 rug\u0103m s\u0103 re\u021bine\u021bi c\u0103 \u00eenregistrarea la webinar se va opri cu 30 de minute \u00eenainte de \u00eenceperea programat\u0103.<\/p>","protected":false},"featured_media":365109,"template":"","meta":{"_acf_changed":false,"_seopress_robots_primary_cat":"none","_seopress_titles_title":"","_seopress_titles_desc":"","_seopress_robots_index":""},"product_brand":[],"product_cat":[101],"product_tag":[],"class_list":{"0":"post-365107","1":"product","2":"type-product","3":"status-publish","4":"has-post-thumbnail","6":"product_cat-ticket","8":"first","9":"instock","10":"virtual","11":"taxable","12":"purchasable","13":"product-type-simple"},"bundled_by":[],"bundle_stock_status":"instock","bundle_stock_quantity":null,"bundle_virtual":false,"bundle_layout":"","bundle_add_to_cart_form_location":"","bundle_editable_in_cart":false,"bundle_sold_individually_context":"","bundle_item_grouping":"","bundle_min_size":"","bundle_max_size":"","bundle_price":[],"bundled_items":[],"bundle_sell_ids":[],"acf":[],"_links":{"self":[{"href":"https:\/\/www.qxworld.eu\/ro\/wp-json\/wp\/v2\/product\/365107","targetHints":{"allow":["GET"]}}],"collection":[{"href":"https:\/\/www.qxworld.eu\/ro\/wp-json\/wp\/v2\/product"}],"about":[{"href":"https:\/\/www.qxworld.eu\/ro\/wp-json\/wp\/v2\/types\/product"}],"wp:featuredmedia":[{"embeddable":true,"href":"https:\/\/www.qxworld.eu\/ro\/wp-json\/wp\/v2\/media\/365109"}],"wp:attachment":[{"href":"https:\/\/www.qxworld.eu\/ro\/wp-json\/wp\/v2\/media?parent=365107"}],"wp:term":[{"taxonomy":"product_brand","embeddable":true,"href":"https:\/\/www.qxworld.eu\/ro\/wp-json\/wp\/v2\/product_brand?post=365107"},{"taxonomy":"product_cat","embeddable":true,"href":"https:\/\/www.qxworld.eu\/ro\/wp-json\/wp\/v2\/product_cat?post=365107"},{"taxonomy":"product_tag","embeddable":true,"href":"https:\/\/www.qxworld.eu\/ro\/wp-json\/wp\/v2\/product_tag?post=365107"}],"curies":[{"name":"wp","href":"https:\/\/api.w.org\/{rel}","templated":true}]}}