{"id":95910,"date":"2022-01-14T14:50:14","date_gmt":"2022-01-14T12:50:14","guid":{"rendered":"https:\/\/www.qxworld.eu\/?post_type=product&#038;p=95910"},"modified":"2022-01-14T15:48:09","modified_gmt":"2022-01-14T13:48:09","slug":"qx-world-online-congress-2021-super-learning-definitely-not-a-myth-de-gage-tarrant-2","status":"publish","type":"product","link":"https:\/\/www.qxworld.eu\/ro\/product\/qx-world-online-congress-2021-super-learning-definitely-not-a-myth-by-gage-tarrant\/","title":{"rendered":"QX World Online Congress 2021 - Super-learning: Categoric nu este un mit de Gage Tarrant"},"content":{"rendered":"<p><strong>Spre bucuria noastr\u0103, Gage Tarrant este din nou pe scena QX<\/strong> cu \u00eenc\u0103 un subiect fascinant: super\u00eenv\u0103\u021barea. O tehnic\u0103 care v\u0103 maximizeaz\u0103 viteza de \u00eenv\u0103\u021bare, eficien\u021ba \u0219i capacitatea de aten\u021bie prin exerci\u021bii de relaxare care vizeaz\u0103 stimularea p\u0103r\u021bilor creierului pe care nu le folosim la poten\u021bialul lor maxim.<\/p>\n<p>&nbsp;<\/p>\n<p>*Local taxes may apply<\/p>","protected":false},"excerpt":{"rendered":"<p>Spre bucuria noastr\u0103 a tuturor, Gage Tarrant revine pe scena QX cu \u00eenc\u0103 un subiect fascinant: super\u00eenv\u0103\u021barea. O tehnic\u0103 care v\u0103 maximizeaz\u0103 viteza de \u00eenv\u0103\u021bare, eficien\u021ba \u0219i capacitatea de aten\u021bie prin exerci\u021bii de relaxare care urm\u0103resc s\u0103 stimuleze p\u0103r\u021bile creierului pe care nu le folosim la poten\u021bialul lor maxim.   *Se pot aplica taxe locale<\/p>","protected":false},"featured_media":95531,"template":"","meta":{"_acf_changed":false,"_seopress_robots_primary_cat":"57","_seopress_titles_title":"","_seopress_titles_desc":"","_seopress_robots_index":""},"product_brand":[],"product_cat":[57],"product_tag":[],"class_list":{"0":"post-95910","1":"product","2":"type-product","3":"status-publish","4":"has-post-thumbnail","6":"product_cat-courses","8":"first","9":"instock","10":"taxable","11":"shipping-taxable","12":"purchasable","13":"product-type-simple"},"bundled_by":[],"bundle_stock_status":"instock","bundle_stock_quantity":null,"bundle_virtual":false,"bundle_layout":"","bundle_add_to_cart_form_location":"","bundle_editable_in_cart":false,"bundle_sold_individually_context":"","bundle_item_grouping":"","bundle_min_size":"","bundle_max_size":"","bundle_price":[],"bundled_items":[],"bundle_sell_ids":[],"acf":[],"_links":{"self":[{"href":"https:\/\/www.qxworld.eu\/ro\/wp-json\/wp\/v2\/product\/95910","targetHints":{"allow":["GET"]}}],"collection":[{"href":"https:\/\/www.qxworld.eu\/ro\/wp-json\/wp\/v2\/product"}],"about":[{"href":"https:\/\/www.qxworld.eu\/ro\/wp-json\/wp\/v2\/types\/product"}],"wp:featuredmedia":[{"embeddable":true,"href":"https:\/\/www.qxworld.eu\/ro\/wp-json\/wp\/v2\/media\/95531"}],"wp:attachment":[{"href":"https:\/\/www.qxworld.eu\/ro\/wp-json\/wp\/v2\/media?parent=95910"}],"wp:term":[{"taxonomy":"product_brand","embeddable":true,"href":"https:\/\/www.qxworld.eu\/ro\/wp-json\/wp\/v2\/product_brand?post=95910"},{"taxonomy":"product_cat","embeddable":true,"href":"https:\/\/www.qxworld.eu\/ro\/wp-json\/wp\/v2\/product_cat?post=95910"},{"taxonomy":"product_tag","embeddable":true,"href":"https:\/\/www.qxworld.eu\/ro\/wp-json\/wp\/v2\/product_tag?post=95910"}],"curies":[{"name":"wp","href":"https:\/\/api.w.org\/{rel}","templated":true}]}}