{"id":95987,"date":"2022-01-14T15:15:46","date_gmt":"2022-01-14T13:15:46","guid":{"rendered":"https:\/\/www.qxworld.eu\/?post_type=product&#038;p=95987"},"modified":"2022-01-14T15:46:41","modified_gmt":"2022-01-14T13:46:41","slug":"qx-world-online-congress-2021-how-to-improve-performance-with-the-sports-program-by-margret-margretardottir-2","status":"publish","type":"product","link":"https:\/\/www.qxworld.eu\/ro\/product\/qx-world-online-congress-2021-how-to-improve-performance-with-the-sports-program-by-margret-margretardottir\/","title":{"rendered":"QX World Online Congress 2021 - Cum s\u0103 \u00eembun\u0103t\u0103\u021bi\u021bi performan\u021ba cu programul sportiv de Margr\u00e9t Margr\u00e9tard\u00f3ttir"},"content":{"rendered":"<p>Margr\u00e9t is going to <strong>give us a tour of the most important Sport panels<\/strong>, developed specifically for atheletes who\u2019d like to <strong>maximize their performance both physically and mentally.<\/strong><\/p>\n<p>&nbsp;<\/p>\n<p>*Local taxes may apply<\/p>","protected":false},"excerpt":{"rendered":"<p>Margr\u00e9t ne va oferi un tur al celor mai importante panouri sportive, dezvoltate special pentru atle\u021bii care doresc s\u0103 \u00ee\u0219i maximizeze performan\u021ba fizic\u0103 \u0219i mental\u0103.   *Se pot aplica taxe locale<\/p>","protected":false},"featured_media":95521,"template":"","meta":{"_acf_changed":false,"_seopress_robots_primary_cat":"57","_seopress_titles_title":"","_seopress_titles_desc":"","_seopress_robots_index":""},"product_brand":[],"product_cat":[57],"product_tag":[],"class_list":{"0":"post-95987","1":"product","2":"type-product","3":"status-publish","4":"has-post-thumbnail","6":"product_cat-courses","8":"first","9":"instock","10":"taxable","11":"shipping-taxable","12":"purchasable","13":"product-type-simple"},"bundled_by":[],"bundle_stock_status":"instock","bundle_stock_quantity":null,"bundle_virtual":false,"bundle_layout":"","bundle_add_to_cart_form_location":"","bundle_editable_in_cart":false,"bundle_sold_individually_context":"","bundle_item_grouping":"","bundle_min_size":"","bundle_max_size":"","bundle_price":[],"bundled_items":[],"bundle_sell_ids":[],"acf":[],"_links":{"self":[{"href":"https:\/\/www.qxworld.eu\/ro\/wp-json\/wp\/v2\/product\/95987","targetHints":{"allow":["GET"]}}],"collection":[{"href":"https:\/\/www.qxworld.eu\/ro\/wp-json\/wp\/v2\/product"}],"about":[{"href":"https:\/\/www.qxworld.eu\/ro\/wp-json\/wp\/v2\/types\/product"}],"wp:featuredmedia":[{"embeddable":true,"href":"https:\/\/www.qxworld.eu\/ro\/wp-json\/wp\/v2\/media\/95521"}],"wp:attachment":[{"href":"https:\/\/www.qxworld.eu\/ro\/wp-json\/wp\/v2\/media?parent=95987"}],"wp:term":[{"taxonomy":"product_brand","embeddable":true,"href":"https:\/\/www.qxworld.eu\/ro\/wp-json\/wp\/v2\/product_brand?post=95987"},{"taxonomy":"product_cat","embeddable":true,"href":"https:\/\/www.qxworld.eu\/ro\/wp-json\/wp\/v2\/product_cat?post=95987"},{"taxonomy":"product_tag","embeddable":true,"href":"https:\/\/www.qxworld.eu\/ro\/wp-json\/wp\/v2\/product_tag?post=95987"}],"curies":[{"name":"wp","href":"https:\/\/api.w.org\/{rel}","templated":true}]}}