{"id":130172,"date":"2022-02-11T18:05:57","date_gmt":"2022-02-11T16:05:57","guid":{"rendered":"https:\/\/www.qxworld.eu\/product\/electroacupuncture-a-tool-at-your-disposal-learn-how-to-easily-access-it-and-use-it"},"modified":"2023-06-26T13:59:44","modified_gmt":"2023-06-26T11:59:44","slug":"elektroakupunktur-ett-verktyg-till-ditt-forfogande-lar-dig-hur-du-enkelt-far-tillgang-till-det-och-anvander-det-2","status":"publish","type":"product","link":"https:\/\/www.qxworld.eu\/sv\/product\/electroacupuncture-a-tool-at-your-disposal-learn-how-to-easily-access-it-and-use-it\/","title":{"rendered":"Elektroakupunktur - ett verktyg till ditt f\u00f6rfogande"},"content":{"rendered":"<p><span style=\"font-weight: 400;\">Visste du att elektroakupunktur \u00e4r en av de grundpelare som v\u00e5r teknik bygger p\u00e5?<\/span><\/p>\n<p><span style=\"font-weight: 400;\">Om du vill veta exakt vad det inneb\u00e4r och vilka f\u00f6rdelarna och de viktigaste aspekterna av elektroakupunktur \u00e4r, \u00e4r du p\u00e5 r\u00e4tt plats h\u00e4r hos oss!<\/span><\/p>\n<p><span style=\"font-weight: 400;\">Ta tillf\u00e4llet i akt och kom till oss den 15 mars kl. 17.00 CET!<\/span><\/p>","protected":false},"excerpt":{"rendered":"<p>Did you know that electroacupuncture is one of the pillars that our technology relies on? If you want to learn what exactly it means and what the benefits and most important aspects of electroacupuncture are, your place is here with us! Take this opportunity and join us on March 15 at 5 pm CET!<\/p>","protected":false},"featured_media":130171,"template":"","meta":{"_acf_changed":false,"_seopress_robots_primary_cat":"","_seopress_titles_title":"","_seopress_titles_desc":"","_seopress_robots_index":"","_seopress_analysis_target_kw":""},"product_brand":[],"product_cat":[101],"product_tag":[],"class_list":{"0":"post-130172","1":"product","2":"type-product","3":"status-publish","4":"has-post-thumbnail","6":"product_cat-ticket","8":"first","9":"instock","10":"virtual","11":"sold-individually","12":"taxable","13":"purchasable","14":"product-type-simple"},"bundled_by":[],"bundle_stock_status":"instock","bundle_stock_quantity":null,"bundle_virtual":false,"bundle_layout":"","bundle_add_to_cart_form_location":"","bundle_editable_in_cart":false,"bundle_sold_individually_context":"","bundle_item_grouping":"","bundle_min_size":"","bundle_max_size":"","bundle_price":[],"bundled_items":[],"bundle_sell_ids":[],"acf":[],"_links":{"self":[{"href":"https:\/\/www.qxworld.eu\/sv\/wp-json\/wp\/v2\/product\/130172","targetHints":{"allow":["GET"]}}],"collection":[{"href":"https:\/\/www.qxworld.eu\/sv\/wp-json\/wp\/v2\/product"}],"about":[{"href":"https:\/\/www.qxworld.eu\/sv\/wp-json\/wp\/v2\/types\/product"}],"wp:featuredmedia":[{"embeddable":true,"href":"https:\/\/www.qxworld.eu\/sv\/wp-json\/wp\/v2\/media\/130171"}],"wp:attachment":[{"href":"https:\/\/www.qxworld.eu\/sv\/wp-json\/wp\/v2\/media?parent=130172"}],"wp:term":[{"taxonomy":"product_brand","embeddable":true,"href":"https:\/\/www.qxworld.eu\/sv\/wp-json\/wp\/v2\/product_brand?post=130172"},{"taxonomy":"product_cat","embeddable":true,"href":"https:\/\/www.qxworld.eu\/sv\/wp-json\/wp\/v2\/product_cat?post=130172"},{"taxonomy":"product_tag","embeddable":true,"href":"https:\/\/www.qxworld.eu\/sv\/wp-json\/wp\/v2\/product_tag?post=130172"}],"curies":[{"name":"wp","href":"https:\/\/api.w.org\/{rel}","templated":true}]}}