{"id":183620,"date":"2022-04-07T10:54:46","date_gmt":"2022-04-07T08:54:46","guid":{"rendered":"https:\/\/www.qxworld.eu\/?post_type=product&#038;p=183620"},"modified":"2022-04-07T11:03:57","modified_gmt":"2022-04-07T09:03:57","slug":"ateranslutning-till-var-sanna-multidimensionella-identitet-genom-aktivering-av-vara-gener-dna","status":"publish","type":"product","link":"https:\/\/www.qxworld.eu\/sv\/product\/reconnecting-to-our-true-multidimensional-identity-through-activating-our-genes-dna\/","title":{"rendered":"\u00c5terkoppla till v\u00e5r verkliga multidimensionella identitet genom aktivering av v\u00e5ra gener och DNA"},"content":{"rendered":"<div class=\"bb-ld-tabs\">\n<div class=\"ld-tabs ld-tab-count-1\">\n<div class=\"ld-tabs-content\">\n<div id=\"ld-tab-content-2628\" class=\"ld-tab-content ld-visible\" tabindex=\"0\" role=\"tabpanel\" aria-labelledby=\"content\">\n<p>I detta material presenterar Jacqueline protokoll f\u00f6r att rena och f\u00f6rb\u00e4ttra v\u00e5ra kromosomer \/ DNA \/ gener som \u00e4rvts fr\u00e5n v\u00e5r mor och far (Quantum LEAP) och f\u00f6rs\u00f6ker f\u00e5 kontakt med ut\u00f6vare som k\u00e4nner sig kallade att arbeta f\u00f6r planeten f\u00f6r ett sp\u00e4nnande projekt och bjuda in dig till ett nytt kvant\u00e4ventyr som syftar till att frig\u00f6ra den fulla kraften i v\u00e5ra kromosomer, gener och DNA och d\u00e4rmed l\u00e4ka dig, din familj, v\u00e5rt samh\u00e4lle, v\u00e5rt land, v\u00e5r kontinent, v\u00e5r planet.<\/p>\n<p>\"Jag tror att vi TILLSAMMANS kan hj\u00e4lpa planeten att ta ett kvantumspr\u00e5ng\"<\/p>\n<\/div>\n<\/div>\n<\/div>\n<\/div>","protected":false},"excerpt":{"rendered":"<p>In this material, Jacqueline presents protocols to cleanse &amp; enhance our chromosomes \/ DNA \/ genes inherited from our Mother &amp; Father (Quantum LEAP) and tries to connect with practitioners who feel called to work for the planet for an exciting project, and invite you to a New Quantum Adventure that aims at a freeing [&hellip;]<\/p>\n","protected":false},"featured_media":2629,"template":"","meta":{"_acf_changed":false,"_seopress_robots_primary_cat":"57","_seopress_titles_title":"","_seopress_titles_desc":"","_seopress_robots_index":""},"product_brand":[],"product_cat":[57],"product_tag":[],"class_list":{"0":"post-183620","1":"product","2":"type-product","3":"status-publish","4":"has-post-thumbnail","6":"product_cat-courses","8":"first","9":"instock","10":"taxable","11":"shipping-taxable","12":"purchasable","13":"product-type-simple"},"bundled_by":[],"bundle_stock_status":"instock","bundle_stock_quantity":null,"bundle_virtual":false,"bundle_layout":"","bundle_add_to_cart_form_location":"","bundle_editable_in_cart":false,"bundle_sold_individually_context":"","bundle_item_grouping":"","bundle_min_size":"","bundle_max_size":"","bundle_price":[],"bundled_items":[],"bundle_sell_ids":[],"acf":[],"_links":{"self":[{"href":"https:\/\/www.qxworld.eu\/sv\/wp-json\/wp\/v2\/product\/183620","targetHints":{"allow":["GET"]}}],"collection":[{"href":"https:\/\/www.qxworld.eu\/sv\/wp-json\/wp\/v2\/product"}],"about":[{"href":"https:\/\/www.qxworld.eu\/sv\/wp-json\/wp\/v2\/types\/product"}],"wp:featuredmedia":[{"embeddable":true,"href":"https:\/\/www.qxworld.eu\/sv\/wp-json\/wp\/v2\/media\/2629"}],"wp:attachment":[{"href":"https:\/\/www.qxworld.eu\/sv\/wp-json\/wp\/v2\/media?parent=183620"}],"wp:term":[{"taxonomy":"product_brand","embeddable":true,"href":"https:\/\/www.qxworld.eu\/sv\/wp-json\/wp\/v2\/product_brand?post=183620"},{"taxonomy":"product_cat","embeddable":true,"href":"https:\/\/www.qxworld.eu\/sv\/wp-json\/wp\/v2\/product_cat?post=183620"},{"taxonomy":"product_tag","embeddable":true,"href":"https:\/\/www.qxworld.eu\/sv\/wp-json\/wp\/v2\/product_tag?post=183620"}],"curies":[{"name":"wp","href":"https:\/\/api.w.org\/{rel}","templated":true}]}}