{"id":202567,"date":"2022-09-20T11:41:05","date_gmt":"2022-09-20T09:41:05","guid":{"rendered":"https:\/\/www.qxworld.eu\/product\/omnis-power-session-cover-all-bases-with-anti-s-and-prayer-for-a-complete-stress-reactivity-profile-by-wim-verschelden-2\/"},"modified":"2023-11-13T11:55:29","modified_gmt":"2023-11-13T09:55:29","slug":"omnis-power-session-tack-alla-baser-med-anti-s-och-bon-for-en-komplett-stress-reaktivitetsprofil-av-wim-verschelden-2","status":"publish","type":"product","link":"https:\/\/www.qxworld.eu\/sv\/product\/omnis-power-session-cover-all-bases-with-anti-s-and-prayer-for-a-complete-stress-reactivity-profile-by-wim-verschelden-2\/","title":{"rendered":"Omnis Power Session - T\u00e4ck alla baser med Anti-S och Prayer f\u00f6r en komplett stressreaktivitetsprofil! Av Wim Verschelden"},"content":{"rendered":"<p>Anti-S<\/p>\n<p>Att sluta r\u00f6ka kan vara stressande. Men det beh\u00f6ver det inte vara! Med Anti-S kan du nu hj\u00e4lpa dina kunder att undertrycka r\u00f6ksuget med hj\u00e4lp av principerna f\u00f6r Quantum Biofeedback. Anti-S \u00e4r utformat som ett tv\u00e5stegsprotokoll och f\u00f6rs\u00f6ker invertera de utv\u00e4rderade vibrationsfrekvenserna och \u00e5terf\u00f6ra \u00f6nskan att r\u00f6ka samtidigt som stressfaktorerna som vanligtvis orsakar nikotin- och cigarettberoende minskas. P\u00e5 n\u00e5gra f\u00e5 sessioner kan dina kunder bli r\u00f6kfria l\u00e4ttare \u00e4n de n\u00e5gonsin hade kunnat f\u00f6rest\u00e4lla sig. Med tiden kommer ett uppf\u00f6ljningsbes\u00f6k att h\u00e5lla eventuella regress under kontroll!<\/p>\n<p>B\u00f6n<\/p>\n<p>Alla f\u00f6rtj\u00e4nar att k\u00e4nna sig andligt och k\u00e4nslom\u00e4ssigt balanserade. Och nu kan du f\u00e5 nyckeln med Prayer, utformad f\u00f6r att f\u00f6rdjupa avslappningspraxis, minska stressfaktorer och balansera de dagliga topparna och nedg\u00e5ngarna.<\/p>","protected":false},"excerpt":{"rendered":"<p>The Anti-S Quitting smoking can be stressful. Yet it doesn\u2019t have to be! With Anti-S you can now support your customers suppress the urge to smoke, using the principles of Quantum Biofeedback. Designed as a two-step protocol, the Anti-S works attempts to invert the evaluated vibrational frequencies and revert the desire to smoke while reducing [&hellip;]<\/p>\n","protected":false},"featured_media":203627,"template":"","meta":{"_acf_changed":false,"_seopress_robots_primary_cat":"","_seopress_titles_title":"Omnis Power: Complete Stress Reactivity Profile - QX World","_seopress_titles_desc":"Omnis Power Session - Cover all bases with Anti-S and Prayer for a complete Stress Reactivity Profile! By Wim Verschelden","_seopress_robots_index":""},"product_brand":[],"product_cat":[101],"product_tag":[],"class_list":{"0":"post-202567","1":"product","2":"type-product","3":"status-publish","4":"has-post-thumbnail","6":"product_cat-ticket","8":"first","9":"instock","10":"virtual","11":"taxable","12":"purchasable","13":"product-type-simple"},"bundled_by":[],"bundle_stock_status":"instock","bundle_stock_quantity":null,"bundle_virtual":false,"bundle_layout":"","bundle_add_to_cart_form_location":"","bundle_editable_in_cart":false,"bundle_sold_individually_context":"","bundle_item_grouping":"","bundle_min_size":"","bundle_max_size":"","bundle_price":[],"bundled_items":[],"bundle_sell_ids":[],"acf":[],"_links":{"self":[{"href":"https:\/\/www.qxworld.eu\/sv\/wp-json\/wp\/v2\/product\/202567","targetHints":{"allow":["GET"]}}],"collection":[{"href":"https:\/\/www.qxworld.eu\/sv\/wp-json\/wp\/v2\/product"}],"about":[{"href":"https:\/\/www.qxworld.eu\/sv\/wp-json\/wp\/v2\/types\/product"}],"wp:featuredmedia":[{"embeddable":true,"href":"https:\/\/www.qxworld.eu\/sv\/wp-json\/wp\/v2\/media\/203627"}],"wp:attachment":[{"href":"https:\/\/www.qxworld.eu\/sv\/wp-json\/wp\/v2\/media?parent=202567"}],"wp:term":[{"taxonomy":"product_brand","embeddable":true,"href":"https:\/\/www.qxworld.eu\/sv\/wp-json\/wp\/v2\/product_brand?post=202567"},{"taxonomy":"product_cat","embeddable":true,"href":"https:\/\/www.qxworld.eu\/sv\/wp-json\/wp\/v2\/product_cat?post=202567"},{"taxonomy":"product_tag","embeddable":true,"href":"https:\/\/www.qxworld.eu\/sv\/wp-json\/wp\/v2\/product_tag?post=202567"}],"curies":[{"name":"wp","href":"https:\/\/api.w.org\/{rel}","templated":true}]}}