{"id":212337,"date":"2024-03-08T11:55:27","date_gmt":"2024-03-08T09:55:27","guid":{"rendered":"https:\/\/www.qxworld.eu\/?post_type=product&#038;p=212337"},"modified":"2025-05-26T00:00:03","modified_gmt":"2025-05-25T22:00:03","slug":"omnis-unveiled-steg-in-i-fusionen-av-holistisk-halsovetenskap-nyborjarmanual","status":"publish","type":"product","link":"https:\/\/www.qxworld.eu\/sv\/product\/omnis-unveiled-step-into-the-fusion-of-holistic-health-science-beginners-manual\/","title":{"rendered":"OMNIS avt\u00e4ckt: Steg in i fusionen av holistisk h\u00e4lsa och vetenskap Nyb\u00f6rjarmanual"},"content":{"rendered":"<div class=\"elementor-element elementor-element-6b40c3a elementor-widget elementor-widget-text-editor\" data-id=\"6b40c3a\" data-element_type=\"widget\" data-widget_type=\"text-editor.default\">\n<div class=\"elementor-widget-container\">\n<div class=\"elementor-element elementor-element-6b40c3a elementor-widget elementor-widget-text-editor\" data-id=\"6b40c3a\" data-element_type=\"widget\" data-widget_type=\"text-editor.default\">\n<div class=\"elementor-widget-container\">\n<p>F\u00f6rdjupa dig i en helt ny kurs, berikad med aldrig tidigare sk\u00e5dat inneh\u00e5ll, viktiga tips, en stor m\u00e4ngd l\u00e4smaterial och viktig information, allt elegant presenterat i l\u00e4sformat med en vacker design, som v\u00e4gleder dig mot holistiskt v\u00e4lbefinnande. En videokurs finns ocks\u00e5 tillg\u00e4nglig med den manual som ing\u00e5r p\u00e5 f\u00f6ljande <a href=\"https:\/\/www.qxworld.eu\/product\/omnis-unveiled-step-into-the-fusion-of-holistic-health-science-beginners-guide\/\" target=\"_blank\" rel=\"noopener\">l\u00e4nk<\/a>.<\/p>\n<p>&nbsp;<\/p>\n<\/div>\n<\/div>\n<div class=\"elementor-element elementor-element-2589c76 elementor-widget elementor-widget-text-editor\" data-id=\"2589c76\" data-element_type=\"widget\" data-widget_type=\"text-editor.default\">\n<div class=\"elementor-widget-container\">\n<p>V\u00e5rt m\u00e5l \u00e4r att ge dig m\u00f6jlighet att utm\u00e4rka dig inom holistisk h\u00e4lso- och sjukv\u00e5rd, livsstilscoaching och n\u00e4ringsv\u00e4gledning. I slutet av din resa med den h\u00e4r guiden kommer du att vara v\u00e4l utrustad f\u00f6r att ge omfattande r\u00e5d och insatser till dem du hj\u00e4lper.<\/p>\n<p>&nbsp;<\/p>\n<\/div>\n<\/div>\n<div class=\"elementor-element elementor-element-22eff2c elementor-widget elementor-widget-text-editor\" data-id=\"22eff2c\" data-element_type=\"widget\" data-widget_type=\"text-editor.default\">\n<div class=\"elementor-widget-container\">\n<p>Kursen kommer att v\u00e4gleda dig genom att f\u00f6rst\u00e5 de invecklade relationerna mellan de centrala systemen i m\u00e4nniskokroppen, med hj\u00e4lp av v\u00e5r OMNIS-programvara, och f\u00e5 insikter i dessa interaktioner, vilket hj\u00e4lper dig att till\u00e4mpa ett m\u00e5ngfacetterat tillv\u00e4gag\u00e5ngss\u00e4tt f\u00f6r att ta itu med de utmaningar du st\u00f6ter p\u00e5 i din praktik.<\/p>\n<\/div>\n<p>&nbsp;<\/p>\n<div class=\"elementor-element elementor-element-6b40c3a elementor-widget elementor-widget-text-editor\" data-id=\"6b40c3a\" data-element_type=\"widget\" data-widget_type=\"text-editor.default\">\n<div class=\"elementor-widget-container\">\n<h4><strong>3 snabba steg f\u00f6r att f\u00e5 din <\/strong><b>Digital manual<\/b><\/h4>\n<p>&nbsp;<\/p>\n<h5><strong>STEG 1, Skapa ditt kostnadsfria Adobe-konto<\/strong><\/h5>\n<p>Detta kommer att skapa en\u00a0<a href=\"https:\/\/account.adobe.com\/\" target=\"_blank\" rel=\"noopener\">gratis Adobe-konto<\/a>\u00a0som du kan anv\u00e4nda f\u00f6r att komma \u00e5t dina b\u00f6cker<\/p>\n<p>&nbsp;<\/p>\n<h5><strong>STEG 2, Installera Adobe Digital Editions f\u00f6r din enhet<\/strong><\/h5>\n<p>Du kommer att beh\u00f6va anv\u00e4nda\u00a0<a href=\"https:\/\/www.adobe.com\/solutions\/ebook\/digital-editions\/download.html\" target=\"_blank\" rel=\"noopener\">L\u00e4sarapp f\u00f6r Adobe Digital Editions<\/a>\u00a0f\u00f6r att se dina b\u00f6cker.<\/p>\n<p><a href=\"https:\/\/adedownload.adobe.com\/pub\/adobe\/digitaleditions\/ADE_4.5_Installer.exe\" target=\"_blank\" rel=\"noopener\">Ladda ner Digital Edition Windows<\/a><\/p>\n<p><a href=\"https:\/\/adedownload.adobe.com\/pub\/adobe\/digitaleditions\/ADE_4.5_Installer.dmg\" target=\"_blank\" rel=\"noopener\">Ladda ner Digital Edition Macintosh<\/a><\/p>\n<p>F\u00f6r fler enhetsalternativ, v\u00e4nligen bes\u00f6k\u00a0<a href=\"https:\/\/www.adobe.com\/solutions\/ebook\/digital-editions\/download.html\" target=\"_blank\" rel=\"noopener\">Adobe Digital Editions nedladdningssida<\/a>.<\/p>\n<p>&nbsp;<\/p>\n<\/div>\n<\/div>\n<p>Se till att inte v\u00e4lja\u00a0<strong>Installera MacAfee Antivirus<\/strong>\u00a0under installationsprocessen \u00e4r det h\u00e4r antivirusprogrammet inte kompatibelt med v\u00e5r programvara.<\/p>\n<p>N\u00e4r du har installerat Adobe Digital Editions \u00f6ppnar du Adobe Digital Editions, g\u00e5r till Hj\u00e4lp, v\u00e4ljer Auktorisera dator och loggar sedan in med din Adobe-kontoinloggning som skapades i STEG 1.<\/p>\n<p>&nbsp;<\/p>\n<div class=\"elementor-element elementor-element-6b40c3a elementor-widget elementor-widget-text-editor\" data-id=\"6b40c3a\" data-element_type=\"widget\" data-widget_type=\"text-editor.default\">\n<div class=\"elementor-widget-container\">\n<h5><strong>STEG 3, Ladda ner din bok\u00e5tkomstfil fr\u00e5n din nedladdningsmeny<\/strong><\/h5>\n<p>H\u00e4mta din bok\u00e5tkomstfil antingen via\u00a0<a href=\"https:\/\/www.qxworld.eu\/members\/downloads\/\" target=\"_blank\" rel=\"noopener\">meny f\u00f6r nedladdning<\/a>\u00a0eller genom att anv\u00e4nda den l\u00e4nk som finns ovan. N\u00e4r du har laddat ner filen \u00f6ppnar du ACSM-filen med Adobe Digital Editions f\u00f6r att b\u00f6rja njuta av din bok.<\/p>\n<\/div>\n<\/div>\n<\/div>\n<\/div>\n<\/div>","protected":false},"excerpt":{"rendered":"<div class=\"elementor-element elementor-element-6b40c3a elementor-widget elementor-widget-text-editor\" data-id=\"6b40c3a\" data-element_type=\"widget\" data-widget_type=\"text-editor.default\">\n<div class=\"elementor-widget-container\">\n<p>F\u00f6rdjupa dig i en helt ny kurs, berikad med aldrig tidigare sk\u00e5dat inneh\u00e5ll, viktiga tips, en stor m\u00e4ngd l\u00e4smaterial och viktig information, allt elegant presenterat i l\u00e4sformat med en vacker design, som v\u00e4gleder dig mot holistiskt v\u00e4lbefinnande. En videokurs finns ocks\u00e5 tillg\u00e4nglig med den manual som ing\u00e5r p\u00e5 f\u00f6ljande <a href=\"https:\/\/www.qxworld.eu\/product\/omnis-unveiled-step-into-the-fusion-of-holistic-health-science-beginners-guide\/\" target=\"_blank\" rel=\"noopener\">l\u00e4nk<\/a>.<\/p>\n<\/div>\n<\/div>","protected":false},"featured_media":212895,"template":"","meta":{"_acf_changed":false,"_seopress_robots_primary_cat":"none","_seopress_titles_title":"","_seopress_titles_desc":"Immerse yourself in a brand-new course, enriched with never seen before content, essential tips, a vast expanse of reading material, and vital information, all elegantly presented in both video and reading format with a beautiful design, guiding you towards holistic wellness.Our aim is to empower you to excel in holistic healthcare, lifestyle coaching, and nutritional guidance. By the end of your journey with this guide, you\u2019ll be well-equipped to provide comprehensive advice and interventions to those you serve.The course will guide you through understanding the intricate relationships between the pivotal systems within the human body, using our OMNIS software, and gaining insights into these interactions, helping you apply a multifaceted approach to address the challenges you encounter in your practice.","_seopress_robots_index":""},"product_brand":[],"product_cat":[35],"product_tag":[],"class_list":{"0":"post-212337","1":"product","2":"type-product","3":"status-publish","4":"has-post-thumbnail","6":"product_cat-uncategorized","8":"first","9":"instock","10":"downloadable","11":"sold-individually","12":"taxable","13":"shipping-taxable","14":"purchasable","15":"product-type-simple"},"bundled_by":[],"bundle_stock_status":"instock","bundle_stock_quantity":null,"bundle_virtual":false,"bundle_layout":"","bundle_add_to_cart_form_location":"","bundle_editable_in_cart":false,"bundle_sold_individually_context":"","bundle_item_grouping":"","bundle_min_size":"","bundle_max_size":"","bundle_price":[],"bundled_items":[],"bundle_sell_ids":[],"acf":[],"_links":{"self":[{"href":"https:\/\/www.qxworld.eu\/sv\/wp-json\/wp\/v2\/product\/212337","targetHints":{"allow":["GET"]}}],"collection":[{"href":"https:\/\/www.qxworld.eu\/sv\/wp-json\/wp\/v2\/product"}],"about":[{"href":"https:\/\/www.qxworld.eu\/sv\/wp-json\/wp\/v2\/types\/product"}],"wp:featuredmedia":[{"embeddable":true,"href":"https:\/\/www.qxworld.eu\/sv\/wp-json\/wp\/v2\/media\/212895"}],"wp:attachment":[{"href":"https:\/\/www.qxworld.eu\/sv\/wp-json\/wp\/v2\/media?parent=212337"}],"wp:term":[{"taxonomy":"product_brand","embeddable":true,"href":"https:\/\/www.qxworld.eu\/sv\/wp-json\/wp\/v2\/product_brand?post=212337"},{"taxonomy":"product_cat","embeddable":true,"href":"https:\/\/www.qxworld.eu\/sv\/wp-json\/wp\/v2\/product_cat?post=212337"},{"taxonomy":"product_tag","embeddable":true,"href":"https:\/\/www.qxworld.eu\/sv\/wp-json\/wp\/v2\/product_tag?post=212337"}],"curies":[{"name":"wp","href":"https:\/\/api.w.org\/{rel}","templated":true}]}}