{"id":213539,"date":"2024-04-15T12:10:32","date_gmt":"2024-04-15T10:10:32","guid":{"rendered":"https:\/\/www.qxworld.eu\/product\/metamind-8-aging-beauty-through-inner-health-and-bi-face-the-multifaceted-symmetry\/"},"modified":"2024-05-16T09:55:20","modified_gmt":"2024-05-16T07:55:20","slug":"metamind-8-aging-beauty-through-inner-health-and-bi-face-the-multifaceted-symmetry-2","status":"publish","type":"product","link":"https:\/\/www.qxworld.eu\/sv\/product\/metamind-8-aging-beauty-through-inner-health-and-bi-face-the-multifaceted-symmetry\/","title":{"rendered":"METAMIND #8 \u2013 Aging: Beauty Through Inner Health and Bi-Face, the Multifaceted Symmetry"},"content":{"rendered":"<p><span class=\"NormalTextRun SCXW54474130 BCX9\">Please note that you will need to have a registered Zoom account <\/span><span class=\"NormalTextRun AdvancedProofingIssueV2Themed SCXW54474130 BCX9\">in order to<\/span> <span class=\"NormalTextRun SCXW54474130 BCX9\">participate<\/span><span class=\"NormalTextRun SCXW54474130 BCX9\"> in this <\/span><span class=\"NormalTextRun SCXW54474130 BCX9\">webinar<\/span><span class=\"NormalTextRun SCXW54474130 BCX9\">. You may register here: https:\/\/zoom.us\/signup. Do not forget to log in to your QX account before <\/span><span class=\"NormalTextRun SCXW54474130 BCX9\">purchasing<\/span><span class=\"NormalTextRun SCXW54474130 BCX9\"> your ticket, so that you may get access to the recorded meeting once it <\/span><span class=\"NormalTextRun ContextualSpellingAndGrammarErrorV2Themed SCXW54474130 BCX9\">will have<\/span><span class=\"NormalTextRun SCXW54474130 BCX9\"> been uploaded.<\/span><\/p>","protected":false},"excerpt":{"rendered":"<p>Observera att du m\u00e5ste ha ett registrerat Zoom-konto f\u00f6r att kunna delta i detta webbseminarium. Du kan registrera dig h\u00e4r: https:\/\/zoom.us\/signup. Gl\u00f6m inte att logga in p\u00e5 ditt QX-konto innan du k\u00f6per din biljett, s\u00e5 att du kan f\u00e5 tillg\u00e5ng till det inspelade m\u00f6tet n\u00e4r det har laddats upp.<\/p>","protected":false},"featured_media":213540,"template":"","meta":{"_acf_changed":false,"_seopress_robots_primary_cat":"","_seopress_titles_title":"","_seopress_titles_desc":"","_seopress_robots_index":"","_seopress_analysis_target_kw":""},"product_brand":[],"product_cat":[101],"product_tag":[],"class_list":{"0":"post-213539","1":"product","2":"type-product","3":"status-publish","4":"has-post-thumbnail","6":"product_cat-ticket","8":"first","9":"instock","10":"virtual","11":"taxable","12":"purchasable","13":"product-type-simple"},"bundled_by":[],"bundle_stock_status":"instock","bundle_stock_quantity":null,"bundle_virtual":false,"bundle_layout":"","bundle_add_to_cart_form_location":"","bundle_editable_in_cart":false,"bundle_sold_individually_context":"","bundle_item_grouping":"","bundle_min_size":"","bundle_max_size":"","bundle_price":[],"bundled_items":[],"bundle_sell_ids":[],"acf":[],"_links":{"self":[{"href":"https:\/\/www.qxworld.eu\/sv\/wp-json\/wp\/v2\/product\/213539","targetHints":{"allow":["GET"]}}],"collection":[{"href":"https:\/\/www.qxworld.eu\/sv\/wp-json\/wp\/v2\/product"}],"about":[{"href":"https:\/\/www.qxworld.eu\/sv\/wp-json\/wp\/v2\/types\/product"}],"wp:featuredmedia":[{"embeddable":true,"href":"https:\/\/www.qxworld.eu\/sv\/wp-json\/wp\/v2\/media\/213540"}],"wp:attachment":[{"href":"https:\/\/www.qxworld.eu\/sv\/wp-json\/wp\/v2\/media?parent=213539"}],"wp:term":[{"taxonomy":"product_brand","embeddable":true,"href":"https:\/\/www.qxworld.eu\/sv\/wp-json\/wp\/v2\/product_brand?post=213539"},{"taxonomy":"product_cat","embeddable":true,"href":"https:\/\/www.qxworld.eu\/sv\/wp-json\/wp\/v2\/product_cat?post=213539"},{"taxonomy":"product_tag","embeddable":true,"href":"https:\/\/www.qxworld.eu\/sv\/wp-json\/wp\/v2\/product_tag?post=213539"}],"curies":[{"name":"wp","href":"https:\/\/api.w.org\/{rel}","templated":true}]}}