{"id":222485,"date":"2024-08-26T13:22:48","date_gmt":"2024-08-26T11:22:48","guid":{"rendered":"https:\/\/www.qxworld.eu\/product\/metamind-5-expand-name-in-matrix-what-does-the-homotoxicology-connection-reveal-copy\/"},"modified":"2024-11-18T13:55:39","modified_gmt":"2024-11-18T12:55:39","slug":"metamind-expandera-namn-i-matris-vad-avslojar-homotoxikologianslutningen-3","status":"publish","type":"product","link":"https:\/\/www.qxworld.eu\/sv\/product\/chronic-pain-breaking-the-cycle-and-finding-relief\/","title":{"rendered":"Kronisk sm\u00e4rta: Bryt cykeln och hitta lindring"},"content":{"rendered":"<p>F\u00f6rst\u00e5 kroniska sm\u00e4rttillst\u00e5nd som fibromyalgi och erbjuda hopp och l\u00f6sningar f\u00f6r dem som st\u00e5r inf\u00f6r dessa utmaningar. Utforska tekniker f\u00f6r att hantera kronisk sm\u00e4rta, f\u00f6rb\u00e4ttra livskvaliteten och f\u00f6rb\u00e4ttra det allm\u00e4nna v\u00e4lbefinnandet genom Quantum Biofeedback.<\/p>","protected":false},"excerpt":{"rendered":"<p>F\u00f6rst\u00e5 kroniska sm\u00e4rttillst\u00e5nd som fibromyalgi och erbjuda hopp och l\u00f6sningar f\u00f6r dem som st\u00e5r inf\u00f6r dessa utmaningar. Utforska tekniker f\u00f6r att hantera kronisk sm\u00e4rta, f\u00f6rb\u00e4ttra livskvaliteten och f\u00f6rb\u00e4ttra det allm\u00e4nna v\u00e4lbefinnandet genom Quantum Biofeedback.<\/p>","protected":false},"featured_media":222497,"template":"","meta":{"_acf_changed":false,"_seopress_robots_primary_cat":"none","_seopress_titles_title":"","_seopress_titles_desc":"","_seopress_robots_index":""},"product_brand":[],"product_cat":[101],"product_tag":[],"class_list":{"0":"post-222485","1":"product","2":"type-product","3":"status-publish","4":"has-post-thumbnail","6":"product_cat-ticket","8":"first","9":"instock","10":"virtual","11":"taxable","12":"purchasable","13":"product-type-simple"},"bundled_by":[],"bundle_stock_status":"instock","bundle_stock_quantity":null,"bundle_virtual":false,"bundle_layout":"","bundle_add_to_cart_form_location":"","bundle_editable_in_cart":false,"bundle_sold_individually_context":"","bundle_item_grouping":"","bundle_min_size":"","bundle_max_size":"","bundle_price":[],"bundled_items":[],"bundle_sell_ids":[],"acf":[],"_links":{"self":[{"href":"https:\/\/www.qxworld.eu\/sv\/wp-json\/wp\/v2\/product\/222485","targetHints":{"allow":["GET"]}}],"collection":[{"href":"https:\/\/www.qxworld.eu\/sv\/wp-json\/wp\/v2\/product"}],"about":[{"href":"https:\/\/www.qxworld.eu\/sv\/wp-json\/wp\/v2\/types\/product"}],"wp:featuredmedia":[{"embeddable":true,"href":"https:\/\/www.qxworld.eu\/sv\/wp-json\/wp\/v2\/media\/222497"}],"wp:attachment":[{"href":"https:\/\/www.qxworld.eu\/sv\/wp-json\/wp\/v2\/media?parent=222485"}],"wp:term":[{"taxonomy":"product_brand","embeddable":true,"href":"https:\/\/www.qxworld.eu\/sv\/wp-json\/wp\/v2\/product_brand?post=222485"},{"taxonomy":"product_cat","embeddable":true,"href":"https:\/\/www.qxworld.eu\/sv\/wp-json\/wp\/v2\/product_cat?post=222485"},{"taxonomy":"product_tag","embeddable":true,"href":"https:\/\/www.qxworld.eu\/sv\/wp-json\/wp\/v2\/product_tag?post=222485"}],"curies":[{"name":"wp","href":"https:\/\/api.w.org\/{rel}","templated":true}]}}