{"id":222530,"date":"2024-08-26T15:19:30","date_gmt":"2024-08-26T13:19:30","guid":{"rendered":"https:\/\/www.qxworld.eu\/product\/metamind-9-dig-into-the-wonders-of-past-lives-copy\/"},"modified":"2025-01-06T12:19:42","modified_gmt":"2025-01-06T11:19:42","slug":"metamind-9-graver-i-underverk-fran-tidigare-liv","status":"publish","type":"product","link":"https:\/\/www.qxworld.eu\/sv\/product\/tackling-obesity-and-diabetes\/","title":{"rendered":"Motverka fetma och diabetes: Att \u00f6vervinna sockerberoende f\u00f6r b\u00e4ttre h\u00e4lsa"},"content":{"rendered":"<p>L\u00e4r dig hur du hanterar och \u00f6vervinner fetma, diabetes och sockerberoende. F\u00f6rst\u00e5 de grundl\u00e4ggande orsakerna till dessa tillst\u00e5nd och hur Quantum Biofeedback kan hj\u00e4lpa till att reglera blodsockerniv\u00e5n, minska beg\u00e4r och fr\u00e4mja h\u00e4lsosam vikthantering.<\/p>","protected":false},"excerpt":{"rendered":"<p>L\u00e4r dig hur du hanterar och \u00f6vervinner fetma, diabetes och sockerberoende. F\u00f6rst\u00e5 de grundl\u00e4ggande orsakerna till dessa tillst\u00e5nd och hur Quantum Biofeedback kan hj\u00e4lpa till att reglera blodsockerniv\u00e5n, minska beg\u00e4r och fr\u00e4mja h\u00e4lsosam vikthantering.<\/p>","protected":false},"featured_media":222539,"template":"","meta":{"_acf_changed":false,"_seopress_robots_primary_cat":"none","_seopress_titles_title":"","_seopress_titles_desc":"","_seopress_robots_index":""},"product_brand":[],"product_cat":[101],"product_tag":[],"class_list":{"0":"post-222530","1":"product","2":"type-product","3":"status-publish","4":"has-post-thumbnail","6":"product_cat-ticket","8":"first","9":"instock","10":"virtual","11":"taxable","12":"purchasable","13":"product-type-simple"},"bundled_by":[],"bundle_stock_status":"instock","bundle_stock_quantity":null,"bundle_virtual":false,"bundle_layout":"","bundle_add_to_cart_form_location":"","bundle_editable_in_cart":false,"bundle_sold_individually_context":"","bundle_item_grouping":"","bundle_min_size":"","bundle_max_size":"","bundle_price":[],"bundled_items":[],"bundle_sell_ids":[],"acf":[],"_links":{"self":[{"href":"https:\/\/www.qxworld.eu\/sv\/wp-json\/wp\/v2\/product\/222530","targetHints":{"allow":["GET"]}}],"collection":[{"href":"https:\/\/www.qxworld.eu\/sv\/wp-json\/wp\/v2\/product"}],"about":[{"href":"https:\/\/www.qxworld.eu\/sv\/wp-json\/wp\/v2\/types\/product"}],"wp:featuredmedia":[{"embeddable":true,"href":"https:\/\/www.qxworld.eu\/sv\/wp-json\/wp\/v2\/media\/222539"}],"wp:attachment":[{"href":"https:\/\/www.qxworld.eu\/sv\/wp-json\/wp\/v2\/media?parent=222530"}],"wp:term":[{"taxonomy":"product_brand","embeddable":true,"href":"https:\/\/www.qxworld.eu\/sv\/wp-json\/wp\/v2\/product_brand?post=222530"},{"taxonomy":"product_cat","embeddable":true,"href":"https:\/\/www.qxworld.eu\/sv\/wp-json\/wp\/v2\/product_cat?post=222530"},{"taxonomy":"product_tag","embeddable":true,"href":"https:\/\/www.qxworld.eu\/sv\/wp-json\/wp\/v2\/product_tag?post=222530"}],"curies":[{"name":"wp","href":"https:\/\/api.w.org\/{rel}","templated":true}]}}