{"id":251680,"date":"2024-11-28T15:24:23","date_gmt":"2024-11-28T14:24:23","guid":{"rendered":"https:\/\/www.qxworld.eu\/product\/menopause-and-andropause-understanding-the-role-of-hormones-copy\/"},"modified":"2025-04-28T13:54:45","modified_gmt":"2025-04-28T11:54:45","slug":"metamind-8-aging-beauty-through-inner-health-and-bi-face-the-multifaceted-symmetry-14","status":"publish","type":"product","link":"https:\/\/www.qxworld.eu\/sv\/product\/degenerative-disorders\/","title":{"rendered":"Degenerativa sjukdomar: Framsteg i f\u00f6rst\u00e5elsen och hanteringen av kroniska tillst\u00e5nd"},"content":{"rendered":"<p>L\u00e4r dig om st\u00f6djande id\u00e9er f\u00f6r att hantera degenerativa st\u00f6rningar, f\u00f6rb\u00e4ttra livskvaliteten och fr\u00e4mja l\u00e4kning. F\u00f6rst\u00e5 hur Quantum Biofeedback kan sakta ner utvecklingen av tillst\u00e5nd som artrit, Parkinsons och Alzheimers.<\/p>\n<p>&nbsp;<\/p>\n<p>Please note that you will need to have a registered Zoom account in order to participate in this webinar. You may register here: https:\/\/zoom.us\/signup. Do not forget to log in to your QX account before purchasing your ticket, so that you may get access to the recorded meeting once it will have been uploaded. Additionally, please note that the sale of tickets will stop 30 minutes before the scheduled start.<\/p>","protected":false},"excerpt":{"rendered":"<p>Learn about supportive ideas on managing degenerative disorders, improving quality of life, and promoting healing. Understand how Quantum Biofeedback can slow the progression of conditions like arthritis, Parkinson&#8217;s, and Alzheimer&#8217;s. &nbsp; Please note that you will need to have a registered Zoom account in order to participate in this webinar. You may register here: https:\/\/zoom.us\/signup. [&hellip;]<\/p>\n","protected":false},"featured_media":251638,"template":"","meta":{"_acf_changed":false,"_seopress_robots_primary_cat":"none","_seopress_titles_title":"","_seopress_titles_desc":"","_seopress_robots_index":""},"product_brand":[],"product_cat":[57],"product_tag":[],"class_list":{"0":"post-251680","1":"product","2":"type-product","3":"status-publish","4":"has-post-thumbnail","6":"product_cat-courses","8":"first","9":"instock","10":"virtual","11":"taxable","12":"purchasable","13":"product-type-simple"},"bundled_by":[],"bundle_stock_status":"instock","bundle_stock_quantity":null,"bundle_virtual":false,"bundle_layout":"","bundle_add_to_cart_form_location":"","bundle_editable_in_cart":false,"bundle_sold_individually_context":"","bundle_item_grouping":"","bundle_min_size":"","bundle_max_size":"","bundle_price":[],"bundled_items":[],"bundle_sell_ids":[],"acf":[],"_links":{"self":[{"href":"https:\/\/www.qxworld.eu\/sv\/wp-json\/wp\/v2\/product\/251680","targetHints":{"allow":["GET"]}}],"collection":[{"href":"https:\/\/www.qxworld.eu\/sv\/wp-json\/wp\/v2\/product"}],"about":[{"href":"https:\/\/www.qxworld.eu\/sv\/wp-json\/wp\/v2\/types\/product"}],"wp:featuredmedia":[{"embeddable":true,"href":"https:\/\/www.qxworld.eu\/sv\/wp-json\/wp\/v2\/media\/251638"}],"wp:attachment":[{"href":"https:\/\/www.qxworld.eu\/sv\/wp-json\/wp\/v2\/media?parent=251680"}],"wp:term":[{"taxonomy":"product_brand","embeddable":true,"href":"https:\/\/www.qxworld.eu\/sv\/wp-json\/wp\/v2\/product_brand?post=251680"},{"taxonomy":"product_cat","embeddable":true,"href":"https:\/\/www.qxworld.eu\/sv\/wp-json\/wp\/v2\/product_cat?post=251680"},{"taxonomy":"product_tag","embeddable":true,"href":"https:\/\/www.qxworld.eu\/sv\/wp-json\/wp\/v2\/product_tag?post=251680"}],"curies":[{"name":"wp","href":"https:\/\/api.w.org\/{rel}","templated":true}]}}