{"id":289708,"date":"2025-01-28T13:26:25","date_gmt":"2025-01-28T12:26:25","guid":{"rendered":"https:\/\/www.qxworld.eu\/?post_type=product&#038;p=289708"},"modified":"2025-05-26T00:00:05","modified_gmt":"2025-05-25T22:00:05","slug":"mastering-advanced-quantum-biofeedback-and-omnis-integration-en-avancerad-manual","status":"publish","type":"product","link":"https:\/\/www.qxworld.eu\/sv\/product\/mastering-advanced-quantum-biofeedback-and-omnis-integration-an-advanced-manual\/","title":{"rendered":"Mastering Advanced Quantum Biofeedback och OMNIS Integration - En avancerad manual"},"content":{"rendered":"<div class=\"elementor-element elementor-element-6b40c3a elementor-widget elementor-widget-text-editor\" data-id=\"6b40c3a\" data-element_type=\"widget\" data-widget_type=\"text-editor.default\">\n<div class=\"elementor-widget-container\">\n<div class=\"elementor-element elementor-element-6b40c3a elementor-widget elementor-widget-text-editor\" data-id=\"6b40c3a\" data-element_type=\"widget\" data-widget_type=\"text-editor.default\">\n<div class=\"elementor-widget-container\">\n<p>Ta din holistiska h\u00e4lsoexpertis till n\u00e4sta niv\u00e5 med denna avancerade utbildning och guide. Den h\u00e4r kursen \u00e4r perfekt f\u00f6r dig som \u00e4r redo att utnyttja OMNIS-programmets fulla potential och dyka ner i de mest avancerade panelerna och verktygen f\u00f6r att uppt\u00e4cka de invecklade sambanden mellan kropp, sinne, k\u00e4nslor och ande.<\/p>\n<p>Du kommer att l\u00e4ra dig att unders\u00f6ka i detalj, l\u00e4gga ihop komplexa h\u00e4lsopussel och till\u00e4mpa banbrytande tekniker f\u00f6r att f\u00e5 djupg\u00e5ende insikter och skapa meningsfulla insatser.<\/p>\n<p>Det h\u00e4r programmet g\u00e5r ut\u00f6ver grunderna och ger dig f\u00e4rdigheter i att navigera i och anv\u00e4nda de mest sofistikerade funktionerna i OMNIS. Genom att beh\u00e4rska dessa verktyg kommer du att f\u00f6rb\u00e4ttra din precision och effektivitet, s\u00e5 att du kan leverera personlig och effektiv v\u00e5rd till dina kunder.<br \/>\nMed den h\u00e4r utbildningen f\u00e5r du sj\u00e4lvf\u00f6rtroendet att fullt ut utnyttja OMNIS funktioner, vilket \u00f6ppnar upp f\u00f6r nya m\u00f6jligheter inom holistisk h\u00e4lsa. Oavsett om det handlar om att l\u00f6sa invecklade utmaningar eller ge djupare insikter, kommer den h\u00e4r kursen att hj\u00e4lpa dig att lyfta din praktik till en helt ny niv\u00e5.<\/p>\n<p>&nbsp;<\/p>\n<p>En videokurs finns ocks\u00e5 tillg\u00e4nglig med den manual som ing\u00e5r i f\u00f6ljande <a href=\"https:\/\/www.qxworld.eu\/product\/mastering-advanced-quantum-biofeedback-and-omnis-integration-an-advanced-guide\/\" target=\"_blank\" rel=\"noopener\">l\u00e4nk<\/a>.<\/p>\n<\/div>\n<\/div>\n<div class=\"elementor-element elementor-element-22eff2c elementor-widget elementor-widget-text-editor\" data-id=\"22eff2c\" data-element_type=\"widget\" data-widget_type=\"text-editor.default\">\n<p>&nbsp;<\/p>\n<div class=\"elementor-element elementor-element-6b40c3a elementor-widget elementor-widget-text-editor\" data-id=\"6b40c3a\" data-element_type=\"widget\" data-widget_type=\"text-editor.default\">\n<div class=\"elementor-widget-container\">\n<h4><strong>3 snabba steg f\u00f6r att f\u00e5 din <\/strong><b>Digital manual<\/b><\/h4>\n<p>&nbsp;<\/p>\n<h5><strong>STEG 1, Skapa ditt kostnadsfria Adobe-konto<\/strong><\/h5>\n<p>Detta kommer att skapa en\u00a0<a href=\"https:\/\/account.adobe.com\/\" target=\"_blank\" rel=\"noopener\">gratis Adobe-konto<\/a>\u00a0som du kan anv\u00e4nda f\u00f6r att komma \u00e5t dina b\u00f6cker<\/p>\n<p>&nbsp;<\/p>\n<h5><strong>STEG 2, Installera Adobe Digital Editions f\u00f6r din enhet<\/strong><\/h5>\n<p>Du kommer att beh\u00f6va anv\u00e4nda\u00a0<a href=\"https:\/\/www.adobe.com\/solutions\/ebook\/digital-editions\/download.html\" target=\"_blank\" rel=\"noopener\">L\u00e4sarapp f\u00f6r Adobe Digital Editions<\/a>\u00a0f\u00f6r att se dina b\u00f6cker.<\/p>\n<p><a href=\"https:\/\/adedownload.adobe.com\/pub\/adobe\/digitaleditions\/ADE_4.5_Installer.exe\" target=\"_blank\" rel=\"noopener\">Ladda ner Digital Edition Windows<\/a><\/p>\n<p><a href=\"https:\/\/adedownload.adobe.com\/pub\/adobe\/digitaleditions\/ADE_4.5_Installer.dmg\" target=\"_blank\" rel=\"noopener\">Ladda ner Digital Edition Macintosh<\/a><\/p>\n<p>F\u00f6r fler enhetsalternativ, v\u00e4nligen bes\u00f6k\u00a0<a href=\"https:\/\/www.adobe.com\/solutions\/ebook\/digital-editions\/download.html\" target=\"_blank\" rel=\"noopener\">Adobe Digital Editions nedladdningssida<\/a>.<\/p>\n<p>&nbsp;<\/p>\n<\/div>\n<\/div>\n<p>Se till att inte v\u00e4lja\u00a0<strong>Installera MacAfee Antivirus<\/strong>\u00a0under installationsprocessen \u00e4r det h\u00e4r antivirusprogrammet inte kompatibelt med v\u00e5r programvara.<\/p>\n<p>N\u00e4r du har installerat Adobe Digital Editions \u00f6ppnar du Adobe Digital Editions, g\u00e5r till Hj\u00e4lp, v\u00e4ljer Auktorisera dator och loggar sedan in med din Adobe-kontoinloggning som skapades i STEG 1.<\/p>\n<p>&nbsp;<\/p>\n<div class=\"elementor-element elementor-element-6b40c3a elementor-widget elementor-widget-text-editor\" data-id=\"6b40c3a\" data-element_type=\"widget\" data-widget_type=\"text-editor.default\">\n<div class=\"elementor-widget-container\">\n<h5><strong>STEG 3, Ladda ner din bok\u00e5tkomstfil fr\u00e5n din nedladdningsmeny<\/strong><\/h5>\n<p>H\u00e4mta din bok\u00e5tkomstfil antingen via\u00a0<a href=\"https:\/\/www.qxworld.eu\/members\/downloads\/\" target=\"_blank\" rel=\"noopener\">meny f\u00f6r nedladdning<\/a>\u00a0eller genom att anv\u00e4nda den l\u00e4nk som finns ovan. N\u00e4r du har laddat ner filen \u00f6ppnar du ACSM-filen med Adobe Digital Editions f\u00f6r att b\u00f6rja njuta av din bok.<\/p>\n<\/div>\n<\/div>\n<\/div>\n<\/div>\n<\/div>","protected":false},"excerpt":{"rendered":"<p>Ta din holistiska h\u00e4lsoexpertis till n\u00e4sta niv\u00e5 med denna avancerade utbildning och guide. Den h\u00e4r kursen \u00e4r perfekt f\u00f6r dig som \u00e4r redo att utnyttja OMNIS-programmets fulla potential och dyka ner i de mest avancerade panelerna och verktygen f\u00f6r att uppt\u00e4cka de invecklade sambanden mellan kropp, sinne, k\u00e4nslor och ande.<\/p>","protected":false},"featured_media":289707,"template":"","meta":{"_acf_changed":false,"_seopress_robots_primary_cat":"none","_seopress_titles_title":"","_seopress_titles_desc":"","_seopress_robots_index":""},"product_brand":[],"product_cat":[35],"product_tag":[],"class_list":{"0":"post-289708","1":"product","2":"type-product","3":"status-publish","4":"has-post-thumbnail","6":"product_cat-uncategorized","8":"first","9":"instock","10":"downloadable","11":"sold-individually","12":"taxable","13":"shipping-taxable","14":"purchasable","15":"product-type-simple"},"bundled_by":[],"bundle_stock_status":"instock","bundle_stock_quantity":null,"bundle_virtual":false,"bundle_layout":"","bundle_add_to_cart_form_location":"","bundle_editable_in_cart":false,"bundle_sold_individually_context":"","bundle_item_grouping":"","bundle_min_size":"","bundle_max_size":"","bundle_price":[],"bundled_items":[],"bundle_sell_ids":[],"acf":[],"_links":{"self":[{"href":"https:\/\/www.qxworld.eu\/sv\/wp-json\/wp\/v2\/product\/289708","targetHints":{"allow":["GET"]}}],"collection":[{"href":"https:\/\/www.qxworld.eu\/sv\/wp-json\/wp\/v2\/product"}],"about":[{"href":"https:\/\/www.qxworld.eu\/sv\/wp-json\/wp\/v2\/types\/product"}],"wp:featuredmedia":[{"embeddable":true,"href":"https:\/\/www.qxworld.eu\/sv\/wp-json\/wp\/v2\/media\/289707"}],"wp:attachment":[{"href":"https:\/\/www.qxworld.eu\/sv\/wp-json\/wp\/v2\/media?parent=289708"}],"wp:term":[{"taxonomy":"product_brand","embeddable":true,"href":"https:\/\/www.qxworld.eu\/sv\/wp-json\/wp\/v2\/product_brand?post=289708"},{"taxonomy":"product_cat","embeddable":true,"href":"https:\/\/www.qxworld.eu\/sv\/wp-json\/wp\/v2\/product_cat?post=289708"},{"taxonomy":"product_tag","embeddable":true,"href":"https:\/\/www.qxworld.eu\/sv\/wp-json\/wp\/v2\/product_tag?post=289708"}],"curies":[{"name":"wp","href":"https:\/\/api.w.org\/{rel}","templated":true}]}}