{"id":338787,"date":"2025-08-05T16:01:20","date_gmt":"2025-08-05T14:01:20","guid":{"rendered":"https:\/\/www.qxworld.eu\/?post_type=product&#038;p=338787"},"modified":"2025-12-10T16:16:39","modified_gmt":"2025-12-10T15:16:39","slug":"webbinarium-for-djur-stod-till-hastar-med-kolik","status":"publish","type":"product","link":"https:\/\/www.qxworld.eu\/sv\/product\/animal-webinar-supporting-horses-with-colic\/","title":{"rendered":"Webbinarium f\u00f6r djur - St\u00f6d till h\u00e4star med kolik"},"content":{"rendered":"<p>F\u00f6lj med oss p\u00e5 v\u00e5r resa f\u00f6r att utforska och utveckla sambandet mellan djur och mags\u00e5r.<\/p>","protected":false},"excerpt":{"rendered":"<p>F\u00f6lj med oss p\u00e5 v\u00e5r resa f\u00f6r att utforska och utveckla sambandet mellan djur och mags\u00e5r.<\/p>","protected":false},"featured_media":338788,"template":"","meta":{"_acf_changed":false,"_seopress_robots_primary_cat":"none","_seopress_titles_title":"Fundamentals of equine and canine skeleton.","_seopress_titles_desc":"","_seopress_robots_index":""},"product_brand":[],"product_cat":[101],"product_tag":[],"class_list":{"0":"post-338787","1":"product","2":"type-product","3":"status-publish","4":"has-post-thumbnail","6":"product_cat-ticket","8":"first","9":"instock","10":"virtual","11":"taxable","12":"purchasable","13":"product-type-simple"},"bundled_by":[],"bundle_stock_status":"instock","bundle_stock_quantity":null,"bundle_virtual":false,"bundle_layout":"","bundle_add_to_cart_form_location":"","bundle_editable_in_cart":false,"bundle_sold_individually_context":"","bundle_item_grouping":"","bundle_min_size":"","bundle_max_size":"","bundle_price":[],"bundled_items":[],"bundle_sell_ids":[],"acf":[],"_links":{"self":[{"href":"https:\/\/www.qxworld.eu\/sv\/wp-json\/wp\/v2\/product\/338787","targetHints":{"allow":["GET"]}}],"collection":[{"href":"https:\/\/www.qxworld.eu\/sv\/wp-json\/wp\/v2\/product"}],"about":[{"href":"https:\/\/www.qxworld.eu\/sv\/wp-json\/wp\/v2\/types\/product"}],"wp:featuredmedia":[{"embeddable":true,"href":"https:\/\/www.qxworld.eu\/sv\/wp-json\/wp\/v2\/media\/338788"}],"wp:attachment":[{"href":"https:\/\/www.qxworld.eu\/sv\/wp-json\/wp\/v2\/media?parent=338787"}],"wp:term":[{"taxonomy":"product_brand","embeddable":true,"href":"https:\/\/www.qxworld.eu\/sv\/wp-json\/wp\/v2\/product_brand?post=338787"},{"taxonomy":"product_cat","embeddable":true,"href":"https:\/\/www.qxworld.eu\/sv\/wp-json\/wp\/v2\/product_cat?post=338787"},{"taxonomy":"product_tag","embeddable":true,"href":"https:\/\/www.qxworld.eu\/sv\/wp-json\/wp\/v2\/product_tag?post=338787"}],"curies":[{"name":"wp","href":"https:\/\/api.w.org\/{rel}","templated":true}]}}