{"id":345819,"date":"2025-09-15T11:24:19","date_gmt":"2025-09-15T09:24:19","guid":{"rendered":"https:\/\/www.qxworld.eu\/?post_type=product&#038;p=345819"},"modified":"2025-09-15T11:24:52","modified_gmt":"2025-09-15T09:24:52","slug":"anatomi-fysiologi-patologi-2","status":"publish","type":"product","link":"https:\/\/www.qxworld.eu\/sv\/product\/anatomy-physiology-pathology\/","title":{"rendered":"Anatomi, fysiologi, patologi"},"content":{"rendered":"<p>Denna omfattande onlinekurs med Carol Wilcock i Human Anatomy, Physiology and Pathology t\u00e4cker alla st\u00f6rre kroppssystem och vanliga tillst\u00e5nd. Den \u00e4r speciellt utformad f\u00f6r biofeedback-ut\u00f6vare som s\u00f6ker en djupare f\u00f6rst\u00e5else f\u00f6r den fysiska dimensionen. Med tydliga f\u00f6rklaringar, rika visuella resurser och den extra f\u00f6rdelen med Carols expertinsikt kommer denna kurs att ut\u00f6ka din kunskap och \u00f6ka ditt f\u00f6rtroende f\u00f6r att arbeta med kroppen.<\/p>","protected":false},"excerpt":{"rendered":"<p>This comprehensive online course with Carol Wilcock in Human Anatomy, Physiology, and Pathology covers all major body systems and common conditions. It is specially designed for biofeedback practitioners seeking a deeper understanding of the physical dimension. With clear explanations, rich visual resources, and the added benefit of Carol\u2019s expert insight, this course will expand your [&hellip;]<\/p>\n","protected":false},"featured_media":340712,"template":"","meta":{"_acf_changed":false,"_seopress_robots_primary_cat":"none","_seopress_titles_title":"","_seopress_titles_desc":"","_seopress_robots_index":"","_seopress_analysis_target_kw":""},"product_brand":[],"product_cat":[57],"product_tag":[],"class_list":{"0":"post-345819","1":"product","2":"type-product","3":"status-publish","4":"has-post-thumbnail","6":"product_cat-courses","8":"first","9":"instock","10":"taxable","11":"shipping-taxable","12":"purchasable","13":"product-type-simple"},"bundled_by":[],"bundle_stock_status":"instock","bundle_stock_quantity":null,"bundle_virtual":false,"bundle_layout":"","bundle_add_to_cart_form_location":"","bundle_editable_in_cart":false,"bundle_sold_individually_context":"","bundle_item_grouping":"","bundle_min_size":"","bundle_max_size":"","bundle_price":[],"bundled_items":[],"bundle_sell_ids":[],"acf":[],"_links":{"self":[{"href":"https:\/\/www.qxworld.eu\/sv\/wp-json\/wp\/v2\/product\/345819","targetHints":{"allow":["GET"]}}],"collection":[{"href":"https:\/\/www.qxworld.eu\/sv\/wp-json\/wp\/v2\/product"}],"about":[{"href":"https:\/\/www.qxworld.eu\/sv\/wp-json\/wp\/v2\/types\/product"}],"wp:featuredmedia":[{"embeddable":true,"href":"https:\/\/www.qxworld.eu\/sv\/wp-json\/wp\/v2\/media\/340712"}],"wp:attachment":[{"href":"https:\/\/www.qxworld.eu\/sv\/wp-json\/wp\/v2\/media?parent=345819"}],"wp:term":[{"taxonomy":"product_brand","embeddable":true,"href":"https:\/\/www.qxworld.eu\/sv\/wp-json\/wp\/v2\/product_brand?post=345819"},{"taxonomy":"product_cat","embeddable":true,"href":"https:\/\/www.qxworld.eu\/sv\/wp-json\/wp\/v2\/product_cat?post=345819"},{"taxonomy":"product_tag","embeddable":true,"href":"https:\/\/www.qxworld.eu\/sv\/wp-json\/wp\/v2\/product_tag?post=345819"}],"curies":[{"name":"wp","href":"https:\/\/api.w.org\/{rel}","templated":true}]}}