{"id":365133,"date":"2026-02-11T11:01:54","date_gmt":"2026-02-11T10:01:54","guid":{"rendered":"https:\/\/www.qxworld.eu\/?post_type=product&#038;p=365133"},"modified":"2026-02-11T11:08:43","modified_gmt":"2026-02-11T10:08:43","slug":"tillbaka-till-grunderna-homeopati-och-holistisk-vard-del-5","status":"publish","type":"product","link":"https:\/\/www.qxworld.eu\/sv\/product\/back-to-basics-homeopathy-and-holistic-care-part-5\/","title":{"rendered":"Tillbaka till grunderna: Homeopati och holistisk v\u00e5rd - del 5."},"content":{"rendered":"<p>Sk\u00e4r igenom bruset - \u00e5terg\u00e5 till l\u00e4kning p\u00e5 rotniv\u00e5 med homeopati och holistisk v\u00e5rd.<\/p>\n<p>Observera att du m\u00e5ste ha ett registrerat Zoom-konto f\u00f6r att kunna delta i detta webbseminarium. Du kan registrera dig <a href=\"https:\/\/zoom.us\/signup\" data-type=\"link\" data-id=\"https:\/\/zoom.us\/signup\"><strong>here<\/strong><\/a>. Observera ocks\u00e5 att registreringen av webbseminariet kommer att stoppas 30 minuter f\u00f6re planerad start.<\/p>","protected":false},"excerpt":{"rendered":"<p>Sk\u00e4r igenom bruset - \u00e5terg\u00e5 till l\u00e4kning p\u00e5 rotniv\u00e5 med homeopati och holistisk v\u00e5rd. Observera att du m\u00e5ste ha ett registrerat Zoom-konto f\u00f6r att kunna delta i detta webinar. Du kan registrera dig h\u00e4r. Observera ocks\u00e5 att registreringen av webbseminariet kommer att stoppas 30 minuter f\u00f6re planerad start.<\/p>","protected":false},"featured_media":365113,"template":"","meta":{"_acf_changed":false,"_seopress_robots_primary_cat":"none","_seopress_titles_title":"","_seopress_titles_desc":"","_seopress_robots_index":""},"product_brand":[],"product_cat":[101],"product_tag":[],"class_list":{"0":"post-365133","1":"product","2":"type-product","3":"status-publish","4":"has-post-thumbnail","6":"product_cat-ticket","8":"first","9":"instock","10":"virtual","11":"taxable","12":"purchasable","13":"product-type-simple"},"bundled_by":[],"bundle_stock_status":"instock","bundle_stock_quantity":null,"bundle_virtual":false,"bundle_layout":"","bundle_add_to_cart_form_location":"","bundle_editable_in_cart":false,"bundle_sold_individually_context":"","bundle_item_grouping":"","bundle_min_size":"","bundle_max_size":"","bundle_price":[],"bundled_items":[],"bundle_sell_ids":[],"acf":[],"_links":{"self":[{"href":"https:\/\/www.qxworld.eu\/sv\/wp-json\/wp\/v2\/product\/365133","targetHints":{"allow":["GET"]}}],"collection":[{"href":"https:\/\/www.qxworld.eu\/sv\/wp-json\/wp\/v2\/product"}],"about":[{"href":"https:\/\/www.qxworld.eu\/sv\/wp-json\/wp\/v2\/types\/product"}],"wp:featuredmedia":[{"embeddable":true,"href":"https:\/\/www.qxworld.eu\/sv\/wp-json\/wp\/v2\/media\/365113"}],"wp:attachment":[{"href":"https:\/\/www.qxworld.eu\/sv\/wp-json\/wp\/v2\/media?parent=365133"}],"wp:term":[{"taxonomy":"product_brand","embeddable":true,"href":"https:\/\/www.qxworld.eu\/sv\/wp-json\/wp\/v2\/product_brand?post=365133"},{"taxonomy":"product_cat","embeddable":true,"href":"https:\/\/www.qxworld.eu\/sv\/wp-json\/wp\/v2\/product_cat?post=365133"},{"taxonomy":"product_tag","embeddable":true,"href":"https:\/\/www.qxworld.eu\/sv\/wp-json\/wp\/v2\/product_tag?post=365133"}],"curies":[{"name":"wp","href":"https:\/\/api.w.org\/{rel}","templated":true}]}}