{"id":87126,"date":"2022-01-06T14:24:42","date_gmt":"2022-01-06T12:24:42","guid":{"rendered":"https:\/\/www.qxworld.eu\/product\/nutrition-profile-for-all-etelka-anebtawi"},"modified":"2022-01-28T19:33:13","modified_gmt":"2022-01-28T17:33:13","slug":"nutrition-profile-for-all-etelka-anebtawi-2","status":"publish","type":"product","link":"https:\/\/www.qxworld.eu\/sv\/product\/nutrition-profile-for-all-etelka-anebtawi\/","title":{"rendered":"NUTRITION PROFILE FOR ALL \u2013 ETELKA ANEBTAWI"},"content":{"rendered":"<p>Event Ticket<\/p>","protected":false},"excerpt":{"rendered":"<p><span style=\"font-weight: 400;\">\u00c4ven om du kanske vet att neds\u00e4ttningar i v\u00e5rt matsm\u00e4ltningssystem ansvarar f\u00f6r en m\u00e4ngd komplexa h\u00e4lsoproblem, kan det inte nog s\u00e4gas hur viktigt det \u00e4r att observera sambanden mellan stressorer och (bristen p\u00e5) r\u00e4tt n\u00e4ring!\u00a0<\/span><\/p>\n<p><span style=\"font-weight: 400;\">For our next webinar, please welcome Etelka Anebtawi, who will guide you through the OMNIS-pathway with a heavy focus on nutrition, and will help unravel the hidden correlations and causes between stressors and the endocrine and digestive systems.\u00a0<\/span><\/p>\n<p><span style=\"font-weight: 400;\">Att observera dessa orsakssamband och samband genom biofeedbacksessioner har aldrig varit viktigare, och vi \u00e4r \u00f6vertygade om att Etelkas expertis med v\u00e5ra plattformar kommer att ge dig nya och unika kunskaper om vad du kan uppn\u00e5 med dina klienter.<\/span><\/p>\n<p><span style=\"font-weight: 400;\">Being healthy is our common goal, both for you and your clients, so as a fellow QXstrian, you should definitely join us on January 18 at 5 pm CET!<\/span><\/p>","protected":false},"featured_media":86540,"template":"","meta":{"_acf_changed":false,"_seopress_robots_primary_cat":"57","_seopress_titles_title":"","_seopress_titles_desc":"","_seopress_robots_index":""},"product_brand":[],"product_cat":[57],"product_tag":[],"class_list":{"0":"post-87126","1":"product","2":"type-product","3":"status-publish","4":"has-post-thumbnail","6":"product_cat-courses","8":"first","9":"instock","10":"virtual","11":"sold-individually","12":"taxable","13":"purchasable","14":"product-type-simple"},"bundled_by":[],"bundle_stock_status":"instock","bundle_stock_quantity":null,"bundle_virtual":false,"bundle_layout":"","bundle_add_to_cart_form_location":"","bundle_editable_in_cart":false,"bundle_sold_individually_context":"","bundle_item_grouping":"","bundle_min_size":"","bundle_max_size":"","bundle_price":[],"bundled_items":[],"bundle_sell_ids":[],"acf":[],"_links":{"self":[{"href":"https:\/\/www.qxworld.eu\/sv\/wp-json\/wp\/v2\/product\/87126","targetHints":{"allow":["GET"]}}],"collection":[{"href":"https:\/\/www.qxworld.eu\/sv\/wp-json\/wp\/v2\/product"}],"about":[{"href":"https:\/\/www.qxworld.eu\/sv\/wp-json\/wp\/v2\/types\/product"}],"wp:featuredmedia":[{"embeddable":true,"href":"https:\/\/www.qxworld.eu\/sv\/wp-json\/wp\/v2\/media\/86540"}],"wp:attachment":[{"href":"https:\/\/www.qxworld.eu\/sv\/wp-json\/wp\/v2\/media?parent=87126"}],"wp:term":[{"taxonomy":"product_brand","embeddable":true,"href":"https:\/\/www.qxworld.eu\/sv\/wp-json\/wp\/v2\/product_brand?post=87126"},{"taxonomy":"product_cat","embeddable":true,"href":"https:\/\/www.qxworld.eu\/sv\/wp-json\/wp\/v2\/product_cat?post=87126"},{"taxonomy":"product_tag","embeddable":true,"href":"https:\/\/www.qxworld.eu\/sv\/wp-json\/wp\/v2\/product_tag?post=87126"}],"curies":[{"name":"wp","href":"https:\/\/api.w.org\/{rel}","templated":true}]}}